{"id":94,"date":"2021-01-18T13:36:19","date_gmt":"2021-01-18T13:36:19","guid":{"rendered":"http:\/\/amicc.az\/?page_id=94"},"modified":"2021-01-27T14:36:30","modified_gmt":"2021-01-27T14:36:30","slug":"idar%c9%99-heyy%c9%99ti","status":"publish","type":"page","link":"https:\/\/amicc.az\/?page_id=94","title":{"rendered":"\u0130dar\u0259 heyy\u0259ti"},"content":{"rendered":"\n<div class=\"wp-block-group alignwide\"><div class=\"wp-block-group__inner-container is-layout-flow wp-block-group-is-layout-flow\">\n<div class=\"wp-block-media-text alignwide is-stacked-on-mobile\" style=\"grid-template-columns:15% auto\"><figure class=\"wp-block-media-text__media\"><img loading=\"lazy\" decoding=\"async\" width=\"1024\" height=\"720\" src=\"http:\/\/amicc.az\/wp-content\/uploads\/2021\/01\/IMG_0352-2-1024x720.jpg\" alt=\"\" class=\"wp-image-95 size-full\" srcset=\"https:\/\/amicc.az\/wp-content\/uploads\/2021\/01\/IMG_0352-2-1024x720.jpg 1024w, https:\/\/amicc.az\/wp-content\/uploads\/2021\/01\/IMG_0352-2-235x164.jpg 235w\" sizes=\"(max-width: 1024px) 100vw, 1024px\" \/><\/figure><div class=\"wp-block-media-text__content\">\n<p>Prezident &#8211; <strong>Prof. Qurbanxan M\u00fcsl\u00fcmov<\/strong> <\/p>\n\n\n\n<p> M.Top\u00e7uba\u015fov ad\u0131na Elmi C\u0259rrahiyy\u0259 M\u0259rk\u0259zinin koloproktologiya \u015f\u00f6b\u0259sinin r\u0259hb\u0259ri                     <\/p>\n\n\n\n<p>\u018f.\u018fliyev ad\u0131na Az\u0259rbaycan D\u00f6vl\u0259t H\u0259kiml\u0259ri \u0130nstitunun professoru<\/p>\n\n\n\n<p><\/p>\n<\/div><\/div>\n\n\n\n<p><\/p>\n\n\n\n<p><\/p>\n<\/div><\/div>\n\n\n\n<div class=\"wp-block-media-text alignwide is-stacked-on-mobile\" style=\"grid-template-columns:15% auto\"><figure class=\"wp-block-media-text__media\"><img loading=\"lazy\" decoding=\"async\" width=\"1024\" height=\"720\" src=\"http:\/\/amicc.az\/wp-content\/uploads\/2021\/01\/im-2-1024x720.jpg\" alt=\"\" class=\"wp-image-101 size-full\" srcset=\"https:\/\/amicc.az\/wp-content\/uploads\/2021\/01\/im-2-1024x720.jpg 1024w, https:\/\/amicc.az\/wp-content\/uploads\/2021\/01\/im-2-235x164.jpg 235w\" sizes=\"(max-width: 1024px) 100vw, 1024px\" \/><\/figure><div class=\"wp-block-media-text__content\">\n<p>1-ci Vitse Prezident &#8211;<strong> Prof.<\/strong> <strong>\u0130slam Mahalov<\/strong><\/p>\n\n\n\n<p>\u0130.M.Se\u00e7enov ad\u0131na I Moskva D\u00f6vl\u0259t Tibb Universitetinin Bak\u0131 filial\u0131n\u0131n Mamal\u0131q v\u0259 Ginekologiya \u015f\u00f6b\u0259sinin m\u00fcdiri, Az\u0259rbaycan Tibb Universitetinin Mamal\u0131q-Ginekologiya kafedras\u0131n\u0131n Professoru, AMEA-n\u0131n professoru<\/p>\n<\/div><\/div>\n\n\n\n<p><\/p>\n\n\n\n<p><\/p>\n\n\n\n<div class=\"wp-block-media-text alignwide is-stacked-on-mobile\" style=\"grid-template-columns:15% auto\"><figure class=\"wp-block-media-text__media\"><img loading=\"lazy\" decoding=\"async\" width=\"1024\" height=\"720\" src=\"http:\/\/amicc.az\/wp-content\/uploads\/2021\/01\/ahmet-1024x720.jpg\" alt=\"\" class=\"wp-image-106 size-full\" srcset=\"https:\/\/amicc.az\/wp-content\/uploads\/2021\/01\/ahmet-1024x720.jpg 1024w, https:\/\/amicc.az\/wp-content\/uploads\/2021\/01\/ahmet-235x164.jpg 235w\" sizes=\"(max-width: 1024px) 100vw, 1024px\" \/><\/figure><div class=\"wp-block-media-text__content\">\n<p>Vitse Prezident &#8211;<strong> Prof. Ahmet Memi\u015f<\/strong><\/p>\n\n\n\n<p>Diaqnostik v\u0259 \u0130nvaziv Radiologiya m\u00fct\u0259x\u0259ssisi Respublika Diaqnostik-M\u00fcalice M\u0259rk\u0259zi Radiologiya \u015f\u00f6b\u0259sinin koordinatoru<\/p>\n<\/div><\/div>\n\n\n\n<p><\/p>\n\n\n\n<p><\/p>\n\n\n\n<div class=\"wp-block-media-text alignwide is-stacked-on-mobile\" style=\"grid-template-columns:16% auto\"><figure class=\"wp-block-media-text__media\"><img loading=\"lazy\" decoding=\"async\" width=\"1024\" height=\"720\" src=\"http:\/\/amicc.az\/wp-content\/uploads\/2021\/01\/Emil-Mukhtarov--1024x720.jpg\" alt=\"\" class=\"wp-image-107 size-full\" srcset=\"https:\/\/amicc.az\/wp-content\/uploads\/2021\/01\/Emil-Mukhtarov--1024x720.jpg 1024w, https:\/\/amicc.az\/wp-content\/uploads\/2021\/01\/Emil-Mukhtarov--235x164.jpg 235w\" sizes=\"(max-width: 1024px) 100vw, 1024px\" \/><\/figure><div class=\"wp-block-media-text__content\">\n<p>Vitse Prezident &#8211; <strong>Phd. Emil Muxtarov<\/strong><\/p>\n\n\n\n<p>Bak\u0131 Sa\u011flaml\u0131q M\u0259rk\u0259zinin h\u0259kim Uroloqu<\/p>\n<\/div><\/div>\n\n\n\n<p><\/p>\n\n\n\n<p><\/p>\n\n\n\n<div class=\"wp-block-media-text alignwide is-stacked-on-mobile\" style=\"grid-template-columns:16% auto\"><figure class=\"wp-block-media-text__media\"><img loading=\"lazy\" decoding=\"async\" width=\"1024\" height=\"720\" src=\"http:\/\/amicc.az\/wp-content\/uploads\/2021\/01\/zaur-1-1024x720.jpg\" alt=\"\" class=\"wp-image-109 size-full\" srcset=\"https:\/\/amicc.az\/wp-content\/uploads\/2021\/01\/zaur-1-1024x720.jpg 1024w, https:\/\/amicc.az\/wp-content\/uploads\/2021\/01\/zaur-1-235x164.jpg 235w\" sizes=\"(max-width: 1024px) 100vw, 1024px\" \/><\/figure><div class=\"wp-block-media-text__content\">\n<p>Vitse Prezident &#8211; <strong>Phd. Zaur X\u0259lilov<\/strong><\/p>\n\n\n\n<p>M\u0259rk\u0259zi Klinikan\u0131n \u00dcmumi C\u0259rrahiyy\u0259 \u015f\u00f6b\u0259sinin ba\u015f h\u0259kim m\u00fcavini<\/p>\n<\/div><\/div>\n\n\n\n<p><\/p>\n\n\n\n<p><\/p>\n\n\n\n<div class=\"wp-block-media-text alignwide is-stacked-on-mobile\" style=\"grid-template-columns:17% auto\"><figure class=\"wp-block-media-text__media\"><img loading=\"lazy\" decoding=\"async\" width=\"1024\" height=\"720\" src=\"http:\/\/amicc.az\/wp-content\/uploads\/2021\/01\/i6903-1024x720.jpg\" alt=\"\" class=\"wp-image-430 size-full\" srcset=\"https:\/\/amicc.az\/wp-content\/uploads\/2021\/01\/i6903-1024x720.jpg 1024w, https:\/\/amicc.az\/wp-content\/uploads\/2021\/01\/i6903-235x164.jpg 235w\" sizes=\"(max-width: 1024px) 100vw, 1024px\" \/><\/figure><div class=\"wp-block-media-text__content\">\n<p>F\u0259xri Prezident &#8211; <strong>Prof.<\/strong> <strong>Gerasim R\u00fcst\u0259mov<\/strong><\/p>\n<\/div><\/div>\n\n\n\n<p><\/p>\n\n\n\n<p><\/p>\n\n\n\n<p><\/p>\n\n\n\n<div class=\"wp-block-media-text alignwide is-stacked-on-mobile\" style=\"grid-template-columns:20% auto\"><figure class=\"wp-block-media-text__media\"><img loading=\"lazy\" decoding=\"async\" width=\"1024\" height=\"720\" src=\"http:\/\/amicc.az\/wp-content\/uploads\/2021\/01\/3193137-1024x720.jpg\" alt=\"\" class=\"wp-image-480 size-full\" srcset=\"https:\/\/amicc.az\/wp-content\/uploads\/2021\/01\/3193137-1024x720.jpg 1024w, https:\/\/amicc.az\/wp-content\/uploads\/2021\/01\/3193137-235x164.jpg 235w\" sizes=\"(max-width: 1024px) 100vw, 1024px\" \/><\/figure><div class=\"wp-block-media-text__content\">\n<p>F\u0259xri Prezident &#8211; <strong>Surxay Had\u0131yev<\/strong><\/p>\n\n\n\n<p><\/p>\n<\/div><\/div>\n\n\n\n<p><\/p>\n\n\n\n<p><\/p>\n\n\n\n<div class=\"wp-block-media-text alignwide is-stacked-on-mobile\" style=\"grid-template-columns:19% auto\"><figure class=\"wp-block-media-text__media\"><img loading=\"lazy\" decoding=\"async\" width=\"1024\" height=\"720\" src=\"http:\/\/amicc.az\/wp-content\/uploads\/2021\/01\/DSC01251-2-1024x720.jpg\" alt=\"\" class=\"wp-image-432 size-full\" srcset=\"https:\/\/amicc.az\/wp-content\/uploads\/2021\/01\/DSC01251-2-1024x720.jpg 1024w, https:\/\/amicc.az\/wp-content\/uploads\/2021\/01\/DSC01251-2-235x164.jpg 235w\" sizes=\"(max-width: 1024px) 100vw, 1024px\" \/><\/figure><div class=\"wp-block-media-text__content\">\n<p class=\"has-normal-font-size\">Ba\u015f katib &#8211; <strong>Dr. V\u00fcqar Behbudov<\/strong><\/p>\n\n\n\n<p>M.Top\u00e7uba\u015fov ad\u0131na Elmi C\u0259rrahiyy\u0259 M\u0259rk\u0259zinin \u00dcmumi C\u0259rrah\u0131<\/p>\n<\/div><\/div>\n\n\n\n<h2 class=\"wp-block-heading\">            <\/h2>\n\n\n\n<p><\/p>\n\n\n\n<p><\/p>\n\n\n\n<p><\/p>\n\n\n\n<p><\/p>\n\n\n\n<p><\/p>\n\n\n\n<p><\/p>\n\n\n\n<hr class=\"wp-block-separator\"\/>\n\n\n\n<p><\/p>\n\n\n\n<p><\/p>\n\n\n\n<h2 class=\"has-text-align-center wp-block-heading\">               <\/h2>\n\n\n\n<p><\/p>\n\n\n\n<p><\/p>\n\n\n\n<p><\/p>\n\n\n\n<h2 class=\"has-text-align-center wp-block-heading\">    <strong> \u0130dar\u0259 heyy\u0259tinin \u00fczvl\u0259ri<\/strong><\/h2>\n\n\n\n<p>Phd. \u018fli Allahverdiyev &#8211; <strong>\u0130dar\u0259 heyy\u0259tinin s\u0259dri<\/strong><\/p>\n\n\n\n<p>Prof. K\u0259nan Yusifzad\u0259 <\/p>\n\n\n\n<p>Prof. P\u0259rviz Abbasov<\/p>\n\n\n\n<p>Phd. Fuad Quliyev<\/p>\n\n\n\n<p>Phd. Yusif \u018fliyarov<\/p>\n\n\n\n<p>Phd. Mirc\u0259lal Kaz\u0131mi<\/p>\n\n\n\n<p>Phd. F\u0259rid R\u0259fiyev<\/p>\n\n\n\n<p>Phd. Taryel \u00d6m\u0259rov<\/p>\n\n\n\n<p>Phd. Turab Canbax\u0131\u015fov<\/p>\n\n\n\n<p>Dr. Elmir \u018fsg\u0259rov<\/p>\n\n\n\n<p>Dr. \u0130lqar \u0130smay\u0131lov<\/p>\n\n\n\n<p><\/p>\n","protected":false},"excerpt":{"rendered":"<p>Prezident &#8211; Prof. Qurbanxan M\u00fcsl\u00fcmov M.Top\u00e7uba\u015fov ad\u0131na Elmi C\u0259rrahiyy\u0259 M\u0259rk\u0259zinin koloproktologiya \u015f\u00f6b\u0259sinin r\u0259hb\u0259ri \u018f.\u018fliyev ad\u0131na Az\u0259rbaycan D\u00f6vl\u0259t H\u0259kiml\u0259ri \u0130nstitunun professoru 1-ci Vitse Prezident &#8211; Prof. \u0130slam Mahalov \u0130.M.Se\u00e7enov ad\u0131na I Moskva D\u00f6vl\u0259t Tibb Universitetinin Bak\u0131 filial\u0131n\u0131n Mamal\u0131q v\u0259 Ginekologiya \u015f\u00f6b\u0259sinin m\u00fcdiri, Az\u0259rbaycan Tibb Universitetinin Mamal\u0131q-Ginekologiya kafedras\u0131n\u0131n Professoru, AMEA-n\u0131n professoru Vitse Prezident &#8211; Prof. Ahmet Memi\u015f [&hellip;]<\/p>\n","protected":false},"author":2,"featured_media":0,"parent":0,"menu_order":0,"comment_status":"closed","ping_status":"closed","template":"","meta":{"ngg_post_thumbnail":0,"footnotes":""},"_links":{"self":[{"href":"https:\/\/amicc.az\/index.php?rest_route=\/wp\/v2\/pages\/94"}],"collection":[{"href":"https:\/\/amicc.az\/index.php?rest_route=\/wp\/v2\/pages"}],"about":[{"href":"https:\/\/amicc.az\/index.php?rest_route=\/wp\/v2\/types\/page"}],"author":[{"embeddable":true,"href":"https:\/\/amicc.az\/index.php?rest_route=\/wp\/v2\/users\/2"}],"replies":[{"embeddable":true,"href":"https:\/\/amicc.az\/index.php?rest_route=%2Fwp%2Fv2%2Fcomments&post=94"}],"version-history":[{"count":28,"href":"https:\/\/amicc.az\/index.php?rest_route=\/wp\/v2\/pages\/94\/revisions"}],"predecessor-version":[{"id":482,"href":"https:\/\/amicc.az\/index.php?rest_route=\/wp\/v2\/pages\/94\/revisions\/482"}],"wp:attachment":[{"href":"https:\/\/amicc.az\/index.php?rest_route=%2Fwp%2Fv2%2Fmedia&parent=94"}],"curies":[{"name":"wp","href":"https:\/\/api.w.org\/{rel}","templated":true}]}}