{"id":849,"date":"2021-10-27T08:58:59","date_gmt":"2021-10-27T08:58:59","guid":{"rendered":"http:\/\/amicc.az\/?page_id=849"},"modified":"2021-10-29T11:36:12","modified_gmt":"2021-10-29T11:36:12","slug":"lazer-proktologiya-treyninq-kursu-22-24-oktyabr","status":"publish","type":"page","link":"https:\/\/amicc.az\/?page_id=849","title":{"rendered":"Lazer Proktologiya Treyninq Kursu (22-24 oktyabr)"},"content":{"rendered":"\n<p>M\u0259lum oldu\u011fu kimi Az\u0259rbaycan Minimal \u0130nvaziv C\u0259rrahlar C\u0259miyy\u0259ti v\u0259 Almaz Akademie Tibbi Treyninq M\u0259rk\u0259zi t\u0259r\u0259find\u0131\u0259n Almaniyan\u0131n Biolitek Lazer \u015firk\u0259tinin d\u0259st\u0259yi il\u0259 Prof. Qurbanxan M\u00fcsl\u00fcmovun r\u0259hb\u0259rliyi alt\u0131nda Lazer Proktologiya Treyninq Kursu v\u0259 ustad d\u0259rsl\u0259ri ba\u015fa \u00e7atm\u0131\u015fd\u0131r. T\u0259dbirin ilk g\u00fcn\u00fc a\u00e7\u0131l\u0131\u015f m\u0259rasimi Top\u00e7uba\u015fov ad. Elmi C\u0259rrahiyy\u0259 M\u0259rk\u0259zind\u0259 hibrid formada onlayn v\u0259 \u0259yani i\u015ftirak\u00e7\u0131lar \u00fc\u00e7\u00fcn t\u0259\u015fkil edilmi\u015fdir. T\u0259dbirin ilk g\u00fcn\u00fc 3 m\u0259ruz\u0259 dinl\u0259nilmi\u015fdir.1. Armands Lapins \u201cC\u0259rrahiyy\u0259d\u0259 Biolitec Lazer Texnologiyas\u0131n\u0131n t\u0259tbiqi.2. Prof. Qurbanxan M\u00fcsl\u00fcmov \u201cProktologiyada lazer texnologiyalar\u0131n\u0131n t\u0259tbiqi: Bug\u00fcnk\u00fc reall\u0131qlar v\u0259 perspektivl\u0259r\u201d3. Dr. Abbasov Ayxan \u201cProktologiyada lazer texnologiyas\u0131n\u0131n yeri\u201dBu m\u0259ruz\u0259l\u0259r zaman\u0131 m\u00fcasir lazer c\u0259rrahiyy\u0259sinin \u0259sas prinsipl\u0259ri, tarixi, bu g\u00fcn\u00fc v\u0259 perspektivl\u0259ri haqq\u0131nda , x\u00fcsusil\u0259 Proktologiyada lazer texnologiyalar\u0131n\u0131n t\u0259tbiqi haqq\u0131nda geni\u015f m\u0259lumat verilmi\u015f v\u0259 elmi diskussiyalar ke\u00e7irilmi\u015fdir. Diod lazerin x\u00fcsusi il\u0259 d\u0259 Almaniyan\u0131n Biolitec Tibbi Lazer \u015firk\u0259tinin istehsal\u0131 olan LEONARDO lazer cihaz\u0131n\u0131n i\u015f prinsipl\u0259ri, canl\u0131 toxuma \u00fcz\u0259rind\u0259 effektivliyi v\u0259 t\u0259sir mexanizmi i\u015ftirak\u00e7\u0131lara \u0259yani olaraq numayi\u015f etdirilmi\u015fdir. Sonda m\u00f6vzular \u0259traf\u0131nda interaktiv m\u00fczakir\u0259l\u0259r apar\u0131lmi\u015fd\u0131r. T\u0259dbirin a\u00e7\u0131l\u0131\u015f hiss\u0259si gotowebinar proqram\u0131 \u00fcz\u0259rind\u0259n y\u00fczl\u0259rl\u0259 i\u015ftirak\u00e7\u0131 \u00fc\u00e7\u00fcn onlayn translyasiya edilmi\u015fdir. T\u0259dbirin n\u00f6vb\u0259ti 2 g\u00fcn\u00fc 23-24 tarixl\u0259rind\u0259 ,g\u00fcn\u00fcn birinci yar\u0131s\u0131 x\u00fcsusi simulyatorlar \u00fcz\u0259rind\u0259 heyvan orqanlar\u0131ndan haz\u0131rlanm\u0131\u015f modell\u0259r \u00fcz\u0259rind\u0259 i\u015ftirak\u00e7\u0131lar diod lazerin canl\u0131 toxumaya t\u0259sir mexanizmini, hemorrodial d\u00fcy\u00fcn modeli \u00fcz\u0259rind\u0259 lazer hemorroidoplastika \u0259m\u0259liyyat\u0131n\u0131n texnikas\u0131na yiy\u0259l\u0259nmi\u015f , lazerin toxuma il\u0259 interaktiv m\u00fcnasib\u0259ti haqq\u0131nda onlara \u0259yani m\u0259lumatlar verilmi\u015fdir. H\u0259r bir i\u015ftirak\u00e7\u0131 model \u00fcz\u0259rind\u0259 lazer hemorroidoplastika \u0259m\u0259liyyat\u0131n\u0131 icra etmi\u015f v\u0259 onun texnikas\u0131na yiy\u0259l\u0259nmi\u015fdir.T\u0259dbirin ikinci hiss\u0259sind\u0259 is\u0259 ustad d\u0259rsl\u0259ri t\u0259\u015fkil edilmi\u015f v\u0259 x\u0259st\u0259l\u0259r \u00fcz\u0259rind\u0259 lazer hemoroidoplastika v\u0259 anal fistula yolunun ablasiyas\u0131 \u0259m\u0259liyyatlar\u0131 icra edilmi\u015f, \u0259m\u0259liyyat\u0131n texniki m\u0259qamlar\u0131. g\u00f6st\u0259ri\u015fl\u0259r, \u0259ks-g\u00f6st\u0259ri\u015fl\u0259r, \u0259m\u0259liyyat zaman\u0131 ba\u015f ver\u0259 bil\u0259c\u0259k f\u0259sadlar onlar\u0131n profilaktikas\u0131 yollar\u0131 haqq\u0131nda i\u015ftirak\u00e7\u0131lara \u0259trafl\u0131 m\u0259lumat verilmi\u015fdir. T\u0259dbirin sonunda b\u00fct\u00fcn i\u015ftirak\u00e7\u0131lara Avropada tan\u0131nm\u0131\u015f beyn\u0259lxalq statuslu sertifikatlar t\u0259qdim edilmi\u015fdir. N\u0259z\u0259riniz\u0259 \u00e7atd\u0131r\u0131r\u0131q ki, bu ilin sonuna q\u0259d\u0259r daha bir ox\u015far treyninq kurslar\u0131 t\u0259\u015fkil edil\u0259c\u0259k . Bu bar\u0259d\u0259 anonslar \u00f6nc\u0259d\u0259n Almaz Akademie Tibbi Treyninq M\u0259rk\u0259zinin sayt\u0131nda yerl\u0259\u015fdiril\u0259c\u0259k,Treyninql\u0259rin videox\u00fclas\u0259sini a\u015fa\u011f\u0131dak\u0131 linkd\u0259n izl\u0259y\u0259 bil\u0259rsiniz:<\/p>\n\n\n\n<figure class=\"wp-block-embed is-type-video is-provider-youtube wp-block-embed-youtube wp-embed-aspect-16-9 wp-has-aspect-ratio\"><div class=\"wp-block-embed__wrapper\">\n<div class='et_post_video'><iframe loading=\"lazy\" title=\"Laser Proctology Training Course\" width=\"1080\" height=\"608\" src=\"https:\/\/www.youtube.com\/embed\/_nro4jsy9ik?feature=oembed\" frameborder=\"0\" allow=\"accelerometer; autoplay; clipboard-write; encrypted-media; gyroscope; picture-in-picture\" allowfullscreen><\/iframe><\/div>\n<\/div><\/figure>\n\n\n\n<p><\/p>\n\n\n\n<figure class=\"wp-block-gallery columns-2 is-cropped wp-block-gallery-1 is-layout-flex wp-block-gallery-is-layout-flex\"><ul class=\"blocks-gallery-grid\"><li class=\"blocks-gallery-item\"><figure><img loading=\"lazy\" decoding=\"async\" width=\"552\" height=\"584\" src=\"http:\/\/amicc.az\/wp-content\/uploads\/2021\/10\/246186982_354529273114587_5541272350326932181_n.jpg\" alt=\"\" data-id=\"886\" data-full-url=\"http:\/\/amicc.az\/wp-content\/uploads\/2021\/10\/246186982_354529273114587_5541272350326932181_n.jpg\" data-link=\"http:\/\/amicc.az\/?attachment_id=886\" class=\"wp-image-886\" srcset=\"https:\/\/amicc.az\/wp-content\/uploads\/2021\/10\/246186982_354529273114587_5541272350326932181_n.jpg 552w, https:\/\/amicc.az\/wp-content\/uploads\/2021\/10\/246186982_354529273114587_5541272350326932181_n-181x192.jpg 181w, https:\/\/amicc.az\/wp-content\/uploads\/2021\/10\/246186982_354529273114587_5541272350326932181_n-155x164.jpg 155w\" sizes=\"(max-width: 552px) 100vw, 552px\" \/><\/figure><\/li><li class=\"blocks-gallery-item\"><figure><img loading=\"lazy\" decoding=\"async\" width=\"370\" height=\"592\" src=\"http:\/\/amicc.az\/wp-content\/uploads\/2021\/10\/246475207_354529209781260_5173894472281352300_n.jpg\" alt=\"\" data-id=\"887\" data-full-url=\"http:\/\/amicc.az\/wp-content\/uploads\/2021\/10\/246475207_354529209781260_5173894472281352300_n.jpg\" data-link=\"http:\/\/amicc.az\/?attachment_id=887\" class=\"wp-image-887\" srcset=\"https:\/\/amicc.az\/wp-content\/uploads\/2021\/10\/246475207_354529209781260_5173894472281352300_n.jpg 370w, https:\/\/amicc.az\/wp-content\/uploads\/2021\/10\/246475207_354529209781260_5173894472281352300_n-120x192.jpg 120w, https:\/\/amicc.az\/wp-content\/uploads\/2021\/10\/246475207_354529209781260_5173894472281352300_n-103x164.jpg 103w\" sizes=\"(max-width: 370px) 100vw, 370px\" \/><\/figure><\/li><\/ul><\/figure>\n\n\n\n<figure class=\"wp-block-gallery columns-3 is-cropped wp-block-gallery-2 is-layout-flex wp-block-gallery-is-layout-flex\"><ul class=\"blocks-gallery-grid\"><li class=\"blocks-gallery-item\"><figure><img loading=\"lazy\" decoding=\"async\" width=\"960\" height=\"720\" src=\"http:\/\/amicc.az\/wp-content\/uploads\/2021\/10\/247411463_1299668450446407_4883656567255530483_n-Kocur-960x720.jpg\" alt=\"\" data-id=\"851\" data-full-url=\"http:\/\/amicc.az\/wp-content\/uploads\/2021\/10\/247411463_1299668450446407_4883656567255530483_n-Kocur.jpg\" data-link=\"http:\/\/amicc.az\/?attachment_id=851\" class=\"wp-image-851\" srcset=\"https:\/\/amicc.az\/wp-content\/uploads\/2021\/10\/247411463_1299668450446407_4883656567255530483_n-Kocur-960x720.jpg 960w, https:\/\/amicc.az\/wp-content\/uploads\/2021\/10\/247411463_1299668450446407_4883656567255530483_n-Kocur-256x192.jpg 256w, https:\/\/amicc.az\/wp-content\/uploads\/2021\/10\/247411463_1299668450446407_4883656567255530483_n-Kocur-219x164.jpg 219w, https:\/\/amicc.az\/wp-content\/uploads\/2021\/10\/247411463_1299668450446407_4883656567255530483_n-Kocur-768x576.jpg 768w, https:\/\/amicc.az\/wp-content\/uploads\/2021\/10\/247411463_1299668450446407_4883656567255530483_n-Kocur-1536x1152.jpg 1536w, https:\/\/amicc.az\/wp-content\/uploads\/2021\/10\/247411463_1299668450446407_4883656567255530483_n-Kocur-1080x810.jpg 1080w, https:\/\/amicc.az\/wp-content\/uploads\/2021\/10\/247411463_1299668450446407_4883656567255530483_n-Kocur.jpg 2048w\" sizes=\"(max-width: 960px) 100vw, 960px\" \/><\/figure><\/li><li class=\"blocks-gallery-item\"><figure><img loading=\"lazy\" decoding=\"async\" width=\"1024\" height=\"640\" src=\"http:\/\/amicc.az\/wp-content\/uploads\/2021\/10\/5640B382-7F14-4CEE-A6F0-52AAAD1B76D5-1080x675-1-1024x640.jpeg\" alt=\"\" data-id=\"850\" data-full-url=\"http:\/\/amicc.az\/wp-content\/uploads\/2021\/10\/5640B382-7F14-4CEE-A6F0-52AAAD1B76D5-1080x675-1.jpeg\" data-link=\"http:\/\/amicc.az\/?attachment_id=850\" class=\"wp-image-850\" srcset=\"https:\/\/amicc.az\/wp-content\/uploads\/2021\/10\/5640B382-7F14-4CEE-A6F0-52AAAD1B76D5-1080x675-1-1024x640.jpeg 1024w, https:\/\/amicc.az\/wp-content\/uploads\/2021\/10\/5640B382-7F14-4CEE-A6F0-52AAAD1B76D5-1080x675-1-307x192.jpeg 307w, https:\/\/amicc.az\/wp-content\/uploads\/2021\/10\/5640B382-7F14-4CEE-A6F0-52AAAD1B76D5-1080x675-1-235x147.jpeg 235w, https:\/\/amicc.az\/wp-content\/uploads\/2021\/10\/5640B382-7F14-4CEE-A6F0-52AAAD1B76D5-1080x675-1-768x480.jpeg 768w, https:\/\/amicc.az\/wp-content\/uploads\/2021\/10\/5640B382-7F14-4CEE-A6F0-52AAAD1B76D5-1080x675-1-400x250.jpeg 400w, https:\/\/amicc.az\/wp-content\/uploads\/2021\/10\/5640B382-7F14-4CEE-A6F0-52AAAD1B76D5-1080x675-1.jpeg 1080w\" sizes=\"(max-width: 1024px) 100vw, 1024px\" \/><\/figure><\/li><li class=\"blocks-gallery-item\"><figure><img loading=\"lazy\" decoding=\"async\" width=\"443\" height=\"600\" src=\"http:\/\/amicc.az\/wp-content\/uploads\/2021\/10\/247688178_1298343610578891_3659984378472599860_n.jpg\" alt=\"\" data-id=\"852\" data-full-url=\"http:\/\/amicc.az\/wp-content\/uploads\/2021\/10\/247688178_1298343610578891_3659984378472599860_n.jpg\" data-link=\"http:\/\/amicc.az\/?attachment_id=852\" class=\"wp-image-852\" srcset=\"https:\/\/amicc.az\/wp-content\/uploads\/2021\/10\/247688178_1298343610578891_3659984378472599860_n.jpg 443w, https:\/\/amicc.az\/wp-content\/uploads\/2021\/10\/247688178_1298343610578891_3659984378472599860_n-142x192.jpg 142w, https:\/\/amicc.az\/wp-content\/uploads\/2021\/10\/247688178_1298343610578891_3659984378472599860_n-121x164.jpg 121w\" sizes=\"(max-width: 443px) 100vw, 443px\" \/><\/figure><\/li><li class=\"blocks-gallery-item\"><figure><img loading=\"lazy\" decoding=\"async\" width=\"600\" height=\"450\" src=\"http:\/\/amicc.az\/wp-content\/uploads\/2021\/10\/247869606_1298343663912219_4171772891220090704_n-Kocur.jpg\" alt=\"\" data-id=\"853\" data-full-url=\"http:\/\/amicc.az\/wp-content\/uploads\/2021\/10\/247869606_1298343663912219_4171772891220090704_n-Kocur.jpg\" data-link=\"http:\/\/amicc.az\/?attachment_id=853\" class=\"wp-image-853\" srcset=\"https:\/\/amicc.az\/wp-content\/uploads\/2021\/10\/247869606_1298343663912219_4171772891220090704_n-Kocur.jpg 600w, https:\/\/amicc.az\/wp-content\/uploads\/2021\/10\/247869606_1298343663912219_4171772891220090704_n-Kocur-256x192.jpg 256w, https:\/\/amicc.az\/wp-content\/uploads\/2021\/10\/247869606_1298343663912219_4171772891220090704_n-Kocur-219x164.jpg 219w\" sizes=\"(max-width: 600px) 100vw, 600px\" \/><\/figure><\/li><li class=\"blocks-gallery-item\"><figure><img loading=\"lazy\" decoding=\"async\" width=\"960\" height=\"720\" src=\"http:\/\/amicc.az\/wp-content\/uploads\/2021\/10\/248086624_1298915927188326_8758105866160946367_n-Kocur-960x720.jpg\" alt=\"\" data-id=\"854\" data-full-url=\"http:\/\/amicc.az\/wp-content\/uploads\/2021\/10\/248086624_1298915927188326_8758105866160946367_n-Kocur.jpg\" data-link=\"http:\/\/amicc.az\/?attachment_id=854\" class=\"wp-image-854\" srcset=\"https:\/\/amicc.az\/wp-content\/uploads\/2021\/10\/248086624_1298915927188326_8758105866160946367_n-Kocur-960x720.jpg 960w, https:\/\/amicc.az\/wp-content\/uploads\/2021\/10\/248086624_1298915927188326_8758105866160946367_n-Kocur-256x192.jpg 256w, https:\/\/amicc.az\/wp-content\/uploads\/2021\/10\/248086624_1298915927188326_8758105866160946367_n-Kocur-219x164.jpg 219w, https:\/\/amicc.az\/wp-content\/uploads\/2021\/10\/248086624_1298915927188326_8758105866160946367_n-Kocur-768x576.jpg 768w, https:\/\/amicc.az\/wp-content\/uploads\/2021\/10\/248086624_1298915927188326_8758105866160946367_n-Kocur-1536x1152.jpg 1536w, https:\/\/amicc.az\/wp-content\/uploads\/2021\/10\/248086624_1298915927188326_8758105866160946367_n-Kocur-1080x810.jpg 1080w, https:\/\/amicc.az\/wp-content\/uploads\/2021\/10\/248086624_1298915927188326_8758105866160946367_n-Kocur.jpg 2048w\" sizes=\"(max-width: 960px) 100vw, 960px\" \/><\/figure><\/li><li class=\"blocks-gallery-item\"><figure><img loading=\"lazy\" decoding=\"async\" width=\"600\" height=\"450\" src=\"http:\/\/amicc.az\/wp-content\/uploads\/2021\/10\/248153672_1298343903912195_2491563694019115751_n.jpg\" alt=\"\" data-id=\"855\" data-full-url=\"http:\/\/amicc.az\/wp-content\/uploads\/2021\/10\/248153672_1298343903912195_2491563694019115751_n.jpg\" data-link=\"http:\/\/amicc.az\/?attachment_id=855\" class=\"wp-image-855\" srcset=\"https:\/\/amicc.az\/wp-content\/uploads\/2021\/10\/248153672_1298343903912195_2491563694019115751_n.jpg 600w, https:\/\/amicc.az\/wp-content\/uploads\/2021\/10\/248153672_1298343903912195_2491563694019115751_n-256x192.jpg 256w, https:\/\/amicc.az\/wp-content\/uploads\/2021\/10\/248153672_1298343903912195_2491563694019115751_n-219x164.jpg 219w\" sizes=\"(max-width: 600px) 100vw, 600px\" \/><\/figure><\/li><li class=\"blocks-gallery-item\"><figure><img loading=\"lazy\" decoding=\"async\" width=\"600\" height=\"450\" src=\"http:\/\/amicc.az\/wp-content\/uploads\/2021\/10\/248161368_1298916137188305_314110268457836454_n.jpg\" alt=\"\" data-id=\"856\" data-full-url=\"http:\/\/amicc.az\/wp-content\/uploads\/2021\/10\/248161368_1298916137188305_314110268457836454_n.jpg\" data-link=\"http:\/\/amicc.az\/?attachment_id=856\" class=\"wp-image-856\" srcset=\"https:\/\/amicc.az\/wp-content\/uploads\/2021\/10\/248161368_1298916137188305_314110268457836454_n.jpg 600w, https:\/\/amicc.az\/wp-content\/uploads\/2021\/10\/248161368_1298916137188305_314110268457836454_n-256x192.jpg 256w, https:\/\/amicc.az\/wp-content\/uploads\/2021\/10\/248161368_1298916137188305_314110268457836454_n-219x164.jpg 219w\" sizes=\"(max-width: 600px) 100vw, 600px\" \/><\/figure><\/li><li class=\"blocks-gallery-item\"><figure><img loading=\"lazy\" decoding=\"async\" width=\"960\" height=\"720\" src=\"http:\/\/amicc.az\/wp-content\/uploads\/2021\/10\/248181676_1298916117188307_3687609127843727083_n-960x720.jpg\" alt=\"\" data-id=\"857\" data-full-url=\"http:\/\/amicc.az\/wp-content\/uploads\/2021\/10\/248181676_1298916117188307_3687609127843727083_n.jpg\" data-link=\"http:\/\/amicc.az\/?attachment_id=857\" class=\"wp-image-857\" srcset=\"https:\/\/amicc.az\/wp-content\/uploads\/2021\/10\/248181676_1298916117188307_3687609127843727083_n-960x720.jpg 960w, https:\/\/amicc.az\/wp-content\/uploads\/2021\/10\/248181676_1298916117188307_3687609127843727083_n-256x192.jpg 256w, https:\/\/amicc.az\/wp-content\/uploads\/2021\/10\/248181676_1298916117188307_3687609127843727083_n-219x164.jpg 219w, https:\/\/amicc.az\/wp-content\/uploads\/2021\/10\/248181676_1298916117188307_3687609127843727083_n-768x576.jpg 768w, https:\/\/amicc.az\/wp-content\/uploads\/2021\/10\/248181676_1298916117188307_3687609127843727083_n-1536x1152.jpg 1536w, https:\/\/amicc.az\/wp-content\/uploads\/2021\/10\/248181676_1298916117188307_3687609127843727083_n-1080x810.jpg 1080w, https:\/\/amicc.az\/wp-content\/uploads\/2021\/10\/248181676_1298916117188307_3687609127843727083_n.jpg 2048w\" sizes=\"(max-width: 960px) 100vw, 960px\" \/><\/figure><\/li><li class=\"blocks-gallery-item\"><figure><img loading=\"lazy\" decoding=\"async\" width=\"540\" height=\"720\" src=\"http:\/\/amicc.az\/wp-content\/uploads\/2021\/10\/IMG_6808-540x720.jpg\" alt=\"\" data-id=\"859\" data-full-url=\"http:\/\/amicc.az\/wp-content\/uploads\/2021\/10\/IMG_6808-scaled.jpg\" data-link=\"http:\/\/amicc.az\/?attachment_id=859\" class=\"wp-image-859\" srcset=\"https:\/\/amicc.az\/wp-content\/uploads\/2021\/10\/IMG_6808-540x720.jpg 540w, https:\/\/amicc.az\/wp-content\/uploads\/2021\/10\/IMG_6808-144x192.jpg 144w, https:\/\/amicc.az\/wp-content\/uploads\/2021\/10\/IMG_6808-123x164.jpg 123w, https:\/\/amicc.az\/wp-content\/uploads\/2021\/10\/IMG_6808-768x1024.jpg 768w, https:\/\/amicc.az\/wp-content\/uploads\/2021\/10\/IMG_6808-1152x1536.jpg 1152w, https:\/\/amicc.az\/wp-content\/uploads\/2021\/10\/IMG_6808-1536x2048.jpg 1536w, https:\/\/amicc.az\/wp-content\/uploads\/2021\/10\/IMG_6808-1080x1440.jpg 1080w, https:\/\/amicc.az\/wp-content\/uploads\/2021\/10\/IMG_6808-scaled.jpg 1920w\" sizes=\"(max-width: 540px) 100vw, 540px\" \/><\/figure><\/li><li class=\"blocks-gallery-item\"><figure><img loading=\"lazy\" decoding=\"async\" width=\"960\" height=\"720\" src=\"http:\/\/amicc.az\/wp-content\/uploads\/2021\/10\/IMG_6905-960x720.jpg\" alt=\"\" data-id=\"860\" data-full-url=\"http:\/\/amicc.az\/wp-content\/uploads\/2021\/10\/IMG_6905-scaled.jpg\" data-link=\"http:\/\/amicc.az\/?attachment_id=860\" class=\"wp-image-860\" srcset=\"https:\/\/amicc.az\/wp-content\/uploads\/2021\/10\/IMG_6905-960x720.jpg 960w, https:\/\/amicc.az\/wp-content\/uploads\/2021\/10\/IMG_6905-256x192.jpg 256w, https:\/\/amicc.az\/wp-content\/uploads\/2021\/10\/IMG_6905-219x164.jpg 219w, https:\/\/amicc.az\/wp-content\/uploads\/2021\/10\/IMG_6905-768x576.jpg 768w, https:\/\/amicc.az\/wp-content\/uploads\/2021\/10\/IMG_6905-1536x1152.jpg 1536w, https:\/\/amicc.az\/wp-content\/uploads\/2021\/10\/IMG_6905-2048x1536.jpg 2048w, https:\/\/amicc.az\/wp-content\/uploads\/2021\/10\/IMG_6905-1080x810.jpg 1080w\" sizes=\"(max-width: 960px) 100vw, 960px\" \/><\/figure><\/li><li class=\"blocks-gallery-item\"><figure><img loading=\"lazy\" decoding=\"async\" width=\"960\" height=\"720\" src=\"http:\/\/amicc.az\/wp-content\/uploads\/2021\/10\/IMG_6935-960x720.jpg\" alt=\"\" data-id=\"861\" data-full-url=\"http:\/\/amicc.az\/wp-content\/uploads\/2021\/10\/IMG_6935-scaled.jpg\" data-link=\"http:\/\/amicc.az\/?attachment_id=861\" class=\"wp-image-861\" srcset=\"https:\/\/amicc.az\/wp-content\/uploads\/2021\/10\/IMG_6935-960x720.jpg 960w, https:\/\/amicc.az\/wp-content\/uploads\/2021\/10\/IMG_6935-256x192.jpg 256w, https:\/\/amicc.az\/wp-content\/uploads\/2021\/10\/IMG_6935-219x164.jpg 219w, https:\/\/amicc.az\/wp-content\/uploads\/2021\/10\/IMG_6935-768x576.jpg 768w, https:\/\/amicc.az\/wp-content\/uploads\/2021\/10\/IMG_6935-1536x1152.jpg 1536w, https:\/\/amicc.az\/wp-content\/uploads\/2021\/10\/IMG_6935-2048x1536.jpg 2048w, https:\/\/amicc.az\/wp-content\/uploads\/2021\/10\/IMG_6935-1080x810.jpg 1080w\" sizes=\"(max-width: 960px) 100vw, 960px\" \/><\/figure><\/li><li class=\"blocks-gallery-item\"><figure><img loading=\"lazy\" decoding=\"async\" width=\"960\" height=\"720\" src=\"http:\/\/amicc.az\/wp-content\/uploads\/2021\/10\/IMG_4717-960x720.jpg\" alt=\"\" data-id=\"858\" data-full-url=\"http:\/\/amicc.az\/wp-content\/uploads\/2021\/10\/IMG_4717-scaled.jpg\" data-link=\"http:\/\/amicc.az\/?attachment_id=858\" class=\"wp-image-858\" srcset=\"https:\/\/amicc.az\/wp-content\/uploads\/2021\/10\/IMG_4717-960x720.jpg 960w, https:\/\/amicc.az\/wp-content\/uploads\/2021\/10\/IMG_4717-256x192.jpg 256w, https:\/\/amicc.az\/wp-content\/uploads\/2021\/10\/IMG_4717-219x164.jpg 219w, https:\/\/amicc.az\/wp-content\/uploads\/2021\/10\/IMG_4717-768x576.jpg 768w, https:\/\/amicc.az\/wp-content\/uploads\/2021\/10\/IMG_4717-1536x1152.jpg 1536w, https:\/\/amicc.az\/wp-content\/uploads\/2021\/10\/IMG_4717-2048x1536.jpg 2048w, https:\/\/amicc.az\/wp-content\/uploads\/2021\/10\/IMG_4717-1080x810.jpg 1080w\" sizes=\"(max-width: 960px) 100vw, 960px\" \/><\/figure><\/li><\/ul><\/figure>\n","protected":false},"excerpt":{"rendered":"<p>M\u0259lum oldu\u011fu kimi Az\u0259rbaycan Minimal \u0130nvaziv C\u0259rrahlar C\u0259miyy\u0259ti v\u0259 Almaz Akademie Tibbi Treyninq M\u0259rk\u0259zi t\u0259r\u0259find\u0131\u0259n Almaniyan\u0131n Biolitek Lazer \u015firk\u0259tinin d\u0259st\u0259yi il\u0259 Prof. Qurbanxan M\u00fcsl\u00fcmovun r\u0259hb\u0259rliyi alt\u0131nda Lazer Proktologiya Treyninq Kursu v\u0259 ustad d\u0259rsl\u0259ri ba\u015fa \u00e7atm\u0131\u015fd\u0131r. T\u0259dbirin ilk g\u00fcn\u00fc a\u00e7\u0131l\u0131\u015f m\u0259rasimi Top\u00e7uba\u015fov ad. Elmi C\u0259rrahiyy\u0259 M\u0259rk\u0259zind\u0259 hibrid formada onlayn v\u0259 \u0259yani i\u015ftirak\u00e7\u0131lar \u00fc\u00e7\u00fcn t\u0259\u015fkil edilmi\u015fdir. T\u0259dbirin [&hellip;]<\/p>\n","protected":false},"author":2,"featured_media":0,"parent":0,"menu_order":0,"comment_status":"closed","ping_status":"closed","template":"","meta":{"ngg_post_thumbnail":0,"footnotes":""},"_links":{"self":[{"href":"https:\/\/amicc.az\/index.php?rest_route=\/wp\/v2\/pages\/849"}],"collection":[{"href":"https:\/\/amicc.az\/index.php?rest_route=\/wp\/v2\/pages"}],"about":[{"href":"https:\/\/amicc.az\/index.php?rest_route=\/wp\/v2\/types\/page"}],"author":[{"embeddable":true,"href":"https:\/\/amicc.az\/index.php?rest_route=\/wp\/v2\/users\/2"}],"replies":[{"embeddable":true,"href":"https:\/\/amicc.az\/index.php?rest_route=%2Fwp%2Fv2%2Fcomments&post=849"}],"version-history":[{"count":3,"href":"https:\/\/amicc.az\/index.php?rest_route=\/wp\/v2\/pages\/849\/revisions"}],"predecessor-version":[{"id":888,"href":"https:\/\/amicc.az\/index.php?rest_route=\/wp\/v2\/pages\/849\/revisions\/888"}],"wp:attachment":[{"href":"https:\/\/amicc.az\/index.php?rest_route=%2Fwp%2Fv2%2Fmedia&parent=849"}],"curies":[{"name":"wp","href":"https:\/\/api.w.org\/{rel}","templated":true}]}}