{"id":721,"date":"2021-03-01T09:43:10","date_gmt":"2021-03-01T09:43:10","guid":{"rendered":"http:\/\/amicc.az\/?page_id=721"},"modified":"2021-03-01T09:43:11","modified_gmt":"2021-03-01T09:43:11","slug":"umumi-m%c9%99lumat-2","status":"publish","type":"page","link":"https:\/\/amicc.az\/?page_id=721","title":{"rendered":"\u00dcmumi m\u0259lumat"},"content":{"rendered":"\n<p>Az\u0259rbaycan Minimal \u0130nvaziv C\u0259rrahlar C\u0259miyy\u0259tinin 2-ci ayl\u0131q seminar\/vebinar\u0131 27.02.2021 tarixind\u0259 ba\u015f tutdu.Seminar\u0131n m\u00f6vzusu &#8220;\u201cQastroezofageal refly\u00fcks x\u0259st\u0259liyi \u2013 Baret qida borusu \u2013 Adenokarsinoma qastroentroloqlar, endoskopist v\u0259 c\u0259rrah\u0259n g\u00f6z\u00fc il\u0259\u201d olmu\u015fdur. Seminar Excelsior hoteld\u0259 ke\u00e7irildi. Eyni zamanda GoToWebinar platformas\u0131 \u00fcz\u0259rind\u0259n canl\u0131 yay\u0131mland\u0131. Online olaraq 200-\u0259 yax\u0131n i\u015ftirak\u00e7\u0131 qat\u0131lm\u0131\u015fd\u0131. Seminar\u0131n moderatorlar\u0131 Prof. K\u0259nan Yusifzad\u0259, Prof. \u018flih\u00fcseyn Hiday\u0259tov v\u0259 online olaraq qat\u0131lan Prof. Nuru Bayramov idi. Prof. Qurbanxan M\u00fcsl\u00fcmov, Dr. Arzu Yusifova, Dr. F\u0259rid Quliyev v\u0259 Dr. Elg\u00fcn S\u0259m\u0259d seminarda m\u00fchazir\u0259l\u0259r oxumu\u015flar. Prof. Qurbanxan M\u00fcsl\u00fcmov seminar\u0131n gedi\u015find\u0259 canl\u0131 \u0259m\u0259liyyatla seminara online \u015f\u0259kild\u0259 qo\u015fulmu\u015f, canl\u0131 \u015f\u0259kild\u0259 Laparoskopik Total Qastrektemiya \u0259m\u0259liyyat\u0131 icra etmi\u015fdir.<\/p>\n","protected":false},"excerpt":{"rendered":"<p>Az\u0259rbaycan Minimal \u0130nvaziv C\u0259rrahlar C\u0259miyy\u0259tinin 2-ci ayl\u0131q seminar\/vebinar\u0131 27.02.2021 tarixind\u0259 ba\u015f tutdu.Seminar\u0131n m\u00f6vzusu &#8220;\u201cQastroezofageal refly\u00fcks x\u0259st\u0259liyi \u2013 Baret qida borusu \u2013 Adenokarsinoma qastroentroloqlar, endoskopist v\u0259 c\u0259rrah\u0259n g\u00f6z\u00fc il\u0259\u201d olmu\u015fdur. Seminar Excelsior hoteld\u0259 ke\u00e7irildi. Eyni zamanda GoToWebinar platformas\u0131 \u00fcz\u0259rind\u0259n canl\u0131 yay\u0131mland\u0131. Online olaraq 200-\u0259 yax\u0131n i\u015ftirak\u00e7\u0131 qat\u0131lm\u0131\u015fd\u0131. Seminar\u0131n moderatorlar\u0131 Prof. K\u0259nan Yusifzad\u0259, Prof. \u018flih\u00fcseyn Hiday\u0259tov v\u0259 [&hellip;]<\/p>\n","protected":false},"author":2,"featured_media":0,"parent":0,"menu_order":0,"comment_status":"closed","ping_status":"closed","template":"","meta":{"ngg_post_thumbnail":0,"footnotes":""},"_links":{"self":[{"href":"https:\/\/amicc.az\/index.php?rest_route=\/wp\/v2\/pages\/721"}],"collection":[{"href":"https:\/\/amicc.az\/index.php?rest_route=\/wp\/v2\/pages"}],"about":[{"href":"https:\/\/amicc.az\/index.php?rest_route=\/wp\/v2\/types\/page"}],"author":[{"embeddable":true,"href":"https:\/\/amicc.az\/index.php?rest_route=\/wp\/v2\/users\/2"}],"replies":[{"embeddable":true,"href":"https:\/\/amicc.az\/index.php?rest_route=%2Fwp%2Fv2%2Fcomments&post=721"}],"version-history":[{"count":2,"href":"https:\/\/amicc.az\/index.php?rest_route=\/wp\/v2\/pages\/721\/revisions"}],"predecessor-version":[{"id":789,"href":"https:\/\/amicc.az\/index.php?rest_route=\/wp\/v2\/pages\/721\/revisions\/789"}],"wp:attachment":[{"href":"https:\/\/amicc.az\/index.php?rest_route=%2Fwp%2Fv2%2Fmedia&parent=721"}],"curies":[{"name":"wp","href":"https:\/\/api.w.org\/{rel}","templated":true}]}}