{"id":645,"date":"2021-02-16T06:54:27","date_gmt":"2021-02-16T06:54:27","guid":{"rendered":"http:\/\/amicc.az\/?page_id=645"},"modified":"2021-02-16T06:54:28","modified_gmt":"2021-02-16T06:54:28","slug":"umumi-m%c9%99lumat","status":"publish","type":"page","link":"https:\/\/amicc.az\/?page_id=645","title":{"rendered":"\u00dcmumi m\u0259lumat"},"content":{"rendered":"\n<p>29 yanvar 2021-ci il tarixind\u0259 Az\u0259rbaycan Minimal \u0130nvaziv C\u0259rrahlar C\u0259miyy\u0259tinin 2021-ci il \u0259rzind\u0259 ilk ayl\u0131q Webinar\u0131 ke\u00e7irilmi\u015fdir. Webinara PhD Dr., Merkezi Kliniki Xst\u0259xanan\u0131n C\u0259rrahiy\u0259 b\u00f6l\u00fcm\u00fcn\u00fcn r\u0259hb\u0259ri Zaur X\u0259lilov s\u0259drlik etmi\u015fdir ve Webinara online olaraq 50-d\u0259n \u00e7ox i\u015ftirak\u00e7\u0131 qat\u0131lm\u0131\u015fd\u0131r. Seminar\u0131n m\u00f6vzusu \u201c Qas\u0131q y\u0131rt\u0131qlar\u0131n\u0131n c\u0259rrahi m\u00fcalic\u0259sind\u0259 minimal invaziv yana\u015fmalar: TAPP vs TEP\u201d olmu\u015fdur. Seminar zaman\u0131\u00a0Professor M\u00fcsl\u00fcmov\u00a0\u201cQas\u0131q y\u0131rt\u0131qlar\u0131n\u0131n m\u00fcalic\u0259sind\u0259 TAPP texnikas\u0131n\u0131n \u00fcst\u00fcnl\u00fckl\u0259ri\u201d bar\u0259d\u0259 m\u0259ruz\u0259 oxumu\u015f, bu texnikan\u0131n yaranma tarixi, icra edilm\u0259 texnikas\u0131 bar\u0259sind\u0259 m\u0259lumat vermi\u015fdir. Onun ard\u0131nca is\u0259 Respublika Diqnostika M\u0259rk\u0259zinin C\u0259rrahiyy\u0259 b\u00f6l\u00fcm\u00fcn\u00fcn r\u0259hb\u0259ri Uzm. Dr. \u0130lqar \u0130smay\u0131lov \u201cQas\u0131q y\u0131rt\u0131qlar\u0131n\u0131n m\u00fcalic\u0259sind\u0259 TEP texnikas\u0131\u201dna h\u0259sr olunmu\u015f m\u00fchazir\u0259 oxumu\u015f, TEP texnikas\u0131n\u0131n \u00a0TAPP-la m\u00fcqayis\u0259d\u0259 \u00fcst\u00fcnl\u00fckl\u0259rind\u0259n dan\u0131\u015fm\u0131\u015f v\u0259 texniki m\u0259qamlar\u0131 bar\u0259d\u0259 seminar i\u015ftirak\u00e7\u0131lar\u0131na \u0259trafl\u0131 m\u0259lumat vermi\u015fdir. Bunun davam\u0131nda Professor Q. M\u00fcsl\u00fcmov t\u0259r\u0259find\u0259n canl\u0131 yay\u0131mda h\u0259m seminar\u0131n \u0259yani i\u015ftirak\u00e7\u0131lar\u0131na h\u0259m d\u0259 GoTo Webinar platformas\u0131 \u00fcz\u0259rind\u0259n t\u0259dbir\u0259 onlayn qat\u0131lan 50-y\u0259 yax\u0131n i\u015ftirak\u00e7\u0131 \u00fc\u00e7\u00fcn canl\u0131 yay\u0131mda ikit\u0259r\u0259fli qas\u0131q y\u0131rt\u0131\u011f\u0131 olan x\u0259st\u0259y\u0259 TAPP texnikas\u0131 il\u0259 c\u0259rrahi \u0259m\u0259liyyat icra etmi\u015fdir. \u018fm\u0259liyyat canl\u0131 m\u00fczakir\u0259l\u0259r\u0259 s\u0259b\u0259b olmu\u015fdur. Eyni zamanda \u0259m\u0259liyyat\u0131n gedi\u015fi zaman\u0131 h\u0259m seminar ota\u011f\u0131nda olan i\u015ftirak\u00e7\u0131lar h\u0259m d\u0259 onlayn i\u015ftirak ed\u0259n c\u0259rrahlar maraql\u0131 suallar vermi\u015f, \u0259m\u0259liyyat\u0131n texnikalar\u0131 bar\u0259d\u0259 onlar\u0131 maraqland\u0131ran m\u0259qamlara \u00a0Prof. Q.M\u00fcsl\u00fcmov, Dr. \u0130.\u0130smayilov v\u0259 iclas\u0131n moderatoru PhD Dr. Z.Xelilov t\u0259r\u0259find\u0259n \u0259trafl\u0131 cavabland\u0131r\u0131lm\u0131\u015fd\u0131r.\u00a0 H\u0259m\u00e7inin seminar maraql\u0131 diskussiyalara s\u0259b\u0259b olmu\u015fdur.\u00a0Webinarin tam videosunu tezlikl\u0259 r\u0259smi s\u0259hif\u0259mizd\u0259 v\u0259 YouTube kanal\u0131m\u0131zda izleye bilersiniz. N\u0259z\u0259riniz\u0259 \u00e7atd\u0131raq ki, Az\u0259rbaycan Minimal \u0130nvaziv C\u0259rrahlar C\u0259miyy\u0259tinin n\u00f6vb\u0259ti seminar\u0131 27 fevral tarixind\u0259 Exselsior oteld\u0259 ke\u00e7iril\u0259c\u0259kdir. Maraqlananlar art\u0131q qeydiyyatdan\u00a0 ke\u00e7\u0259 bil\u0259rl\u0259r.<\/p>\n","protected":false},"excerpt":{"rendered":"<p>29 yanvar 2021-ci il tarixind\u0259 Az\u0259rbaycan Minimal \u0130nvaziv C\u0259rrahlar C\u0259miyy\u0259tinin 2021-ci il \u0259rzind\u0259 ilk ayl\u0131q Webinar\u0131 ke\u00e7irilmi\u015fdir. Webinara PhD Dr., Merkezi Kliniki Xst\u0259xanan\u0131n C\u0259rrahiy\u0259 b\u00f6l\u00fcm\u00fcn\u00fcn r\u0259hb\u0259ri Zaur X\u0259lilov s\u0259drlik etmi\u015fdir ve Webinara online olaraq 50-d\u0259n \u00e7ox i\u015ftirak\u00e7\u0131 qat\u0131lm\u0131\u015fd\u0131r. Seminar\u0131n m\u00f6vzusu \u201c Qas\u0131q y\u0131rt\u0131qlar\u0131n\u0131n c\u0259rrahi m\u00fcalic\u0259sind\u0259 minimal invaziv yana\u015fmalar: TAPP vs TEP\u201d olmu\u015fdur. Seminar zaman\u0131\u00a0Professor M\u00fcsl\u00fcmov\u00a0\u201cQas\u0131q [&hellip;]<\/p>\n","protected":false},"author":2,"featured_media":0,"parent":0,"menu_order":0,"comment_status":"closed","ping_status":"closed","template":"","meta":{"ngg_post_thumbnail":0,"footnotes":""},"_links":{"self":[{"href":"https:\/\/amicc.az\/index.php?rest_route=\/wp\/v2\/pages\/645"}],"collection":[{"href":"https:\/\/amicc.az\/index.php?rest_route=\/wp\/v2\/pages"}],"about":[{"href":"https:\/\/amicc.az\/index.php?rest_route=\/wp\/v2\/types\/page"}],"author":[{"embeddable":true,"href":"https:\/\/amicc.az\/index.php?rest_route=\/wp\/v2\/users\/2"}],"replies":[{"embeddable":true,"href":"https:\/\/amicc.az\/index.php?rest_route=%2Fwp%2Fv2%2Fcomments&post=645"}],"version-history":[{"count":1,"href":"https:\/\/amicc.az\/index.php?rest_route=\/wp\/v2\/pages\/645\/revisions"}],"predecessor-version":[{"id":647,"href":"https:\/\/amicc.az\/index.php?rest_route=\/wp\/v2\/pages\/645\/revisions\/647"}],"wp:attachment":[{"href":"https:\/\/amicc.az\/index.php?rest_route=%2Fwp%2Fv2%2Fmedia&parent=645"}],"curies":[{"name":"wp","href":"https:\/\/api.w.org\/{rel}","templated":true}]}}