{"id":4196,"date":"2025-11-18T09:01:38","date_gmt":"2025-11-18T09:01:38","guid":{"rendered":"https:\/\/amicc.az\/?page_id=4196"},"modified":"2025-11-18T09:01:38","modified_gmt":"2025-11-18T09:01:38","slug":"9-cu-regional-konfrans-akademik-mustafa-b%c9%99y-akademik-mustafa-b%c9%99y-topcubasovun-anadan-olmasinin-130-illiyin%c9%99-h%c9%99sr-olunur","status":"publish","type":"page","link":"https:\/\/amicc.az\/?page_id=4196","title":{"rendered":"9-cu Regional Konfrans \u2013 Akademik Mustafa B\u0259y Akademik Mustafa B\u0259y Top\u00e7uba\u015fovun anadan olmas\u0131n\u0131n 130 illiyin\u0259 h\u0259sr olunur"},"content":{"rendered":"","protected":false},"excerpt":{"rendered":"","protected":false},"author":3,"featured_media":0,"parent":0,"menu_order":0,"comment_status":"closed","ping_status":"closed","template":"","meta":{"ngg_post_thumbnail":0,"footnotes":""},"_links":{"self":[{"href":"https:\/\/amicc.az\/index.php?rest_route=\/wp\/v2\/pages\/4196"}],"collection":[{"href":"https:\/\/amicc.az\/index.php?rest_route=\/wp\/v2\/pages"}],"about":[{"href":"https:\/\/amicc.az\/index.php?rest_route=\/wp\/v2\/types\/page"}],"author":[{"embeddable":true,"href":"https:\/\/amicc.az\/index.php?rest_route=\/wp\/v2\/users\/3"}],"replies":[{"embeddable":true,"href":"https:\/\/amicc.az\/index.php?rest_route=%2Fwp%2Fv2%2Fcomments&post=4196"}],"version-history":[{"count":1,"href":"https:\/\/amicc.az\/index.php?rest_route=\/wp\/v2\/pages\/4196\/revisions"}],"predecessor-version":[{"id":4198,"href":"https:\/\/amicc.az\/index.php?rest_route=\/wp\/v2\/pages\/4196\/revisions\/4198"}],"wp:attachment":[{"href":"https:\/\/amicc.az\/index.php?rest_route=%2Fwp%2Fv2%2Fmedia&parent=4196"}],"curies":[{"name":"wp","href":"https:\/\/api.w.org\/{rel}","templated":true}]}}