{"id":4129,"date":"2025-10-04T10:49:31","date_gmt":"2025-10-04T10:49:31","guid":{"rendered":"https:\/\/amicc.az\/?page_id=4129"},"modified":"2025-12-01T13:51:09","modified_gmt":"2025-12-01T13:51:09","slug":"umumi-m%c9%99lumat-5","status":"publish","type":"page","link":"https:\/\/amicc.az\/?page_id=4129","title":{"rendered":"\u00dcmumi m\u0259lumat"},"content":{"rendered":"<p>Professor Qurbanxan M\u00fcsl\u00fcmovun r\u0259hb\u0259rliyi il\u0259 Az\u0259rbaycan Minimal \u0130nvaziv C\u0259rrahiyy\u0259 C\u0259miyy\u0259tinin (AMICC) minimal invaziv c\u0259rrahiyy\u0259nin aktual istiqam\u0259tl\u0259rin\u0259 h\u0259sr olunmu\u015f, Az\u0259rbaycan Respublikas\u0131 S\u0259hiyy\u0259 Nazirliyi t\u0259r\u0259find\u0259n akkreditasiya edilmi\u015f n\u00f6vb\u0259ti y\u00fcks\u0259k elmi s\u0259viyy\u0259li regional konfrans\u0131 T\u018fB\u0130B-in d\u0259st\u0259yi il\u0259 G\u00f6y\u00e7ay Rayon M\u0259rk\u0259zi X\u0259st\u0259xanas\u0131nda ke\u00e7irildi. T\u0259dbird\u0259 100-d\u0259 \u00e7ox olmaqla \u00f6lk\u0259nin m\u00fcxt\u0259lif tibb m\u00fc\u0259ssis\u0259l\u0259rind\u0259n g\u0259lmi\u015f c\u0259rrahlar,ginekoloqlar, uroloqlar, anestezioloq-reanimatoloqlar, endoskopistl\u0259r v\u0259 dig\u0259r m\u00fct\u0259x\u0259ssisl\u0259r i\u015ftirak edirdi.<br \/>\nT\u0259dbirin a\u00e7\u0131l\u0131\u015f\u0131nda ilk \u00f6nc\u0259 konfrans\u0131n s\u0259dri, t.e.d. Dr. Lor Elnur \u018fkb\u0259rov t\u0259dbirin elmi proqram\u0131, sessiyalar\u0131n strukturu v\u0259 \u0259sas m\u00f6vzular haqq\u0131nda m\u0259lumat ver\u0259r\u0259k toplant\u0131n\u0131n m\u0259qs\u0259dinin region h\u0259kiml\u0259rinin bilik platformas\u0131n\u0131 geni\u015fl\u0259ndirm\u0259k v\u0259 m\u00fcasir klinik praktikaya inteqrasiyan\u0131 s\u00fcr\u0259tl\u0259ndirm\u0259k oldu\u011funu qeyd etdi. A\u00e7\u0131l\u0131\u015f nitqi il\u0259 \u00e7\u0131x\u0131\u015f ed\u0259n AMICC-in prezidenti, professor Qurbanxan M\u00fcslimov konfrans i\u015ftirak\u00e7\u0131lar\u0131n\u0131 salamlayaraq minimal invaziv c\u0259rrahiyy\u0259nin \u00f6lk\u0259mizd\u0259 s\u00fcr\u0259tl\u0259 inki\u015faf etdiyini, regionlarda bu sah\u0259nin pe\u015f\u0259kar \u015f\u0259kild\u0259 yay\u0131lmas\u0131n\u0131n s\u0259hiyy\u0259 sisteminin strateji prioritetl\u0259rind\u0259n biri oldu\u011funu vur\u011fulad\u0131. T\u018fB\u0130B-in icra\u00e7\u0131 direktorunun m\u00fcavini Araz N\u0259sirov v\u0259 G\u00f6y\u00e7ay Rayon M\u0259rk\u0259zi X\u0259st\u0259xanas\u0131n\u0131n direktoru Zahir \u018fliyev bu tip t\u0259dbirl\u0259rin \u00f6lk\u0259mizd\u0259 tibbin, x\u00fcsus\u0259n d\u0259 minimal-invaziv c\u0259rrahiyy\u0259nin inki\u015faf\u0131nda rolundan dan\u0131\u015faraq t\u0259dbirin i\u015fin\u0259 u\u011furlar arzulad\u0131lar.<br \/>\nKonfrans\u0131n elmi proqram\u0131 laparoskopik, torakoskopik v\u0259 endoskopik prosedurlar\u0131n m\u00fcasir protokollar\u0131na, \u0259m\u0259liyyat d\u00f6vr\u00fcn\u00fcn (preoperativ, intraoperativ, postoperativ) idar\u0259edilm\u0259sin\u0259 v\u0259 \u0259m\u0259liyyat sonras\u0131 klinik n\u0259tic\u0259l\u0259rin optimalla\u015fd\u0131r\u0131lmas\u0131na h\u0259sr olunmu\u015f maraql\u0131 \u00e7\u0131x\u0131\u015flar\u0131 \u0259hat\u0259 edirdi.<br \/>\nM\u00fcxt\u0259lif Laparoskopik \u0259m\u0259liyyatlar zaman\u0131, onkoloji c\u0259rrahiyy\u0259d\u0259 minimal invaziv yana\u015fmalar, perioperativ analgeziya strategiyalar\u0131, ERAS (Enhanced Recovery After Surgery) protokollar\u0131 v\u0259 risk \u0259sasl\u0131 pasiyent se\u00e7imi kimi m\u00f6vzular geni\u015f m\u00fczakir\u0259 olundu. Klinik case-study t\u0259qdimatlar\u0131, intraoperativ videomateriallar v\u0259 komplikasiya idar\u0259etm\u0259 n\u00fcmun\u0259l\u0259ri t\u0259dbir\u0259 ciddi praktiki d\u0259y\u0259r \u0259lav\u0259 etmi\u015fdir.<br \/>\nKonfrans\u0131n gedi\u015find\u0259 tibbi xidm\u0259tl\u0259rin keyfiyy\u0259tinin y\u00fcks\u0259ldilm\u0259si istiqam\u0259tind\u0259 \u201cKeyfiyy\u0259tin idar\u0259olunmas\u0131\u201dna dair x\u00fcsusi sessiya ke\u00e7irildi. Sessiya \u00e7\u0259r\u00e7iv\u0259sind\u0259 tibbi keyfiyy\u0259t standartlar\u0131ndan biri olan Arzuolunmaz Hallar\u0131n Bildi\u015f Sistemi (AHBS) haqq\u0131nda geni\u015f elmi t\u0259qdimat edildi.<br \/>\nH\u0259kiml\u0259r\u0259 bildirildi ki, arzuolunmaz hallar\u0131n \u015f\u0259ffaf \u015f\u0259kild\u0259 qeydiyyat\u0131 x\u0259st\u0259 t\u0259hl\u00fck\u0259sizliyinin \u0259sas komponentidir v\u0259 klinik n\u0259tic\u0259l\u0259r\u0259, mortalite v\u0259 morbidite g\u00f6st\u0259ricil\u0259rin\u0259 bilavasit\u0259 t\u0259sir g\u00f6st\u0259rir. Bildiri\u015f sisteml\u0259rinin t\u0259tbiqi s\u0259hiyy\u0259 m\u00fc\u0259ssis\u0259l\u0259rind\u0259 riskl\u0259rin idar\u0259olunmas\u0131, standart \u0259m\u0259liyyat prosedurlar\u0131n\u0131n (S\u00d6P) t\u0259kmill\u0259\u015fdirilm\u0259si v\u0259 klinik audit mexanizml\u0259rinin effektivliyini art\u0131ran \u0259sas al\u0259tl\u0259rd\u0259n biridir.<br \/>\nSessiyalar zaman\u0131 maraql\u0131 v\u0259 kompleks klinik hallar \u00fczr\u0259 multidissiplinar m\u00fczakir\u0259l\u0259r apar\u0131ld\u0131. H\u0259r bir klinik v\u0259ziyy\u0259t\u0259 \u0259m\u0259liyyat taktikas\u0131, texniki detallar, laparoskopedik g\u00f6r\u00fcnt\u00fcl\u0259r v\u0259 postoperativ idar\u0259etm\u0259 planlar\u0131 elmi auditoriya t\u0259r\u0259find\u0259n t\u0259hlil edildi.<br \/>\nKonfrans\u0131n \u0259n diqq\u0259t\u00e7\u0259k\u0259n hiss\u0259l\u0259rind\u0259n biri G\u00f6y\u00e7ay Rayon M\u0259rk\u0259zi X\u0259st\u0259xanas\u0131nda Prof.Dr. Qurbanxan M\u00fcsl\u00fcmov t\u0259r\u0259find\u0259n ilk d\u0259f\u0259 olaraq canl\u0131 laparoskopik y\u0131rt\u0131q c\u0259rrahiyy\u0259si \u0259m\u0259liyyat\u0131n\u0131n icras\u0131 oldu. \u018fm\u0259liyyat real vaxtda konfrans zal\u0131na canl\u0131 yay\u0131mlanaraq i\u015ftirak\u00e7\u0131lar\u0131n intraoperativ prosesl\u0259ri, texniki n\u00fcanslar\u0131 v\u0259 c\u0259rrahi manevrl\u0259ri \u0259yani \u015f\u0259kild\u0259 izl\u0259m\u0259sin\u0259 \u015f\u0259rait yaratd\u0131. Bu praktiki sessiya region h\u0259kiml\u0259rinin professional inki\u015faf\u0131nda m\u00fch\u00fcm add\u0131m kimi d\u0259y\u0259rl\u0259ndirildi.<br \/>\nKonfrans h\u0259m c\u0259rrahi texnologiyalar\u0131n inki\u015faf\u0131, h\u0259m d\u0259 x\u0259st\u0259 t\u0259hl\u00fck\u0259sizliyi h\u0259d\u0259fl\u0259rin\u0259 uy\u011fun olaraq keyfiyy\u0259tin idar\u0259olunmas\u0131 yana\u015fmalar\u0131n\u0131n inteqrasiyas\u0131 bax\u0131m\u0131ndan \u00f6lk\u0259nin regional s\u0259hiyy\u0259si \u00fc\u00e7\u00fcn m\u00fch\u00fcm elmi-praktik \u0259h\u0259miyy\u0259t k\u0259sb etdi. \u200e<\/p>\n","protected":false},"excerpt":{"rendered":"<p>Professor Qurbanxan M\u00fcsl\u00fcmovun r\u0259hb\u0259rliyi il\u0259 Az\u0259rbaycan Minimal \u0130nvaziv C\u0259rrahiyy\u0259 C\u0259miyy\u0259tinin (AMICC) minimal invaziv c\u0259rrahiyy\u0259nin aktual istiqam\u0259tl\u0259rin\u0259 h\u0259sr olunmu\u015f, Az\u0259rbaycan Respublikas\u0131 S\u0259hiyy\u0259 Nazirliyi t\u0259r\u0259find\u0259n akkreditasiya edilmi\u015f n\u00f6vb\u0259ti y\u00fcks\u0259k elmi s\u0259viyy\u0259li regional konfrans\u0131 T\u018fB\u0130B-in d\u0259st\u0259yi il\u0259 G\u00f6y\u00e7ay Rayon M\u0259rk\u0259zi X\u0259st\u0259xanas\u0131nda ke\u00e7irildi. T\u0259dbird\u0259 100-d\u0259 \u00e7ox olmaqla \u00f6lk\u0259nin m\u00fcxt\u0259lif tibb m\u00fc\u0259ssis\u0259l\u0259rind\u0259n g\u0259lmi\u015f c\u0259rrahlar,ginekoloqlar, uroloqlar, anestezioloq-reanimatoloqlar, endoskopistl\u0259r v\u0259 dig\u0259r m\u00fct\u0259x\u0259ssisl\u0259r [&hellip;]<\/p>\n","protected":false},"author":3,"featured_media":0,"parent":0,"menu_order":0,"comment_status":"closed","ping_status":"closed","template":"","meta":{"ngg_post_thumbnail":0,"footnotes":""},"_links":{"self":[{"href":"https:\/\/amicc.az\/index.php?rest_route=\/wp\/v2\/pages\/4129"}],"collection":[{"href":"https:\/\/amicc.az\/index.php?rest_route=\/wp\/v2\/pages"}],"about":[{"href":"https:\/\/amicc.az\/index.php?rest_route=\/wp\/v2\/types\/page"}],"author":[{"embeddable":true,"href":"https:\/\/amicc.az\/index.php?rest_route=\/wp\/v2\/users\/3"}],"replies":[{"embeddable":true,"href":"https:\/\/amicc.az\/index.php?rest_route=%2Fwp%2Fv2%2Fcomments&post=4129"}],"version-history":[{"count":8,"href":"https:\/\/amicc.az\/index.php?rest_route=\/wp\/v2\/pages\/4129\/revisions"}],"predecessor-version":[{"id":4485,"href":"https:\/\/amicc.az\/index.php?rest_route=\/wp\/v2\/pages\/4129\/revisions\/4485"}],"wp:attachment":[{"href":"https:\/\/amicc.az\/index.php?rest_route=%2Fwp%2Fv2%2Fmedia&parent=4129"}],"curies":[{"name":"wp","href":"https:\/\/api.w.org\/{rel}","templated":true}]}}