{"id":4037,"date":"2025-06-27T08:59:19","date_gmt":"2025-06-27T08:59:19","guid":{"rendered":"https:\/\/amicc.az\/?page_id=4037"},"modified":"2025-07-02T14:59:07","modified_gmt":"2025-07-02T14:59:07","slug":"umumi-m%c9%99lumat-4","status":"publish","type":"page","link":"https:\/\/amicc.az\/?page_id=4037","title":{"rendered":"\u00dcmumi M\u0259lumat"},"content":{"rendered":"<p><img decoding=\"async\" src=\"http:\/\/amicc.az\/wp-content\/uploads\/2025\/07\/0-scaled.jpg\" \/><\/p>\n<p>21-22 iyun 2025-ci il tarixl\u0259rind\u0259 G\u0259nc\u0259 \u015f\u0259h\u0259rind\u0259 Az\u0259rbaycan Minimal \u0130nvaziv C\u0259rrahlar C\u0259miyy\u0259ti v\u0259 Almaz Akademie Tibbi Treninq M\u0259rk\u0259zi t\u0259r\u0259find\u0259n Az\u0259rbaycan Respublikas\u0131 S\u0259hiyy\u0259 Nazirliyi, Tibb \u018frazi B\u00f6lm\u0259l\u0259rini \u0130dar\u0259etm\u0259 Birliyi(T\u018fB\u0130B) v\u0259 \u0130cbari Tibbi S\u0131\u011forta D\u00f6vl\u0259t Agentliyinin d\u0259st\u0259yi il\u0259 &#8220;Minimal \u0130nvaziv C\u0259rrahiyy\u0259 Bu G\u00fcn&#8221; adl\u0131 c\u0259miyy\u0259tin 7-ci Regional Konfrans\u0131 ba\u015f tutmu\u015fdur.<br \/>\n Komfrans\u0131n a\u00e7\u0131l\u0131\u015f\u0131  G\u0259nc\u0259  \u015f\u0259h\u0259ri Heyd\u0259r \u018fliyev park\u0131nda Ulu \u00d6nd\u0259rin heyk\u0259li \u00f6n\u00fcnd\u0259 \u0259klil qoymaqla ba\u015flanm\u0131\u015f v\u0259 r\u0259smi hiss\u0259 G\u0259nc\u0259 D\u00f6vl\u0259t Filarmoniyas\u0131nda ba\u015f tutmu\u015fdur. A\u00e7\u0131l\u0131\u015fda G\u0259nc\u0259 rayon \u0130cra Hakimiyy\u0259tinin Ba\u015f\u00e7\u0131s\u0131 Niyazi Bayramov,  Az\u0259rbaycan Minimal \u0130nvaziv C\u0259rrahlar C\u0259miyy\u0259tinin prezidenti v\u0259 konfrans\u0131n s\u0259dri Professor Qurbanxan M\u00fcsl\u00fcmov, T\u018fB\u0130B-in icra\u00e7\u0131 direktor m\u00fcavini Araz N\u0259sirov, \u0130TS \u00fczr\u0259 D\u00f6vl\u0259t Agentliyinin Departament r\u0259hb\u0259ri Hikm\u0259t \u0130brahimli, G\u0259nc\u0259 Birl\u0259\u015fmi\u015f X\u0259st\u0259xanas\u0131n\u0131n direktoru &#8211; \u0130lkin \u0130smay\u0131lov i\u015ftirak\u00e7\u0131lar\u0131 salamlayaraq region h\u0259kiml\u0259ri \u00fc\u00e7\u00fcn bu tip konfranslar\u0131n m\u00fch\u00fcm \u0259h\u0259miyy\u0259tini qeyd etmi\u015fl\u0259r.<br \/>\nKonfrans\u0131n i\u015find\u0259 Az\u0259rbaycan\u0131n m\u00fcxt\u0259lif klinikalar\u0131nda \u00e7al\u0131\u015fan 40-a yax\u0131n y\u00fcks\u0259k ixtisasl\u0131 m\u00fct\u0259x\u0259ssis ekspert, mentor v\u0259 m\u0259ruz\u0259\u00e7i qiamind\u0259 i\u015ftirak etmi\u015fl\u0259r. Onlar t\u0259r\u0259find\u0259n \u0259sas\u0259n q\u0259rb regionundan olmaqla respublikan\u0131n m\u00fcxt\u0259lif klinikalar\u0131ndan g\u0259lmi\u015f 150-y\u0259 yax\u0131n h\u0259kim v\u0259 tibb bac\u0131s\u0131 \u00fc\u00e7\u00fcn Laporoskopik v\u0259 endoskopik c\u0259rrahiyy\u0259, Ginekologiya, Urologiya, Diaqnostik v\u0259 i\u0130nvaziv Radiologiya, M\u00fcalic\u0259vi endoskopiya, Qulaq-burun-bo\u011faz c\u0259rrahiyy\u0259si v\u0259 Tibb bac\u0131l\u0131\u011f\u0131 i\u015fin\u0259 h\u0259sr olunmu\u015f maraql\u0131 m\u0259ruz\u0259l\u0259r oxunulmu\u015f,10-a yax\u0131n ixtisas \u00fczr\u0259 m\u00fcxt\u0259lif tibbi treninq kurslar\u0131 v\u0259 ustad d\u0259rsl\u0259ri ke\u00e7ilmi\u015f v\u0259 Canl\u0131 C\u0259rrahiyy\u0259 kursu t\u0259\u015fkil edilmi\u015fdir.<br \/>\n\u0130lk \u0259sas plenar iclasda Professor Qurbanxan M\u00fcsl\u00fcmov, Professor \u0130lham Mahalov v\u0259 ba\u015f m\u00fct\u0259x\u0259ssis h\u0259kim \u0130lham K\u0259rimov t\u0259r\u0259find\u0259n i\u015ftirak\u00e7\u0131lar \u00fc\u00e7\u00fcn c\u0259rrahi anatomiya, ginekologiya, radiologiya \u00fczr\u0259 maraql\u0131 m\u0259ruz\u0259l\u0259r oxunulmu\u015f, i\u015ftirak\u00e7\u0131larla b\u0259rab\u0259r interaktiv m\u00fczakir\u0259l\u0259r t\u0259\u015fkil edilmi\u015fdir. Bunun ard\u0131nca ginekologiya, \u00fcmumi c\u0259rrahiyy\u0259, proktologiya, endokrin c\u0259rrahiyy\u0259, tiroid ablasiyas\u0131, invaziv radiologiya, urologiya v\u0259 dig\u0259r sah\u0259l\u0259rd\u0259 i\u015ftirak\u00e7\u0131lar \u00fc\u00e7\u00fcn canl\u0131 c\u0259rrahiyy\u0259 kursu t\u0259\u015fkil edilmi\u015f, i\u015ftirak\u00e7\u0131lar\u0131 maraqland\u0131ran suallara, \u0259m\u0259liyyatlarla ba\u011fl\u0131 m\u0259s\u0259l\u0259l\u0259r\u0259 ayd\u0131nl\u0131q g\u0259tirilmi\u015f, maraql\u0131 diskussiyalar t\u0259\u015fkil edilmi\u015fdir.<br \/>\nDaha sonra m\u00fcxt\u0259lif treninq v\u0259 ustad d\u0259rsl\u0259ri t\u0259\u015fkil edilmi\u015fdir. G\u00fcn\u00fcn ikinci yar\u0131s\u0131nda konfrans \u00fcmumi c\u0259rrahiyy\u0259, urologiya, ginekologiya, Tibb bac\u0131l\u0131\u011f\u0131 il\u0259 ba\u011fl\u0131 m\u00fcxt\u0259lif sessiyalarla davam etdirilmi\u015fdir. G\u00fcn\u00fcn sonunda c\u0259rrahiyy\u0259nin mara\u011fl\u0131 sah\u0259l\u0259rin\u0259 aid olan video m\u00fchazir\u0259l\u0259rl\u0259  konfrans i\u015f g\u00fcn\u00fcn\u00fc ba\u015fa vurmu\u015fdur.<br \/>\nKonfrans Az\u0259rbaycan Respublikas\u0131n\u0131n S\u0259hiyy\u0259 Nazirliyi t\u0259r\u0259find\u0259n akkreditasiya edil\u0259r\u0259k 15 DTT bal\u0131 il\u0259 qiym\u0259tl\u0259ndirilmi\u015f v\u0259 konfrans\u0131n gedi\u015find\u0259 DTT bal\u0131 olan sertifikatlar i\u015ftirak\u00e7\u0131lara, moderator v\u0259 t\u0259\u015fkilat\u00e7\u0131lara t\u0259qdim edilmi\u015fdir.<br \/>\nT\u0259\u015fkilat\u00e7\u0131lara, fak\u00fclt\u0259 \u00fczvl\u0259rin\u0259 v\u0259 t\u0259dbirin t\u0259\u015fkilind\u0259 \u0259m\u0259yi ke\u00e7\u0259n h\u0259r bir k\u0259s\u0259 Az\u0259rbaycan Minimal \u0130nvaziv C\u0259rrahlar C\u0259miyy\u0259tinin \u0130dar\u0259 Heyy\u0259ti ad\u0131ndan t\u0259\u015f\u0259kk\u00fcr edirik.<\/p>\n<p>&nbsp;<\/p>\n<p>&nbsp;<\/p>\n","protected":false},"excerpt":{"rendered":"<p>21-22 iyun 2025-ci il tarixl\u0259rind\u0259 G\u0259nc\u0259 \u015f\u0259h\u0259rind\u0259 Az\u0259rbaycan Minimal \u0130nvaziv C\u0259rrahlar C\u0259miyy\u0259ti v\u0259 Almaz Akademie Tibbi Treninq M\u0259rk\u0259zi t\u0259r\u0259find\u0259n Az\u0259rbaycan Respublikas\u0131 S\u0259hiyy\u0259 Nazirliyi, Tibb \u018frazi B\u00f6lm\u0259l\u0259rini \u0130dar\u0259etm\u0259 Birliyi(T\u018fB\u0130B) v\u0259 \u0130cbari Tibbi S\u0131\u011forta D\u00f6vl\u0259t Agentliyinin d\u0259st\u0259yi il\u0259 &#8220;Minimal \u0130nvaziv C\u0259rrahiyy\u0259 Bu G\u00fcn&#8221; adl\u0131 c\u0259miyy\u0259tin 7-ci Regional Konfrans\u0131 ba\u015f tutmu\u015fdur. Komfrans\u0131n a\u00e7\u0131l\u0131\u015f\u0131 G\u0259nc\u0259 \u015f\u0259h\u0259ri Heyd\u0259r \u018fliyev park\u0131nda [&hellip;]<\/p>\n","protected":false},"author":3,"featured_media":0,"parent":0,"menu_order":0,"comment_status":"closed","ping_status":"closed","template":"","meta":{"ngg_post_thumbnail":0,"footnotes":""},"_links":{"self":[{"href":"https:\/\/amicc.az\/index.php?rest_route=\/wp\/v2\/pages\/4037"}],"collection":[{"href":"https:\/\/amicc.az\/index.php?rest_route=\/wp\/v2\/pages"}],"about":[{"href":"https:\/\/amicc.az\/index.php?rest_route=\/wp\/v2\/types\/page"}],"author":[{"embeddable":true,"href":"https:\/\/amicc.az\/index.php?rest_route=\/wp\/v2\/users\/3"}],"replies":[{"embeddable":true,"href":"https:\/\/amicc.az\/index.php?rest_route=%2Fwp%2Fv2%2Fcomments&post=4037"}],"version-history":[{"count":4,"href":"https:\/\/amicc.az\/index.php?rest_route=\/wp\/v2\/pages\/4037\/revisions"}],"predecessor-version":[{"id":4104,"href":"https:\/\/amicc.az\/index.php?rest_route=\/wp\/v2\/pages\/4037\/revisions\/4104"}],"wp:attachment":[{"href":"https:\/\/amicc.az\/index.php?rest_route=%2Fwp%2Fv2%2Fmedia&parent=4037"}],"curies":[{"name":"wp","href":"https:\/\/api.w.org\/{rel}","templated":true}]}}