{"id":3489,"date":"2025-04-22T04:16:46","date_gmt":"2025-04-22T04:16:46","guid":{"rendered":"https:\/\/amicc.az\/?page_id=3489"},"modified":"2025-04-26T11:57:16","modified_gmt":"2025-04-26T11:57:16","slug":"7-ci-az%c9%99rbaycan-alman-turk-ozb%c9%99k-tibb-konqresi-v%c9%99-13-cu-baki-beyn%c9%99lxalq-tibbi-treninq-gunl%c9%99ri","status":"publish","type":"page","link":"https:\/\/amicc.az\/?page_id=3489","title":{"rendered":"7-ci Az\u0259rbaycan \u2013 Alman \u2013 T\u00fcrk \u2013 \u00d6zb\u0259k Tibb Konqresi v\u0259 13-c\u00fc Bak\u0131 Beyn\u0259lxalq Tibbi Treninq G\u00fcnl\u0259ri"},"content":{"rendered":"<p><a href='https:\/\/drive.google.com\/file\/d\/1TCfSDCf-0KPhwUGk1ADzw4wUei5fl1RQ\/view?usp=drive_link' class='small-button smallblue' target=\"_blank\">PROGRAM<\/a>\u00a0 \u00a0<a href='https:\/\/drive.google.com\/file\/d\/1tdfYv_jaMT_8PaJ1B5iFIyJM4-kaTeIN\/view?usp=sharing' class='small-button smallblue' target=\"_blank\">PAYMENT DETA\u0130LS<\/a>\u00a0 <a href='https:\/\/forms.gle\/q8cnH7pfA4V183fb8' class='small-button smallblue' target=\"_blank\">REGISTRATION<\/a><\/p>\n<p><img decoding=\"async\" src=\"http:\/\/amicc.az\/wp-content\/uploads\/2025\/04\/flayer-ESAS-1-scaled.jpg\" \/><\/p>\n<div dir=\"auto\">D\u0259y\u0259rli kollegalar, rezident v\u0259 t\u0259l\u0259b\u0259l\u0259r,<\/div>\n<div dir=\"auto\">8-11 may 2025-ci il tarixind\u0259 Bak\u0131da Az\u0259rbaycan Minimal \u0130nvaziv C\u0259rrahlar C\u0259miyy\u0259ti, Az\u0259rbaycan Almaniya Tibbi \u018fm\u0259kda\u015fl\u0131q C\u0259miyy\u0259ti v\u0259 Almaz Akademiyan\u0131n t\u0259\u015fkilat\u00e7\u0131l\u0131\u011f\u0131 il\u0259 7-ci Az\u0259rbaycan &#8211; Alman &#8211; T\u00fcrk &#8211; \u00d6zb\u0259k Tibb Konqresi<\/div>\n<div dir=\"auto\">v\u0259 13-c\u00fc Bak\u0131 Beyn\u0259lxalq Tibbi Treninq G\u00fcnl\u0259ri ke\u00e7iril\u0259c\u0259kdir. T\u0259dbir \u00e7\u0259r\u00e7iv\u0259sind\u0259 xarici d\u0259v\u0259tli m\u0259ruz\u0259\u00e7il\u0259r, el\u0259c\u0259 d\u0259 yerli, T\u00fcrkiy\u0259 v\u0259 Almaniyada i\u015fl\u0259y\u0259n Az\u0259rbaycanl\u0131 h\u0259kiml\u0259rimiz t\u0259r\u0259find\u0259n maraql\u0131 m\u0259ruz\u0259l\u0259r oxunacaq, aktual m\u00f6vzularda panel diskusiyalar t\u0259\u015fkil edil\u0259c\u0259kdir.<\/div>\n<div dir=\"auto\">Kongresin gedi\u015find\u0259 15-\u0259 yax\u0131n ixtisas \u00fczr\u0259 (laparoskopik v\u0259 \u00fcmumi c\u0259rrahiyy\u0259, urologiya, ginekologiya, elektroc\u0259rrahiyy\u0259, radiologiya, mamal\u0131q, ultra-s\u0259s n\u0259zar\u0259ti alt\u0131nda biopsiya kursu, laser ablasiya kursu, lazer proktologiya kursu) h\u0259kiml\u0259rimiz \u00fc\u00e7\u00fcn \u00e7ox \u0259h\u0259miyy\u0259tli treninq kurslar\u0131 t\u0259\u015fkil edil\u0259c\u0259kdir.<\/div>\n<div dir=\"auto\">El\u0259c\u0259 d\u0259 \u00fcmumi v\u0259 laparoskopik c\u0259rrahiyy\u0259, onkolojik c\u0259rrahiyy\u0259, c\u0259rrahiyy\u0259d\u0259 ba\u015f ver\u0259n a\u011f\u0131rla\u015fmalar, onlardan qorunma yollar\u0131 kimi maraql\u0131 m\u00f6vzular kongresin gedi\u015find\u0259 diskusiya edil\u0259c\u0259kdir.<\/div>\n<div dir=\"auto\">Kongres Az\u0259rbaycan Respublikas\u0131 S\u0259hiyy\u0259 Nazirliyi t\u0259r\u0259find\u0259n akkreditasiya edil\u0259r\u0259k 25 davaml\u0131 tibb t\u0259hsili bal\u0131 il\u0259 d\u0259y\u0259rl\u0259ndirilm\u0259si g\u00f6zl\u0259nilir. Kongresin gedi\u015find\u0259 T\u00fcrkiy\u0259d\u0259n v\u0259 \u00d6zb\u0259kistandan g\u0259lmi\u015f tibb universitetl\u0259rinin r\u0259sml\u0259rinin i\u015ftirak\u0131 il\u0259 t\u00fcrk dilli d\u00f6vl\u0259tl\u0259r aras\u0131nda tibb t\u0259hsili, tibb kadrlar\u0131n\u0131n haz\u0131rlanmas\u0131, ixtisasla\u015fmas\u0131 bar\u0259sind\u0259 \u00e7ox t\u0259r\u0259fli bir proyektin ba\u015flan\u0131lmas\u0131 m\u00fczakir\u0259 edil\u0259c\u0259kdir. Bu proyekt \u00e7\u0259r\u00e7iv\u0259sind\u0259 Orta Asiya, T\u00fcrkiy\u0259 v\u0259 Az\u0259rbaycandan olan t\u0259l\u0259b\u0259 v\u0259 h\u0259kiml\u0259r dig\u0259r d\u00f6vl\u0259tl\u0259rin universitetl\u0259rind\u0259 1-3 ayl\u0131q ixtisas kurslar\u0131 ke\u00e7m\u0259k imkan\u0131 \u0259ld\u0259 ed\u0259c\u0259kl\u0259r.<\/div>\n<div dir=\"auto\">Kongres v\u0259 treninql\u0259r bar\u0259d\u0259 \u0259trafl\u0131 m\u0259lumat almaq v\u0259 qeydiyyatdan ke\u00e7m\u0259k \u00fc\u00e7\u00fcn <span class=\"html-span xdj266r x11i5rnm xat24cr x1mh8g0r xexx8yu x4uap5 x18d9i69 xkhd6sd x1hl2dhg x16tdsg8 x1vvkbs\"><a class=\"x1i10hfl xjbqb8w x1ejq31n xd10rxx x1sy0etr x17r0tee x972fbf xcfux6l x1qhh985 xm0m39n x9f619 x1ypdohk xt0psk2 xe8uvvx xdj266r x11i5rnm xat24cr x1mh8g0r xexx8yu x4uap5 x18d9i69 xkhd6sd x16tdsg8 x1hl2dhg xggy1nq x1a2a7pz xkrqix3 x1sur9pj x1fey0fg x1s688f\" tabindex=\"0\" role=\"link\" href=\"https:\/\/l.facebook.com\/l.php?u=http%3A%2F%2Famicc.az%2F%3Ffbclid%3DIwZXh0bgNhZW0CMTAAYnJpZBExdFQyeTdFUENZb2xjMFU1WQEev4ABLSL4sEom3--IDR6RATYO-InfD1A7EzhtR5y4yH40ZCElO6NsiONeIak_aem_Ho6spvKLcCIebna-jT8CBQ&amp;h=AT2_yUTSf0GU6klD52tQQBp86lMiIT9cTLmPSSaBUhn_5r8kNE7Ba8rwgWmoxpqp8LFsz9EswYgDBuLsCQzC8f1gYnmm7djtZUDgT90WyoFDY4jWfExXhYIIAz2wekhwmyU5iQwU7i1b6X30&amp;__tn__=-UK-y-R&amp;c[0]=AT1LvW0KPqMGEe4dpYH1d_YodfnO4O8vZzSPN59l9LhCfjn-EwHLi5Qak5eVff9OXJWFUxGJQpSC4i-L0c7Gf-Utq6u_r5MwpNTuxWJAeciRVBD5o8bxkEiRpQ4QlSWffrJnxPl4Mhze7sFq0h_YHW6I20UvgSZIQ1uf7WcIDJO8hv6YX-pHtrDhLZ_fir23VSjfeX-WcgGzE8VIiLnCdKt-iUp3R3aKmN5upz26WxzC1VjfBsKn\" target=\"_blank\" rel=\"nofollow noopener noreferrer\">amicc.az<\/a><\/span> v\u0259 <span class=\"html-span xdj266r x11i5rnm xat24cr x1mh8g0r xexx8yu x4uap5 x18d9i69 xkhd6sd x1hl2dhg x16tdsg8 x1vvkbs\"><a class=\"x1i10hfl xjbqb8w x1ejq31n xd10rxx x1sy0etr x17r0tee x972fbf xcfux6l x1qhh985 xm0m39n x9f619 x1ypdohk xt0psk2 xe8uvvx xdj266r x11i5rnm xat24cr x1mh8g0r xexx8yu x4uap5 x18d9i69 xkhd6sd x16tdsg8 x1hl2dhg xggy1nq x1a2a7pz xkrqix3 x1sur9pj x1fey0fg x1s688f\" tabindex=\"0\" role=\"link\" href=\"https:\/\/l.facebook.com\/l.php?u=http%3A%2F%2Falmazakademie.az%2F%3Ffbclid%3DIwZXh0bgNhZW0CMTAAYnJpZBExdFQyeTdFUENZb2xjMFU1WQEeuP4hmF-pxZKJCvJRksxCAWMXJ4nlsuB4eULtW78ZLlxqeTs6ETEcIL5RkQ8_aem_wSJMUs_xhicQzWaC-AOVRQ&amp;h=AT0RCqvoXDjDGY_TDcc_qqRk6od37RfUvigQ-xhOF0HBpd9YaADF41LTEcXW4V1C0LGH65ecC-7bB8VWmI1Kdm_CEZdy6ZJotpNos6qF0-xs4NYBh1lLLasMB5vktWxLW_rqJ6nrr2zZJQOJ&amp;__tn__=-UK-y-R&amp;c[0]=AT1LvW0KPqMGEe4dpYH1d_YodfnO4O8vZzSPN59l9LhCfjn-EwHLi5Qak5eVff9OXJWFUxGJQpSC4i-L0c7Gf-Utq6u_r5MwpNTuxWJAeciRVBD5o8bxkEiRpQ4QlSWffrJnxPl4Mhze7sFq0h_YHW6I20UvgSZIQ1uf7WcIDJO8hv6YX-pHtrDhLZ_fir23VSjfeX-WcgGzE8VIiLnCdKt-iUp3R3aKmN5upz26WxzC1VjfBsKn\" target=\"_blank\" rel=\"nofollow noopener noreferrer\">almazakademie.az<\/a><\/span> saytlar\u0131n\u0131 ziyar\u0259t edin<\/div>\n","protected":false},"excerpt":{"rendered":"<p>\u00a0 \u00a0\u00a0 D\u0259y\u0259rli kollegalar, rezident v\u0259 t\u0259l\u0259b\u0259l\u0259r, 8-11 may 2025-ci il tarixind\u0259 Bak\u0131da Az\u0259rbaycan Minimal \u0130nvaziv C\u0259rrahlar C\u0259miyy\u0259ti, Az\u0259rbaycan Almaniya Tibbi \u018fm\u0259kda\u015fl\u0131q C\u0259miyy\u0259ti v\u0259 Almaz Akademiyan\u0131n t\u0259\u015fkilat\u00e7\u0131l\u0131\u011f\u0131 il\u0259 7-ci Az\u0259rbaycan &#8211; Alman &#8211; T\u00fcrk &#8211; \u00d6zb\u0259k Tibb Konqresi v\u0259 13-c\u00fc Bak\u0131 Beyn\u0259lxalq Tibbi Treninq G\u00fcnl\u0259ri ke\u00e7iril\u0259c\u0259kdir. T\u0259dbir \u00e7\u0259r\u00e7iv\u0259sind\u0259 xarici d\u0259v\u0259tli m\u0259ruz\u0259\u00e7il\u0259r, el\u0259c\u0259 d\u0259 yerli, T\u00fcrkiy\u0259 [&hellip;]<\/p>\n","protected":false},"author":3,"featured_media":0,"parent":0,"menu_order":0,"comment_status":"closed","ping_status":"closed","template":"","meta":{"ngg_post_thumbnail":0,"footnotes":""},"_links":{"self":[{"href":"https:\/\/amicc.az\/index.php?rest_route=\/wp\/v2\/pages\/3489"}],"collection":[{"href":"https:\/\/amicc.az\/index.php?rest_route=\/wp\/v2\/pages"}],"about":[{"href":"https:\/\/amicc.az\/index.php?rest_route=\/wp\/v2\/types\/page"}],"author":[{"embeddable":true,"href":"https:\/\/amicc.az\/index.php?rest_route=\/wp\/v2\/users\/3"}],"replies":[{"embeddable":true,"href":"https:\/\/amicc.az\/index.php?rest_route=%2Fwp%2Fv2%2Fcomments&post=3489"}],"version-history":[{"count":5,"href":"https:\/\/amicc.az\/index.php?rest_route=\/wp\/v2\/pages\/3489\/revisions"}],"predecessor-version":[{"id":3497,"href":"https:\/\/amicc.az\/index.php?rest_route=\/wp\/v2\/pages\/3489\/revisions\/3497"}],"wp:attachment":[{"href":"https:\/\/amicc.az\/index.php?rest_route=%2Fwp%2Fv2%2Fmedia&parent=3489"}],"curies":[{"name":"wp","href":"https:\/\/api.w.org\/{rel}","templated":true}]}}