{"id":307,"date":"2021-01-23T06:51:39","date_gmt":"2021-01-23T06:51:39","guid":{"rendered":"http:\/\/amicc.az\/?page_id=307"},"modified":"2021-01-23T06:51:40","modified_gmt":"2021-01-23T06:51:40","slug":"uzvl%c9%99r","status":"publish","type":"page","link":"https:\/\/amicc.az\/?page_id=307","title":{"rendered":"\u00dczvl\u0259r"},"content":{"rendered":"\n<figure class=\"wp-block-table\"><table><tbody><tr><td class=\"has-text-align-center\" data-align=\"center\"><strong>H\u0259ms\u0259drl\u0259r<\/strong><\/td><\/tr><tr><td class=\"has-text-align-center\" data-align=\"center\"><strong>1.<\/strong><\/td><td>Prof. Dr. Med.&nbsp;M\u00fcsl\u00fcmov Qurban<\/td><td>ECM<\/td><\/tr><tr><td class=\"has-text-align-center\" data-align=\"center\"><strong>2.<\/strong><\/td><td>Prof. Dr.Med. P.KIenle<\/td><td>&nbsp;<\/td><\/tr><tr><td class=\"has-text-align-center\" data-align=\"center\"><strong>S\u0259dr m\u00fcavini<\/strong><\/td><\/tr><tr><td class=\"has-text-align-center\" data-align=\"center\"><strong>1.<\/strong><\/td><td>\u018fliyeva G\u00fcnay<\/td><td>ECM<\/td><\/tr><tr><td class=\"has-text-align-center\" data-align=\"center\"><strong>Koordinator<\/strong><\/td><\/tr><tr><td class=\"has-text-align-center\" data-align=\"center\"><strong>1.<\/strong><\/td><td>Behbudov V\u00fcqar<\/td><td>ECM<\/td><\/tr><\/tbody><\/table><\/figure>\n\n\n\n<figure class=\"wp-block-table\"><table><tbody><tr><td><strong>\u00dczvl\u0259r<\/strong><\/td><\/tr><tr><td><strong>\u2116<\/strong><\/td><td><strong>Soyad\u0131, ad\u0131<\/strong><\/td><td><strong>\u0130\u015f yeri<\/strong><\/td><\/tr><tr><td><a><strong>1.<\/strong><\/a><\/td><td>Abdullayev Rasim<\/td><td>SQ-in Ba\u015f Klinik hospital\u0131<\/td><\/tr><tr><td><strong>2.<\/strong><\/td><td>Ahmet Memi\u015f<\/td><td>Respublika Diaq. M\u0259rk\u0259zi<\/td><\/tr><tr><td><strong>3.<\/strong><\/td><td>Axundov Elm\u0259ddin<\/td><td>3 sayl\u0131 x\u0259st\u0259xana<\/td><\/tr><tr><td><strong>4.<\/strong><\/td><td>Allahverdiyev \u018fli<\/td><td>MN H\u0259rbi Tibb \u0130dar\u0259si<\/td><\/tr><tr><td><strong>5.<\/strong><\/td><td>Aslanov H\u0259zi<\/td><td>ECM<\/td><\/tr><tr><td><strong>6.<\/strong><\/td><td>Azadova Z\u00f6hr\u0259<\/td><td>ECM<\/td><\/tr><tr><td><strong>7.<\/strong><\/td><td>Babayev Rasim<\/td><td>Milli Onkologiya M\u0259rk\u0259zi<\/td><\/tr><tr><td><strong>8.<\/strong><\/td><td>Babayeva G\u00fclay<\/td><td>GAMCA<\/td><\/tr><tr><td><strong>9.<\/strong><\/td><td>Babayeva Lamiy\u0259<\/td><td>Az.DHT\u0130- mama-ginek.<\/td><\/tr><tr><td><strong>10.<\/strong><\/td><td>Bayramov Emin<\/td><td>ATU-h\u0259rbi tibb fakul-si<\/td><\/tr><tr><td><strong>11.<\/strong><\/td><td>Cahangirov Asif<\/td><td>MNX<\/td><\/tr><tr><td><strong>12.<\/strong><\/td><td>Cavadov \u018fl\u0259sk\u0259r<\/td><td>ATU<\/td><\/tr><tr><td><strong>13.<\/strong><\/td><td>C\u0259f\u0259rli Rasim<\/td><td>ATU<\/td><\/tr><tr><td><strong>14.<\/strong><\/td><td>\u018fh\u0259dova Aysel<\/td><td>GAMCA<\/td><\/tr><tr><td><strong>15.<\/strong><\/td><td>\u018fhm\u0259dov Cabir<\/td><td>ECM<\/td><\/tr><tr><td><strong>16.<\/strong><\/td><td>\u018fhm\u0259dov Eldar<\/td><td>MNX<\/td><\/tr><tr><td><strong>17.<\/strong><\/td><td>\u018fhm\u0259dov Sadiq<\/td><td>ECM<\/td><\/tr><tr><td><strong>18.<\/strong><\/td><td>\u018flb\u0259rli R\u0259\u015fad<\/td><td>ECM<\/td><\/tr><tr><td><strong>19.<\/strong><\/td><td>\u018fliyev Anar<\/td><td>&nbsp;<\/td><\/tr><tr><td><strong>20.<\/strong><\/td><td>\u018fliyev Eld\u0259niz<\/td><td>G\u00f6mr\u00fck hospital\u0131<\/td><\/tr><tr><td><strong>21.<\/strong><\/td><td>\u018fliyeva Aynura<\/td><td>Milli Onkologiya M\u0259rk\u0259zi<\/td><\/tr><tr><td><strong>22.<\/strong><\/td><td>\u018fs\u0259dov Rauf<\/td><td>KTM (Avrasiya klinikas\u0131)<\/td><\/tr><tr><td><strong>23.<\/strong><\/td><td>H\u0259s\u0259nov Elsev\u0259r<\/td><td>MNX<\/td><\/tr><tr><td><strong>24.<\/strong><\/td><td>H\u0259s\u0259nova Sevinc<\/td><td>3 Sayl\u0131 klinik x\u0259st\u0259xana<\/td><\/tr><tr><td><strong>25.<\/strong><\/td><td>H\u0259sr\u0259tov \u018fl\u0259sk\u0259r<\/td><td>Resp. Neyroc\u0259rrahl\u0131q x\u0259st-s\u0131<\/td><\/tr><tr><td><a><strong>26.<\/strong><\/a><\/td><td>H\u00fcseynov Elg\u00fcn<\/td><td>ATU-onkologiya<\/td><\/tr><tr><td><strong>27.<\/strong><\/td><td>X\u0259lilov Zaur<\/td><td>MKX<\/td><\/tr><tr><td><strong>28.<\/strong><\/td><td>\u0130brahimov To\u011frul<\/td><td>ECM<\/td><\/tr><tr><td><strong>29.<\/strong><\/td><td>\u0130drisov F\u0259r\u0259c<\/td><td>ECM<\/td><\/tr><tr><td><strong>30.<\/strong><\/td><td>\u0130sk\u0259nd\u0259rov Emil<\/td><td>ECM<\/td><\/tr><tr><td><strong>31.<\/strong><\/td><td>Kazimi Mirc\u0259lal<\/td><td>MNX<\/td><\/tr><tr><td><strong>32.<\/strong><\/td><td>K\u0259rimov Rauf<\/td><td>MNX<\/td><\/tr><tr><td><strong>33.<\/strong><\/td><td>Qafarov \u0130lham<\/td><td>Mediluks klinikas\u0131<\/td><\/tr><tr><td><strong>34.<\/strong><\/td><td>Quliyeva Ayg\u00fcn<\/td><td>&nbsp;<\/td><\/tr><tr><td><strong>35.<\/strong><\/td><td>Qurbanov Emin<\/td><td>MNX<\/td><\/tr><tr><td><strong>36.<\/strong><\/td><td>L\u0259tifov Haci<\/td><td>KTM (Avrasiya klinikas\u0131)<\/td><\/tr><tr><td><strong>37.<\/strong><\/td><td>Mahalov \u0130slam<\/td><td>ATU M-G kafed<\/td><\/tr><tr><td><strong>38.<\/strong><\/td><td>Mahmudov R\u0259\u015fad<\/td><td>MNX<\/td><\/tr><tr><td><strong>39.<\/strong><\/td><td>M\u0259likov Ramin<\/td><td>MKX<\/td><\/tr><tr><td><strong>40.<\/strong><\/td><td>M\u0259mm\u0259dov Kamal<\/td><td>GAMCA<\/td><\/tr><tr><td><strong>41.<\/strong><\/td><td>M\u0259mm\u0259dov R\u0259\u015fad<\/td><td>MNX<\/td><\/tr><tr><td><strong>42.<\/strong><\/td><td>M\u0259mm\u0259dov V\u00fcsal<\/td><td>MNX<\/td><\/tr><tr><td><strong>43.<\/strong><\/td><td>M\u0259rdiyev \u018fziz<\/td><td>26 sayl\u0131 B\u015eX<\/td><\/tr><tr><td><strong>44.<\/strong><\/td><td>M\u0259rdiyev H\u0259s\u0259n<\/td><td>Ab\u015feron Rayon MX<\/td><\/tr><tr><td><strong>45.<\/strong><\/td><td>Mir\u0259li M\u0259cidov<\/td><td>MNX<\/td><\/tr><tr><td><strong>46.<\/strong><\/td><td>Mirzoyev \u00dclvi<\/td><td>G\u00f6mr\u00fck hospital\u0131<\/td><\/tr><tr><td><strong>47.<\/strong><\/td><td>Muxtarov Emil<\/td><td>ATU-onkologiya<\/td><\/tr><tr><td><strong>48.<\/strong><\/td><td>Mustafayev M\u00fcbar\u0259k<\/td><td>ECM<\/td><\/tr><tr><td><strong>49.<\/strong><\/td><td>M\u00fc\u015ffiq H\u0259s\u0259nli<\/td><td>&nbsp;<\/td><\/tr><tr><td><strong>50.<\/strong><\/td><td>Na\u011f\u0131yev Hikm\u0259t<\/td><td>MNX<\/td><\/tr><tr><td><strong>51.<\/strong><\/td><td>N\u0259c\u0259fov El\u015f\u0259n<\/td><td>SQ-in Ba\u015f Klinik hospital\u0131<\/td><\/tr><tr><td><strong>52.<\/strong><\/td><td>Novruzova \u015e\u0259bruz<\/td><td>ECM<\/td><\/tr><tr><td><strong>53.<\/strong><\/td><td>\u00d6m\u0259rov \u0130lqar<\/td><td>ATU-h\u0259rbi c\u0259rrahl\u0131q kaf-si<\/td><\/tr><tr><td><strong>54.<\/strong><\/td><td>Piriyeva C\u0259lal\u0259<\/td><td>&nbsp;<\/td><\/tr><tr><td><strong>55.<\/strong><\/td><td>Poluxov M\u0259h\u0259mm\u0259d<\/td><td>KTM<\/td><\/tr><tr><td><strong>56.<\/strong><\/td><td>R\u0259fiyev F\u0259rid<\/td><td>Uniklinika<\/td><\/tr><tr><td><strong>57.<\/strong><\/td><td>R\u00fcst\u0259mov Firdovsi<\/td><td>Mediluks<\/td><\/tr><tr><td><strong>58.<\/strong><\/td><td>Sad\u0131qov Rauf<\/td><td>Neyroc\u0259rrahl\u0131q x\u0259st\u0259xanas\u0131<\/td><\/tr><tr><td><strong>59.<\/strong><\/td><td>S\u0259f\u0259rli N\u0259riman<\/td><td>Az\u0259r. Tibb Assosiasiyas\u0131<\/td><\/tr><tr><td><strong>60.<\/strong><\/td><td>S\u0259limov B\u0259hruz<\/td><td>MNX<\/td><\/tr><tr><td><strong>61.<\/strong><\/td><td>S\u0259m\u0259dov R\u00fcst\u0259m<\/td><td>26 sayl\u0131 B\u015eX<\/td><\/tr><tr><td><strong>62.<\/strong><\/td><td>Sultanova S\u0259ad\u0259t<\/td><td>KTM<\/td><\/tr><tr><td><strong>63.<\/strong><\/td><td>\u015eahbazov Rauf<\/td><td>MNX<\/td><\/tr><tr><td><strong>64.<\/strong><\/td><td>\u015e\u0259rifov Elman<\/td><td>MNX<\/td><\/tr><tr><td><strong>65.<\/strong><\/td><td>V\u0259zirova Z\u0259hra<\/td><td>MNX<\/td><\/tr><tr><td><strong>66.<\/strong><\/td><td>Yaqublu V\u00fcqar<\/td><td>ECM<\/td><\/tr><tr><td><strong>67.<\/strong><\/td><td>Yusifova Arzu<\/td><td>Respublika Diaq. M\u0259rk\u0259zi<\/td><\/tr><tr><td><strong>68.<\/strong><\/td><td>Yusubov&nbsp;&nbsp;Barat<\/td><td>Medi Style Hospital<\/td><\/tr><tr><td><strong>69.<\/strong><\/td><td>Zeynalov Nadir<\/td><td>&nbsp;<\/td><\/tr><tr><td><strong>70.<\/strong><\/td><td>Zeynalov Natiq<\/td><td>ECM<\/td><\/tr><tr><td><strong>71.<\/strong><\/td><td>Zeynalov V\u00fcqar<\/td><td>Ab\u015feron Rayon MX&nbsp;&nbsp;<\/td><\/tr><\/tbody><\/table><\/figure>\n","protected":false},"excerpt":{"rendered":"<p>H\u0259ms\u0259drl\u0259r 1. Prof. Dr. Med.&nbsp;M\u00fcsl\u00fcmov Qurban ECM 2. Prof. Dr.Med. P.KIenle &nbsp; S\u0259dr m\u00fcavini 1. \u018fliyeva G\u00fcnay ECM Koordinator 1. Behbudov V\u00fcqar ECM \u00dczvl\u0259r \u2116 Soyad\u0131, ad\u0131 \u0130\u015f yeri 1. Abdullayev Rasim SQ-in Ba\u015f Klinik hospital\u0131 2. Ahmet Memi\u015f Respublika Diaq. M\u0259rk\u0259zi 3. Axundov Elm\u0259ddin 3 sayl\u0131 x\u0259st\u0259xana 4. Allahverdiyev \u018fli MN H\u0259rbi Tibb \u0130dar\u0259si [&hellip;]<\/p>\n","protected":false},"author":2,"featured_media":0,"parent":0,"menu_order":0,"comment_status":"closed","ping_status":"closed","template":"","meta":{"ngg_post_thumbnail":0,"footnotes":""},"_links":{"self":[{"href":"https:\/\/amicc.az\/index.php?rest_route=\/wp\/v2\/pages\/307"}],"collection":[{"href":"https:\/\/amicc.az\/index.php?rest_route=\/wp\/v2\/pages"}],"about":[{"href":"https:\/\/amicc.az\/index.php?rest_route=\/wp\/v2\/types\/page"}],"author":[{"embeddable":true,"href":"https:\/\/amicc.az\/index.php?rest_route=\/wp\/v2\/users\/2"}],"replies":[{"embeddable":true,"href":"https:\/\/amicc.az\/index.php?rest_route=%2Fwp%2Fv2%2Fcomments&post=307"}],"version-history":[{"count":1,"href":"https:\/\/amicc.az\/index.php?rest_route=\/wp\/v2\/pages\/307\/revisions"}],"predecessor-version":[{"id":309,"href":"https:\/\/amicc.az\/index.php?rest_route=\/wp\/v2\/pages\/307\/revisions\/309"}],"wp:attachment":[{"href":"https:\/\/amicc.az\/index.php?rest_route=%2Fwp%2Fv2%2Fmedia&parent=307"}],"curies":[{"name":"wp","href":"https:\/\/api.w.org\/{rel}","templated":true}]}}