{"id":304,"date":"2021-01-23T06:50:35","date_gmt":"2021-01-23T06:50:35","guid":{"rendered":"http:\/\/amicc.az\/?page_id=304"},"modified":"2021-01-23T08:42:02","modified_gmt":"2021-01-23T08:42:02","slug":"az%c9%99rbaycan-c%c9%99rrahlar-klubu","status":"publish","type":"page","link":"https:\/\/amicc.az\/?page_id=304","title":{"rendered":"Az\u0259rbaycan C\u0259rrahlar Klubu"},"content":{"rendered":"\n<div class=\"wp-block-image\"><figure class=\"aligncenter is-resized\"><img loading=\"lazy\" decoding=\"async\" src=\"http:\/\/gamca.az\/uploads\/UKpPZblKup.jpg\" alt=\"This image has an empty alt attribute; its file name is UKpPZblKup.jpg\" width=\"458\" height=\"294\"\/><\/figure><\/div>\n\n\n\n<p id=\"block-db35a293-c067-42a0-bc5d-e18b6ab77bc5\"><strong><br>Az\u0259rbaycan C\u0259rrahlar Klubu (Azerbaijan Surgical Club- ASC) Az\u0259rbaycan \u2013 Almaniya Tibbi \u018fm\u0259kda\u015fl\u0131q C\u0259miyy\u0259tinin n\u0259zdind\u0259 yarad\u0131lm\u0131\u015f professional klubdur.<\/strong><\/p>\n\n\n\n<p id=\"block-40813abd-183b-4d34-8fcd-9ab5fb278570\"><br><br>F\u0259aliyy\u0259tin\u0259 2011-ci il aprel ay\u0131n\u0131n 1-d\u0259 start vermi\u015f Az\u0259rbaycan C\u0259rrahlar Klubu(ASC) c\u0259rrahlar\u0131n professional m\u00fcbadil\u0259si \u00fc\u00e7\u00fcn yarad\u0131lm\u0131\u015fd\u0131r.<br><br>M\u0259qs\u0259dimiz c\u0259rrahlar v\u0259 c\u0259rrahiyy\u0259 il\u0259 yax\u0131n pe\u015f\u0259 sahibl\u0259ri aras\u0131nda bir k\u00f6rp\u00fc vasit\u0259si olub birg\u0259 t\u0259cr\u00fcb\u0259 v\u0259 fikir m\u00fcbadil\u0259sini t\u0259min etm\u0259kdir. ASC \u0259sas m\u0259ram\u0131 c\u0259rrahiyy\u0259 sah\u0259sind\u0259 m\u00f6vcud olan yeni standartlar\u0131n Az\u0259rbaycana g\u0259tirilm\u0259si, d\u00fcnyada q\u0259bul olunmu\u015f protokol t\u0259bab\u0259tinin t\u0259tbiqi, d\u00fcnyan\u0131n apar\u0131c\u0131 \u00f6lk\u0259l\u0259rind\u0259ki h\u0259mkarlar\u0131m\u0131z\u0131n qabaqc\u0131l t\u0259cr\u00fcb\u0259sind\u0259n yararlanmaq, tibbin m\u00fcxt\u0259lif sah\u0259l\u0259rind\u0259 ba\u015f vermi\u015f yenilikl\u0259ri m\u00fczakir\u0259 etm\u0259k, m\u00f6vcud probleml\u0259r\u0259 m\u00fcxt\u0259lif rakurslardan bax\u0131\u015f v\u0259 onun birg\u0259 m\u00fczakir\u0259si v\u0259 s. olmaqdad\u0131r.<br><br>ASC-un f\u0259aliyy\u0259t metodlar\u0131na ayda bir d\u0259f\u0259 ke\u00e7iril\u0259n requlyar toplant\u0131, m\u00fcxt\u0259lif seminar v\u0259 konfranslar, Skype seminarlar, canl\u0131 translyasiya il\u0259 ke\u00e7iril\u0259n \u0259m\u0259liyyatlar v\u0259 s. aiddir. Haz\u0131rda h\u0259r ay\u0131n son h\u0259ft\u0259sinin c\u00fcm\u0259 g\u00fcn\u00fc t\u0259\u015fkil olunan \u00fcmumi iclaslarda c\u0259rrahlar, radioloqlar, anestezioloqlar, histoloqlar v\u0259 s. ixtisasl\u0131 h\u0259kiml\u0259rl\u0259 b\u0259rab\u0259r aktual m\u00f6vzularda m\u00fchazir\u0259l\u0259r v\u0259 videoprezentasiyalar edilir, h\u0259m\u00e7inin Az\u0259rbaycanda ilk d\u0259f\u0259 ke\u00e7irilmi\u015f v\u0259 \u00fcmumiyy\u0259tl\u0259 maraql\u0131 \u0259m\u0259liyyatlar\u0131n videoprezentasiyalar\u0131 n\u00fcmayi\u015f etdir\u0259r\u0259k \u0259m\u0259liyyat texnikas\u0131 m\u00fczakir\u0259 edilir, m\u00fczakir\u0259 edil\u0259n m\u0259s\u0259l\u0259l\u0259r \u0259traf\u0131nda diskusiyalar davam etdirilir. Bu g\u00fcn\u0259 q\u0259d\u0259r bir ne\u00e7\u0259 d\u0259f\u0259 ASC toplant\u0131lar\u0131nda xarici m\u00fct\u0259x\u0259ssisl\u0259rin (Almaiya, T\u00fcrkiyy\u0259 v\u0259 s.) d\u0259 \u00e7\u0131x\u0131\u015f v\u0259 prezentasiyalar\u0131 olmu\u015fdur v\u0259 g\u0259l\u0259c\u0259kd\u0259 bu davam etdiril\u0259c\u0259kdir. Bununla b\u0259rab\u0259r g\u0259l\u0259ckd\u0259 xarici m\u00fct\u0259x\u0259ssisl\u0259rl\u0259 Skype seminarlar\u0131n apar\u0131lmas\u0131 da planla\u015fd\u0131r\u0131l\u0131r.<br><br>G\u0259l\u0259c\u0259kd\u0259 ASC-un ild\u0259 bir d\u0259f\u0259 ke\u00e7iril\u0259n Beyn\u0259lxalq statuslu konfrans\u0131n\u0131n d\u0259 requlyar t\u0259\u015fkil edilm\u0259si planla\u015fd\u0131r\u0131l\u0131r.<br><br>Yenilikl\u0259rimiz, f\u0259aliyy\u0259timiz, ke\u00e7iril\u0259c\u0259k iclaslar v\u0259 elanlarla ba\u011fl\u0131 sayt\u0131m\u0131z\u0131n daim yenil\u0259n\u0259n s\u0259hif\u0259l\u0259rind\u0259 daha geni\u015f m\u0259lumat \u0259ld\u0259 ed\u0259 bil\u0259rsiniz (&nbsp;<a href=\"http:\/\/www.gamca.az%29.\/\">www.gamca.az).<\/a><br><br>Pe\u015fakarlar\u0131n dostlu\u011fu inki\u015faf\u0131 s\u00fcr\u0259tl\u0259ndirir!!!<br><br>H\u00f6rm\u0259tl\u0259,<br><br>ASC team<\/p>\n","protected":false},"excerpt":{"rendered":"<p>Az\u0259rbaycan C\u0259rrahlar Klubu (Azerbaijan Surgical Club- ASC) Az\u0259rbaycan \u2013 Almaniya Tibbi \u018fm\u0259kda\u015fl\u0131q C\u0259miyy\u0259tinin n\u0259zdind\u0259 yarad\u0131lm\u0131\u015f professional klubdur. F\u0259aliyy\u0259tin\u0259 2011-ci il aprel ay\u0131n\u0131n 1-d\u0259 start vermi\u015f Az\u0259rbaycan C\u0259rrahlar Klubu(ASC) c\u0259rrahlar\u0131n professional m\u00fcbadil\u0259si \u00fc\u00e7\u00fcn yarad\u0131lm\u0131\u015fd\u0131r. M\u0259qs\u0259dimiz c\u0259rrahlar v\u0259 c\u0259rrahiyy\u0259 il\u0259 yax\u0131n pe\u015f\u0259 sahibl\u0259ri aras\u0131nda bir k\u00f6rp\u00fc vasit\u0259si olub birg\u0259 t\u0259cr\u00fcb\u0259 v\u0259 fikir m\u00fcbadil\u0259sini t\u0259min etm\u0259kdir. ASC \u0259sas [&hellip;]<\/p>\n","protected":false},"author":2,"featured_media":0,"parent":0,"menu_order":0,"comment_status":"closed","ping_status":"closed","template":"","meta":{"ngg_post_thumbnail":0,"footnotes":""},"_links":{"self":[{"href":"https:\/\/amicc.az\/index.php?rest_route=\/wp\/v2\/pages\/304"}],"collection":[{"href":"https:\/\/amicc.az\/index.php?rest_route=\/wp\/v2\/pages"}],"about":[{"href":"https:\/\/amicc.az\/index.php?rest_route=\/wp\/v2\/types\/page"}],"author":[{"embeddable":true,"href":"https:\/\/amicc.az\/index.php?rest_route=\/wp\/v2\/users\/2"}],"replies":[{"embeddable":true,"href":"https:\/\/amicc.az\/index.php?rest_route=%2Fwp%2Fv2%2Fcomments&post=304"}],"version-history":[{"count":3,"href":"https:\/\/amicc.az\/index.php?rest_route=\/wp\/v2\/pages\/304\/revisions"}],"predecessor-version":[{"id":374,"href":"https:\/\/amicc.az\/index.php?rest_route=\/wp\/v2\/pages\/304\/revisions\/374"}],"wp:attachment":[{"href":"https:\/\/amicc.az\/index.php?rest_route=%2Fwp%2Fv2%2Fmedia&parent=304"}],"curies":[{"name":"wp","href":"https:\/\/api.w.org\/{rel}","templated":true}]}}