{"id":278,"date":"2021-01-22T11:27:29","date_gmt":"2021-01-22T11:27:29","guid":{"rendered":"http:\/\/amicc.az\/?page_id=278"},"modified":"2021-10-27T10:35:37","modified_gmt":"2021-10-27T10:35:37","slug":"onuncu-seminar-30-10-2021","status":"publish","type":"page","link":"https:\/\/amicc.az\/?page_id=278","title":{"rendered":"Onuncu seminar (30.10.2021)"},"content":{"rendered":"\n<p>\u018fziz Kolleqalar!<\/p>\n\n\n\n<p>C\u0259rrahlar, rezidentl\u0259r v\u0259 t\u0259l\u0259b\u0259l\u0259r!<\/p>\n\n\n\n<p>N\u0259z\u0259riniz\u0259 \u00e7atd\u0131r\u0131r\u0131q ki, Az\u0259rbaycan Minimal \u0130nvaziv C\u0259rrahlar C\u0259miyy\u0259tinin n\u00f6vb\u0259ti ayl\u0131q seminar\u0131 oktyabr ay\u0131n\u0131n 30-da &#8220;\u0130bis Baku Sity&#8221; Hotel-d\u0259 (\u00dcnvan: AZ1025, Bak\u0131, Xocal\u0131 k\u00fc\u00e7. 64) ke\u00e7iril\u0259c\u0259kdir. T\u0259dbir hibrid formada &#8211; \u0259yani v\u0259 onlayn olaraq ke\u00e7iril\u0259c\u0259kdir. T\u0259dbir onlayn \u015f\u0259kild\u0259 GoToWebinar proqram\u0131 \u00fcz\u0259rind\u0259n transilasiya edil\u0259c\u0259kdir. Maraqlanan h\u0259r k\u0259s t\u0259dbird\u0259 i\u015ftirak etm\u0259k \u00fc\u00e7\u00fcn d\u0259v\u0259tlidir. T\u0259dbird\u0259 i\u015ftirak etm\u0259k \u00fc\u00e7\u00fcn a\u015fa\u011f\u0131dak\u0131 link \u00fcz\u0259rind\u0259n qeydiyyatdan ke\u00e7m\u0259yiniz xahi\u015f olunur:<\/p>\n\n\n\nhttps:\/\/register.gotowebinar.com\/register\/4945137527427968271\n\n\n\n<p>\u018flaq\u0259: (+99455) 342 81 81 (V\u00fcqar Behbudov)<\/p>\n\n\n\n<p>Mail : invazivm@gmail.com<\/p>\n\n\n\n<p> <\/p>\n\n\n\n<figure class=\"wp-block-image size-large\"><img loading=\"lazy\" decoding=\"async\" width=\"509\" height=\"720\" src=\"http:\/\/amicc.az\/wp-content\/uploads\/2021\/10\/Seminar-oktyabr-2021-2-1-3-509x720.jpg\" alt=\"\" class=\"wp-image-874\" srcset=\"https:\/\/amicc.az\/wp-content\/uploads\/2021\/10\/Seminar-oktyabr-2021-2-1-3-509x720.jpg 509w, https:\/\/amicc.az\/wp-content\/uploads\/2021\/10\/Seminar-oktyabr-2021-2-1-3-136x192.jpg 136w, https:\/\/amicc.az\/wp-content\/uploads\/2021\/10\/Seminar-oktyabr-2021-2-1-3-116x164.jpg 116w, https:\/\/amicc.az\/wp-content\/uploads\/2021\/10\/Seminar-oktyabr-2021-2-1-3-768x1086.jpg 768w, https:\/\/amicc.az\/wp-content\/uploads\/2021\/10\/Seminar-oktyabr-2021-2-1-3-1086x1536.jpg 1086w, https:\/\/amicc.az\/wp-content\/uploads\/2021\/10\/Seminar-oktyabr-2021-2-1-3-1448x2048.jpg 1448w, https:\/\/amicc.az\/wp-content\/uploads\/2021\/10\/Seminar-oktyabr-2021-2-1-3-1080x1527.jpg 1080w, https:\/\/amicc.az\/wp-content\/uploads\/2021\/10\/Seminar-oktyabr-2021-2-1-3.jpg 1654w\" sizes=\"(max-width: 509px) 100vw, 509px\" \/><\/figure>\n","protected":false},"excerpt":{"rendered":"<p>\u018fziz Kolleqalar! C\u0259rrahlar, rezidentl\u0259r v\u0259 t\u0259l\u0259b\u0259l\u0259r! N\u0259z\u0259riniz\u0259 \u00e7atd\u0131r\u0131r\u0131q ki, Az\u0259rbaycan Minimal \u0130nvaziv C\u0259rrahlar C\u0259miyy\u0259tinin n\u00f6vb\u0259ti ayl\u0131q seminar\u0131 oktyabr ay\u0131n\u0131n 30-da &#8220;\u0130bis Baku Sity&#8221; Hotel-d\u0259 (\u00dcnvan: AZ1025, Bak\u0131, Xocal\u0131 k\u00fc\u00e7. 64) ke\u00e7iril\u0259c\u0259kdir. T\u0259dbir hibrid formada &#8211; \u0259yani v\u0259 onlayn olaraq ke\u00e7iril\u0259c\u0259kdir. T\u0259dbir onlayn \u015f\u0259kild\u0259 GoToWebinar proqram\u0131 \u00fcz\u0259rind\u0259n transilasiya edil\u0259c\u0259kdir. Maraqlanan h\u0259r k\u0259s t\u0259dbird\u0259 i\u015ftirak etm\u0259k \u00fc\u00e7\u00fcn [&hellip;]<\/p>\n","protected":false},"author":2,"featured_media":0,"parent":0,"menu_order":0,"comment_status":"closed","ping_status":"closed","template":"","meta":{"ngg_post_thumbnail":0,"footnotes":""},"_links":{"self":[{"href":"https:\/\/amicc.az\/index.php?rest_route=\/wp\/v2\/pages\/278"}],"collection":[{"href":"https:\/\/amicc.az\/index.php?rest_route=\/wp\/v2\/pages"}],"about":[{"href":"https:\/\/amicc.az\/index.php?rest_route=\/wp\/v2\/types\/page"}],"author":[{"embeddable":true,"href":"https:\/\/amicc.az\/index.php?rest_route=\/wp\/v2\/users\/2"}],"replies":[{"embeddable":true,"href":"https:\/\/amicc.az\/index.php?rest_route=%2Fwp%2Fv2%2Fcomments&post=278"}],"version-history":[{"count":6,"href":"https:\/\/amicc.az\/index.php?rest_route=\/wp\/v2\/pages\/278\/revisions"}],"predecessor-version":[{"id":881,"href":"https:\/\/amicc.az\/index.php?rest_route=\/wp\/v2\/pages\/278\/revisions\/881"}],"wp:attachment":[{"href":"https:\/\/amicc.az\/index.php?rest_route=%2Fwp%2Fv2%2Fmedia&parent=278"}],"curies":[{"name":"wp","href":"https:\/\/api.w.org\/{rel}","templated":true}]}}