{"id":2417,"date":"2024-10-27T12:30:14","date_gmt":"2024-10-27T12:30:14","guid":{"rendered":"https:\/\/amicc.az\/?page_id=2417"},"modified":"2024-10-27T14:50:20","modified_gmt":"2024-10-27T14:50:20","slug":"az%c9%99rbaycan-minimal-invaziv-c%c9%99rrahlar-c%c9%99miyy%c9%99tinin-quba-konfransi","status":"publish","type":"page","link":"https:\/\/amicc.az\/?page_id=2417","title":{"rendered":"Az\u0259rbaycan Minimal \u0130nvaziv C\u0259rrahlar C\u0259miyy\u0259tinin Quba Konfrans\u0131"},"content":{"rendered":"<p><img loading=\"lazy\" decoding=\"async\" class=\"alignnone size-medium\" src=\"http:\/\/amicc.az\/wp-content\/uploads\/2024\/10\/photo_5255719672043658665_y.jpg\" width=\"1280\" height=\"640\" \/><\/p>\n<p>26 Oktyabr 2024 tarixind\u0259 Quba \u015f\u0259h\u0259rind\u0259 Heyd\u0259r \u018fliyev M\u0259rk\u0259zind\u0259 Az\u0259rbaycan Minimal \u0130nvaziv C\u0259rrahlar C\u0259miyy\u0259ti &#8211; AM\u0130CC in \u201c Minimal \u0130nvaziv C\u0259rrahiyy\u0259d\u0259 Yenilikl\u0259r\u201d m\u00f6vzusunda konfrans\u0131 ke\u00e7irilmi\u015fdir. Az\u0259rbaycan Respublikas\u0131 S\u0259hiyy\u0259 Nazirliyinin v\u0259 T\u018fB\u0130B-in t\u0259\u015fkilati d\u0259st\u0259yi il\u0259 ke\u00e7iril\u0131n t\u0259dbirin a\u00e7\u0131l\u0131\u015f\u0131ndan \u0259vv\u0259l Quba Rayon \u0130cra Hakimiyy\u0259tinin Ba\u015f\u00e7\u0131s\u0131n\u0131n da i\u015ftirak\u0131 il\u0259 Heyd\u0259r \u018fliyevin heyk\u0259li \u00f6n\u00fcn\u0259 g\u00fcll\u0259r qoyulmaqla Ulu \u00d6nd\u0259rin xatir\u0259si yad edildi. 200 n\u0259f\u0259r m\u00fcxt\u0259lif ixtisasl\u0131 h\u0259kimin qat\u0131ld\u0131\u011f\u0131 t\u0259dbiri C\u0259miyy\u0259tin Prezidenti, Prof.Dr. Qurbanxan M\u00fcsl\u00fcmov a\u00e7araq konfrans\u0131n \u0259sas m\u0259qs\u0259dinin regiondak\u0131 kolleqalar\u0131m\u0131zla bilik v\u0259 t\u0259cr\u00fcb\u0259 m\u00fcbadil\u0259si oldu\u011funu qeyd etdi. A\u00e7\u0131l\u0131\u015fda Mill\u0259t V\u0259kili Az\u0259r Badamov, T\u018fB\u0130B-in icra\u00e7\u0131 direktorunun m\u00fcavini Araz N\u0259sirov, Quba T\u018fB-in direktoru \u018fliyar \u018fliyev, Quba R\u0130H ba\u015f\u00e7\u0131s\u0131nin m\u00fcavini S\u0259id\u0259 Abbasova \u00e7\u0131x\u0131\u015f ed\u0259r\u0259k t\u0259dbirin \u0259h\u0259miyy\u0259tund\u0259n dan\u0131\u015f\u0131b konfrans\u0131n i\u00e7in\u0259 u\u011furlar arzu etdil\u0259r. Konfrans zaman\u0131 prof. Qurbanxan M\u00fcsl\u00fcmov, PhD Dr F\u0259rid R\u0259fiyev, PhD Dr. \u0130lah\u0259 Quliyeva, Dr. Asif Cahangirov, Dr. Cavan\u015fir Vahabov maraql\u0131 m\u0259ruz\u0259l\u0259rl\u0259 \u00e7\u0131x\u0131\u015f etdil\u0259r. Ard\u0131nca prof. Q. M\u00fcsl\u00fcmov t\u0259r\u0259find\u0259n Quba RMX icra edil\u0259n \u0259m\u0259liyyat canl\u0131 olaraq zala translyasiya edil\u0259r\u0259k \u0259m\u0259liyyat texnikas\u0131, a\u011f\u0131rla\u015fmalar\u0131n profilaktikas\u0131 yollar\u0131 interaktiv m\u00fczakir\u0259 edildi. Konfrans\u0131n ikinci yar\u0131s\u0131nda panel m\u00fczakir\u0259 v\u0259 diskussiyalar, h\u0259kim v\u0259 tibb bac\u0131lar\u0131 \u00fc\u00e7\u00fcn praktiki treninql\u0259r t\u0259\u015fkil edildi. Sonda i\u015ftirak\u00e7\u0131lara Az\u0259rbaycan Respublikas\u0131 SN t\u0259r\u0259find\u0259n akkreditasiya edil\u0259r\u0259k 8 DTT krediti olan sertifikatlar t\u0259qdim edildi.<br \/>\nT\u0259dbirin t\u0259\u015fkilind\u0259 \u0259m\u0259yi olan v\u0259 d\u0259st\u0259k ver\u0259n h\u0259r k\u0259s\u0259 t\u0259\u015f\u0259kk\u00fcr edirik.<\/p>\nngg_shortcode_0_placeholder\n","protected":false},"excerpt":{"rendered":"<p>26 Oktyabr 2024 tarixind\u0259 Quba \u015f\u0259h\u0259rind\u0259 Heyd\u0259r \u018fliyev M\u0259rk\u0259zind\u0259 Az\u0259rbaycan Minimal \u0130nvaziv C\u0259rrahlar C\u0259miyy\u0259ti &#8211; AM\u0130CC in \u201c Minimal \u0130nvaziv C\u0259rrahiyy\u0259d\u0259 Yenilikl\u0259r\u201d m\u00f6vzusunda konfrans\u0131 ke\u00e7irilmi\u015fdir. Az\u0259rbaycan Respublikas\u0131 S\u0259hiyy\u0259 Nazirliyinin v\u0259 T\u018fB\u0130B-in t\u0259\u015fkilati d\u0259st\u0259yi il\u0259 ke\u00e7iril\u0131n t\u0259dbirin a\u00e7\u0131l\u0131\u015f\u0131ndan \u0259vv\u0259l Quba Rayon \u0130cra Hakimiyy\u0259tinin Ba\u015f\u00e7\u0131s\u0131n\u0131n da i\u015ftirak\u0131 il\u0259 Heyd\u0259r \u018fliyevin heyk\u0259li \u00f6n\u00fcn\u0259 g\u00fcll\u0259r qoyulmaqla Ulu \u00d6nd\u0259rin xatir\u0259si [&hellip;]<\/p>\n","protected":false},"author":3,"featured_media":0,"parent":0,"menu_order":0,"comment_status":"closed","ping_status":"closed","template":"","meta":{"ngg_post_thumbnail":0,"footnotes":""},"_links":{"self":[{"href":"https:\/\/amicc.az\/index.php?rest_route=\/wp\/v2\/pages\/2417"}],"collection":[{"href":"https:\/\/amicc.az\/index.php?rest_route=\/wp\/v2\/pages"}],"about":[{"href":"https:\/\/amicc.az\/index.php?rest_route=\/wp\/v2\/types\/page"}],"author":[{"embeddable":true,"href":"https:\/\/amicc.az\/index.php?rest_route=\/wp\/v2\/users\/3"}],"replies":[{"embeddable":true,"href":"https:\/\/amicc.az\/index.php?rest_route=%2Fwp%2Fv2%2Fcomments&post=2417"}],"version-history":[{"count":8,"href":"https:\/\/amicc.az\/index.php?rest_route=\/wp\/v2\/pages\/2417\/revisions"}],"predecessor-version":[{"id":2510,"href":"https:\/\/amicc.az\/index.php?rest_route=\/wp\/v2\/pages\/2417\/revisions\/2510"}],"wp:attachment":[{"href":"https:\/\/amicc.az\/index.php?rest_route=%2Fwp%2Fv2%2Fmedia&parent=2417"}],"curies":[{"name":"wp","href":"https:\/\/api.w.org\/{rel}","templated":true}]}}