{"id":2136,"date":"2024-07-01T08:43:35","date_gmt":"2024-07-01T08:43:35","guid":{"rendered":"https:\/\/amicc.az\/?page_id=2136"},"modified":"2024-07-01T08:45:08","modified_gmt":"2024-07-01T08:45:08","slug":"canli-c%c9%99rrahiyy%c9%99","status":"publish","type":"page","link":"https:\/\/amicc.az\/?page_id=2136","title":{"rendered":"Canl\u0131 C\u0259rrahiyy\u0259"},"content":{"rendered":"\r\n<p>&nbsp;<\/p>\r\n<h1><strong>CANLI C\u018fRRAH\u0130YY\u018f KURSU<\/strong><\/h1>\r\n<p><strong>Bug\u00fcn Az\u0259rbaycan Minimal \u0130nvaziv C\u0259rrahlar C\u0259miyy\u0259tinin v\u0259 Almaz Akademie Tibbi Treninq M\u0259rk\u0259zinin prezidenti \u00fcmumi visseral v\u0259 onkoloji c\u0259rrah professor Qurbanxan M\u00fcsl\u00fcmovun r\u0259hb\u0259rliyi il\u0259 n\u00f6vb\u0259ti canl\u0131 c\u0259rrahiyy\u0259 kursu ke\u00e7iril\u0259c\u0259kdir. Canl\u0131 c\u0259rrahiyy\u0259 kursu \u00e7\u0259r\u00e7iv\u0259sind\u0259 saat 12:00 da &#8220;Sol b\u00f6yr\u0259yin yuxar\u0131 q\u00fctb\u00fcn\u00fcn b\u00f6y\u00fck \u00f6l\u00e7\u00fcl\u00fc \u015fi\u015fin\u0259 g\u00f6r\u0259, Laparoskopik solterefli radikal nefrektomiya&#8221; \u0259m\u0259liyyat\u0131 icra edil\u0259c\u0259k. Bunun ard\u0131nca q\u0131sa fasil\u0259d\u0259n sonra saat 15:00-da &#8220;S vari ba\u011f\u0131rsa\u011f\u0131n \u015fi\u015fin\u0259 g\u00f6r\u0259 laparoskopik siqmoidekkomiya&#8221; d\u00fcz ba\u011f\u0131rsa\u011f\u0131n \u00f6n rezeksiyas\u0131 \u0259m\u0259liyyat\u0131 icra edic\u0259l\u0259kdir. \u018fm\u0259liyyat zaman\u0131 giri\u015f texnikalar\u0131, diseksiya prinsipl\u0259ri, elektro c\u0259rrahiyy\u0259nin prinsipl\u0259ri, laparoskopik tiki\u015f v\u0259 d\u00fcy\u00fcn vurma texnikalar\u0131, m\u00fcasir texnoloji vasit\u0259l\u0259rin laparoskopik c\u0259rrahiyy\u0259d\u0259 t\u0259tbiqi v\u0259 s. aid m\u0259s\u0259l\u0259l\u0259r canl\u0131 yay\u0131mda interaktiv olaraq kurs i\u015ftirak\u00e7\u0131lar\u0131 il\u0259 diskussiya edil\u0259c\u0259kdir. Kursda i\u015ftirak \u00f6d\u0259ni\u015fsizdir. H\u0259rk\u0259si canl\u0131 yay\u0131ma qo\u015fulmaq \u00fc\u00e7\u00fcn a\u015fa\u011f\u0131dak\u0131 link\u0259 daxil olmaq kifay\u0259tdir. H\u0259rk\u0259si canl\u0131 yay\u0131mda s\u0259birsizlik il\u0259 g\u00f6zl\u0259yirik. Canl\u0131 yay\u0131mlardan x\u0259b\u0259rdar olmaq \u00fc\u00e7\u00fcn a\u015fa\u011f\u0131dak\u0131 Youtube s\u0259hif\u0259sin\u0259 abun\u0259 olma\u011f\u0131n\u0131z kifay\u0259tdir.<\/strong> <strong>Canl\u0131 yay\u0131mda i\u015ftirak \u00fc\u00e7\u00fcn qeydiyyatda AM\u0130CC \u00fczvl\u0259rin\u0259 daha \u00e7ox \u00fcst\u00fcnl\u00fck verilir.<\/strong> <strong>Youtube kanal\u0131 &#8211; <a href=\"https:\/\/www.youtube.com\/@prof.qurbanxanmuslumov\">https:\/\/www.youtube.com\/@prof.qurbanxanmuslumov<\/a><\/strong> <strong>Az\u0259rbaycan Minimal \u0130nvaziv C\u0259rrahlar C\u0259miyy\u0259tin\u0259 \u00dcZV olmaq \u00fc\u00e7\u00fcn &#8211; <a href=\"https:\/\/amicc.az\/?page_id=175\">https:\/\/amicc.az\/?page_id=175<\/a><\/strong> <img loading=\"lazy\" decoding=\"async\" class=\"alignnone size-medium\" src=\"http:\/\/amicc.az\/wp-content\/uploads\/2024\/06\/2-CANLI.jpg\" width=\"1600\" height=\"900\" \/><\/p>\r\n\r\n\r\n\r\n\r\n\r\n<h2>\u00a0<\/h2>\r\n<p>&nbsp;<\/p>\r\n<!-- \/wp:html -->\r\n\r\n<!-- wp:shortcode --><!-- \/wp:shortcode -->\r\n<div id=\"gtx-trans\" style=\"position: absolute; left: 1145px; top: 128px;\">\r\n<div class=\"gtx-trans-icon\">\u00a0<\/div>\r\n<\/div>","protected":false},"excerpt":{"rendered":"<p>&nbsp; CANLI C\u018fRRAH\u0130YY\u018f KURSU Bug\u00fcn Az\u0259rbaycan Minimal \u0130nvaziv C\u0259rrahlar C\u0259miyy\u0259tinin v\u0259 Almaz Akademie Tibbi Treninq M\u0259rk\u0259zinin prezidenti \u00fcmumi visseral v\u0259 onkoloji c\u0259rrah professor Qurbanxan M\u00fcsl\u00fcmovun r\u0259hb\u0259rliyi il\u0259 n\u00f6vb\u0259ti canl\u0131 c\u0259rrahiyy\u0259 kursu ke\u00e7iril\u0259c\u0259kdir. Canl\u0131 c\u0259rrahiyy\u0259 kursu \u00e7\u0259r\u00e7iv\u0259sind\u0259 saat 12:00 da &#8220;Sol b\u00f6yr\u0259yin yuxar\u0131 q\u00fctb\u00fcn\u00fcn b\u00f6y\u00fck \u00f6l\u00e7\u00fcl\u00fc \u015fi\u015fin\u0259 g\u00f6r\u0259, Laparoskopik solterefli radikal nefrektomiya&#8221; \u0259m\u0259liyyat\u0131 icra edil\u0259c\u0259k. Bunun [&hellip;]<\/p>\n","protected":false},"author":3,"featured_media":0,"parent":0,"menu_order":0,"comment_status":"closed","ping_status":"closed","template":"","meta":{"ngg_post_thumbnail":0,"footnotes":""},"_links":{"self":[{"href":"https:\/\/amicc.az\/index.php?rest_route=\/wp\/v2\/pages\/2136"}],"collection":[{"href":"https:\/\/amicc.az\/index.php?rest_route=\/wp\/v2\/pages"}],"about":[{"href":"https:\/\/amicc.az\/index.php?rest_route=\/wp\/v2\/types\/page"}],"author":[{"embeddable":true,"href":"https:\/\/amicc.az\/index.php?rest_route=\/wp\/v2\/users\/3"}],"replies":[{"embeddable":true,"href":"https:\/\/amicc.az\/index.php?rest_route=%2Fwp%2Fv2%2Fcomments&post=2136"}],"version-history":[{"count":3,"href":"https:\/\/amicc.az\/index.php?rest_route=\/wp\/v2\/pages\/2136\/revisions"}],"predecessor-version":[{"id":2141,"href":"https:\/\/amicc.az\/index.php?rest_route=\/wp\/v2\/pages\/2136\/revisions\/2141"}],"wp:attachment":[{"href":"https:\/\/amicc.az\/index.php?rest_route=%2Fwp%2Fv2%2Fmedia&parent=2136"}],"curies":[{"name":"wp","href":"https:\/\/api.w.org\/{rel}","templated":true}]}}