{"id":1850,"date":"2024-06-10T10:10:40","date_gmt":"2024-06-10T10:10:40","guid":{"rendered":"https:\/\/amicc.az\/?page_id=1850"},"modified":"2024-06-17T05:55:14","modified_gmt":"2024-06-17T05:55:14","slug":"treninql%c9%99r","status":"publish","type":"page","link":"https:\/\/amicc.az\/?page_id=1850","title":{"rendered":"Treninql\u0259r"},"content":{"rendered":"<p>Az\u0259rbaycan Minimal \u0130nvaziv C\u0259rrahlar C\u0259miyy\u0259tinin 9-12 May 2024-c\u00fc il tarixl\u0259rind\u0259 ke\u00e7irilmi\u015f konqresi \u00e7\u0259r\u00e7iv\u0259sind\u0259 ke\u00e7irilmi\u015f treninql\u0259r<\/p>\n<p><a href=\"http:\/\/amicc.az\/wp-content\/uploads\/2024\/06\/IMG-20240610-WA0020.jpg\" rel=\"lightbox[roadtrip]\"><img loading=\"lazy\" decoding=\"async\" class=\"alignnone size-medium\" src=\"http:\/\/amicc.az\/wp-content\/uploads\/2024\/06\/IMG-20240610-WA0020.jpg\" width=\"300\" height=\"300\" \/> <\/a>  <a href=\"http:\/\/amicc.az\/wp-content\/uploads\/2024\/06\/IMG-20240610-WA0023.jpg\" rel=\"lightbox[roadtrip]\"><img loading=\"lazy\" decoding=\"async\" class=\"alignnone size-medium\" src=\"http:\/\/amicc.az\/wp-content\/uploads\/2024\/06\/IMG-20240610-WA0023.jpg\" width=\"300\" height=\"300\" \/> <\/a>  <a href=\"http:\/\/amicc.az\/wp-content\/uploads\/2024\/06\/IMG-20240610-WA0038.jpg\" rel=\"lightbox[roadtrip]\"><img loading=\"lazy\" decoding=\"async\" class=\"alignnone size-medium\" src=\"http:\/\/amicc.az\/wp-content\/uploads\/2024\/06\/IMG-20240610-WA0038.jpg\" width=\"300\" height=\"300\" \/> <\/a> <a href=\"http:\/\/amicc.az\/wp-content\/uploads\/2024\/06\/IMG-20240610-WA0040.jpg\" rel=\"lightbox[roadtrip]\"><img loading=\"lazy\" decoding=\"async\" class=\"alignnone size-medium\" src=\"http:\/\/amicc.az\/wp-content\/uploads\/2024\/06\/IMG-20240610-WA0040.jpg\" width=\"300\" height=\"300\" \/> <\/a> <a href=\"http:\/\/amicc.az\/wp-content\/uploads\/2024\/06\/IMG-20240610-WA0032.jpg\" rel=\"lightbox[roadtrip]\"><img loading=\"lazy\" decoding=\"async\" class=\"alignnone size-medium\" src=\"http:\/\/amicc.az\/wp-content\/uploads\/2024\/06\/IMG-20240610-WA0032.jpg\" width=\"300\" height=\"300\" \/> <\/a><\/p>\n","protected":false},"excerpt":{"rendered":"<p>Az\u0259rbaycan Minimal \u0130nvaziv C\u0259rrahlar C\u0259miyy\u0259tinin 9-12 May 2024-c\u00fc il tarixl\u0259rind\u0259 ke\u00e7irilmi\u015f konqresi \u00e7\u0259r\u00e7iv\u0259sind\u0259 ke\u00e7irilmi\u015f treninql\u0259r<\/p>\n","protected":false},"author":3,"featured_media":0,"parent":1093,"menu_order":0,"comment_status":"closed","ping_status":"closed","template":"","meta":{"ngg_post_thumbnail":0,"footnotes":""},"_links":{"self":[{"href":"https:\/\/amicc.az\/index.php?rest_route=\/wp\/v2\/pages\/1850"}],"collection":[{"href":"https:\/\/amicc.az\/index.php?rest_route=\/wp\/v2\/pages"}],"about":[{"href":"https:\/\/amicc.az\/index.php?rest_route=\/wp\/v2\/types\/page"}],"author":[{"embeddable":true,"href":"https:\/\/amicc.az\/index.php?rest_route=\/wp\/v2\/users\/3"}],"replies":[{"embeddable":true,"href":"https:\/\/amicc.az\/index.php?rest_route=%2Fwp%2Fv2%2Fcomments&post=1850"}],"version-history":[{"count":11,"href":"https:\/\/amicc.az\/index.php?rest_route=\/wp\/v2\/pages\/1850\/revisions"}],"predecessor-version":[{"id":1966,"href":"https:\/\/amicc.az\/index.php?rest_route=\/wp\/v2\/pages\/1850\/revisions\/1966"}],"up":[{"embeddable":true,"href":"https:\/\/amicc.az\/index.php?rest_route=\/wp\/v2\/pages\/1093"}],"wp:attachment":[{"href":"https:\/\/amicc.az\/index.php?rest_route=%2Fwp%2Fv2%2Fmedia&parent=1850"}],"curies":[{"name":"wp","href":"https:\/\/api.w.org\/{rel}","templated":true}]}}