{"id":1835,"date":"2024-06-10T08:28:44","date_gmt":"2024-06-10T08:28:44","guid":{"rendered":"https:\/\/amicc.az\/?page_id=1835"},"modified":"2024-06-10T08:30:33","modified_gmt":"2024-06-10T08:30:33","slug":"azerbaycan-minimal-invaziv-cerrahlar-cemiyyetinin-sumqayit-konfransi","status":"publish","type":"page","link":"https:\/\/amicc.az\/?page_id=1835","title":{"rendered":"AZ\u018fRBAYCAN M\u0130N\u0130MAL \u0130NVAZ\u0130V C\u018fRRAHLAR C\u018fM\u0130YY\u018fT\u0130N\u0130N SUMQAYIT KONFRANSI"},"content":{"rendered":"<p>2 Mart 2024 tarixd\u0259 Sumqay\u0131t \u015f\u0259h\u0259rind\u0259, Heyd\u0259r \u018fliyev M\u0259rk\u0259zind\u0259 Az\u0259rbaycan Minimal \u0130nvaziv C\u0259rrahlar C\u0259miyy\u0259ti v\u0259 Almazakademi Tibbi Treninq M\u0259rk\u0259zinin t\u0259\u015fkilat\u00e7\u0131l\u0131\u011f\u0131 il\u0259 K\u0259skin Da\u015fl\u0131 Xolesistitin m\u00fcalic\u0259sind\u0259 m\u00fcasir yana\u015fmalar m\u00f6vzusunda konsensus konfrans ke\u00e7irildi. T\u0259dbird\u0259 Sumqay\u0131t \u015e\u0259h\u0259r \u0130cra hakimiyy\u0259tinin ba\u015f\u00e7\u0131s\u0131 Zakir F\u0259r\u0259cov, Milli M\u0259clisin \u0130qtisadi Siyas\u0259t, S\u0259naye v\u0259 Sahibkarl\u0131q Komit\u0259sinin s\u0259dri Tahir Mirki\u015fili,   Milli M\u0259clisin S\u0259hiyy\u0259 komiy\u0259sinin s\u0259dr m\u00fcavini R\u0259\u015fad Mahmudov, Mill\u0259t v\u0259kili M\u00fc\u015fviq M\u0259mm\u0259dli, T\u018fB\u0130B-in icra\u00e7\u0131 direktorunun m\u00fcavini Araz N\u0259sirov v\u0259 dig\u0259r r\u0259smil\u0259r i\u015ftirak\u00e7\u0131lar\u0131 salamlam\u0131\u015f v\u0259 bel\u0259 t\u0259dbirl\u0259rinn\u0259h\u0259miyy\u0259tind\u0259n dan\u0131\u015fm\u0131\u015flar.<br \/>\nT\u0259dbir prof Prof.Dr. Qurbanxan M\u00fcsl\u00fcmov t\u0259r\u0259find\u0259n icra edil\u0259r\u0259k 300 yax\u0131n i\u015ftirak\u00e7\u0131 \u00fc\u00e7\u00fcn zala translyasiya edil\u0259n canl\u0131 c\u0259rrahiyy\u0259 il\u0259 i\u015fin\u0259 ba\u015flam\u0131\u015fd\u0131r. Plenar \u0130clasda Prof. Qurbanxan M\u00fcsl\u00fcmov, prof.  Rashad Mahmudov, prof. \u0130slam Mahalov, PhDDr Emil Muxtarov, PhD Dr F\u0259rid R\u0259fiyev, Dr Nicat Al\u0131\u015fov v\u0259 Dr Cavan\u015fir Vahabov t\u0259r\u0259find\u0259n maraql\u0131 m\u0259ruz\u0259l\u0259r oxunulmu\u015f v\u0259 i\u015ftirak\u00e7\u0131larla b\u0259rab\u0259r s\u0259m\u0259r\u0259li m\u00fczakir\u0259l\u0259r t\u0259\u015fkil edilmi\u015fdir.<br \/>\nT\u0259dbirin \u0259rs\u0259y\u0259 g\u0259lm\u0259sind\u0259 \u0259m\u0259yi ke\u00e7\u0259n h\u0259r k\u0259s\u0259, ba\u015fda Az\u0259rbaycan Minimal \u0130nvaziv C\u0259rrahlar C\u0259miyy\u0259tinin fak\u00fclt\u0259 \u00fczvl\u0259ri v\u0259 t\u0259dbir\u0259 ev sahibliyi ed\u0259n T\u018fB\u0130B in Sumqayit Tibb M\u0259rk\u0259zi olmaqla t\u0259\u015f\u0259kk\u00fcr edirik.<\/p>\n","protected":false},"excerpt":{"rendered":"<p>2 Mart 2024 tarixd\u0259 Sumqay\u0131t \u015f\u0259h\u0259rind\u0259, Heyd\u0259r \u018fliyev M\u0259rk\u0259zind\u0259 Az\u0259rbaycan Minimal \u0130nvaziv C\u0259rrahlar C\u0259miyy\u0259ti v\u0259 Almazakademi Tibbi Treninq M\u0259rk\u0259zinin t\u0259\u015fkilat\u00e7\u0131l\u0131\u011f\u0131 il\u0259 K\u0259skin Da\u015fl\u0131 Xolesistitin m\u00fcalic\u0259sind\u0259 m\u00fcasir yana\u015fmalar m\u00f6vzusunda konsensus konfrans ke\u00e7irildi. T\u0259dbird\u0259 Sumqay\u0131t \u015e\u0259h\u0259r \u0130cra hakimiyy\u0259tinin ba\u015f\u00e7\u0131s\u0131 Zakir F\u0259r\u0259cov, Milli M\u0259clisin \u0130qtisadi Siyas\u0259t, S\u0259naye v\u0259 Sahibkarl\u0131q Komit\u0259sinin s\u0259dri Tahir Mirki\u015fili, Milli M\u0259clisin S\u0259hiyy\u0259 komiy\u0259sinin s\u0259dr [&hellip;]<\/p>\n","protected":false},"author":3,"featured_media":0,"parent":0,"menu_order":0,"comment_status":"closed","ping_status":"closed","template":"","meta":{"ngg_post_thumbnail":0,"footnotes":""},"_links":{"self":[{"href":"https:\/\/amicc.az\/index.php?rest_route=\/wp\/v2\/pages\/1835"}],"collection":[{"href":"https:\/\/amicc.az\/index.php?rest_route=\/wp\/v2\/pages"}],"about":[{"href":"https:\/\/amicc.az\/index.php?rest_route=\/wp\/v2\/types\/page"}],"author":[{"embeddable":true,"href":"https:\/\/amicc.az\/index.php?rest_route=\/wp\/v2\/users\/3"}],"replies":[{"embeddable":true,"href":"https:\/\/amicc.az\/index.php?rest_route=%2Fwp%2Fv2%2Fcomments&post=1835"}],"version-history":[{"count":2,"href":"https:\/\/amicc.az\/index.php?rest_route=\/wp\/v2\/pages\/1835\/revisions"}],"predecessor-version":[{"id":1839,"href":"https:\/\/amicc.az\/index.php?rest_route=\/wp\/v2\/pages\/1835\/revisions\/1839"}],"wp:attachment":[{"href":"https:\/\/amicc.az\/index.php?rest_route=%2Fwp%2Fv2%2Fmedia&parent=1835"}],"curies":[{"name":"wp","href":"https:\/\/api.w.org\/{rel}","templated":true}]}}