{"id":171,"date":"2021-01-18T13:37:16","date_gmt":"2021-01-18T13:37:16","guid":{"rendered":"http:\/\/amicc.az\/?page_id=171"},"modified":"2026-03-03T14:27:43","modified_gmt":"2026-03-03T14:27:43","slug":"umumi-m%c9%99lumat","status":"publish","type":"page","link":"https:\/\/amicc.az\/?page_id=171","title":{"rendered":"\u00dcmumi m\u0259lumat"},"content":{"rendered":"\r\n<div class=\"meSK8 M7eMe\" role=\"heading\" aria-level=\"2\">\u00dczv olman\u0131n \u00fcst\u00fcnl\u00fckl\u0259ri<\/div>\r\n<div class=\"spb5Rd OIC90c\">B\u00fct\u00fcn regional konfranslara qat\u0131lmaq \u00f6d\u0259ni\u015fsizdir.\r\n<div>T\u0259qvim ili \u0259rzind\u0259 ke\u00e7iril\u0259n konfranslar v\u0259 treyninql\u0259r\u0259 30% g\u00fcz\u0259\u015ft<\/div>\r\n<div>v\u0259 s. \u00fcst\u00fcnl\u00fckl\u0259r<\/div>\r\n<\/div>\r\n\r\n\r\n\r\n<ul>\r\n<li>\r\n<div class=\"o3Dpx\" role=\"list\">\r\n<div class=\"Qr7Oae\" role=\"listitem\">\r\n<div class=\"OxAavc\" data-item-id=\"1973158559\">\r\n<div class=\"meSK8 M7eMe\" role=\"heading\" aria-level=\"2\">\u0130llik \u00fczvl\u00fck haqq\u0131: 80 azn<\/div>\r\n<\/div>\r\n<\/div>\r\n<\/div>\r\n<\/li>\r\n<\/ul>\r\n<p><a href=\"https:\/\/drive.google.com\/file\/d\/1GPuPpYQWmgSeky4xkNdvm49SS-B0TM94\/view?usp=sharing\">\u00d6d\u0259ni\u015f \u015f\u0259rtl\u0259ri \u00fc\u00e7\u00fcn buraya daxil olun<\/a><\/p>\r\n","protected":false},"excerpt":{"rendered":"<p>\u00dczv olman\u0131n \u00fcst\u00fcnl\u00fckl\u0259ri B\u00fct\u00fcn regional konfranslara qat\u0131lmaq \u00f6d\u0259ni\u015fsizdir. T\u0259qvim ili \u0259rzind\u0259 ke\u00e7iril\u0259n konfranslar v\u0259 treyninql\u0259r\u0259 30% g\u00fcz\u0259\u015ft v\u0259 s. \u00fcst\u00fcnl\u00fckl\u0259r \u0130llik \u00fczvl\u00fck haqq\u0131: 80 azn \u00d6d\u0259ni\u015f \u015f\u0259rtl\u0259ri \u00fc\u00e7\u00fcn buraya daxil olun<\/p>\n","protected":false},"author":1,"featured_media":0,"parent":139,"menu_order":0,"comment_status":"closed","ping_status":"closed","template":"","meta":{"ngg_post_thumbnail":0,"footnotes":""},"_links":{"self":[{"href":"https:\/\/amicc.az\/index.php?rest_route=\/wp\/v2\/pages\/171"}],"collection":[{"href":"https:\/\/amicc.az\/index.php?rest_route=\/wp\/v2\/pages"}],"about":[{"href":"https:\/\/amicc.az\/index.php?rest_route=\/wp\/v2\/types\/page"}],"author":[{"embeddable":true,"href":"https:\/\/amicc.az\/index.php?rest_route=\/wp\/v2\/users\/1"}],"replies":[{"embeddable":true,"href":"https:\/\/amicc.az\/index.php?rest_route=%2Fwp%2Fv2%2Fcomments&post=171"}],"version-history":[{"count":8,"href":"https:\/\/amicc.az\/index.php?rest_route=\/wp\/v2\/pages\/171\/revisions"}],"predecessor-version":[{"id":4571,"href":"https:\/\/amicc.az\/index.php?rest_route=\/wp\/v2\/pages\/171\/revisions\/4571"}],"up":[{"embeddable":true,"href":"https:\/\/amicc.az\/index.php?rest_route=\/wp\/v2\/pages\/139"}],"wp:attachment":[{"href":"https:\/\/amicc.az\/index.php?rest_route=%2Fwp%2Fv2%2Fmedia&parent=171"}],"curies":[{"name":"wp","href":"https:\/\/api.w.org\/{rel}","templated":true}]}}