{"id":121,"date":"2021-01-18T13:34:40","date_gmt":"2021-01-18T13:34:40","guid":{"rendered":"http:\/\/amicc.az\/?page_id=121"},"modified":"2024-05-02T12:40:47","modified_gmt":"2024-05-02T12:40:47","slug":"d%c9%99rn%c9%99k-v%c9%99-komit%c9%99l%c9%99r","status":"publish","type":"page","link":"https:\/\/amicc.az\/?page_id=121","title":{"rendered":"D\u0259rn\u0259k v\u0259 Komit\u0259l\u0259r"},"content":{"rendered":"\r\n<blockquote class=\"wp-block-quote is-layout-flow wp-block-quote-is-layout-flow\"><p><strong>\u00dcmumi v\u0259 Visseral C\u0259rrahiyy\u0259 D\u0259rn\u0259yi<\/strong><\/p><cite>S\u0259dr &#8211; Dr. \u0130lqar \u0130smay\u0131lov<br>Katib &#8211; Dr. Z\u00f6hr\u0259 Azadova<\/cite><\/blockquote>\r\n\r\n\r\n\r\n<blockquote class=\"wp-block-quote is-layout-flow wp-block-quote-is-layout-flow\"><p><strong>Ginekologiya<\/strong> <strong>D\u0259rn\u0259yi<\/strong><\/p><cite>S\u0259dr &#8211; Prof. \u0130slam Mahalov<br>Katib &#8211; Dr. N\u0259rgiz M\u0259mm\u0259dova<\/cite><\/blockquote>\r\n\r\n\r\n\r\n<blockquote class=\"wp-block-quote is-layout-flow wp-block-quote-is-layout-flow\"><p><strong>C\u0259rrahi Diaqnostik Endoskopiya<\/strong> <strong>D\u0259rn\u0259yi<\/strong><\/p><cite>S\u0259dr &#8211; Phd., Dosent Tarverdi Rzayev<br> Katib &#8211; Dr. H\u0259c\u0259r H\u0259s\u0259nova<\/cite><\/blockquote>\r\n\r\n\r\n\r\n<blockquote class=\"wp-block-quote is-layout-flow wp-block-quote-is-layout-flow\"><p><strong>Radiologiya D\u0259rn\u0259yi<\/strong><\/p><cite>S\u0259dr &#8211; Dr. A\u011faki\u015fi Yahyayev <br>Katib &#8211; Dr. C\u0259lal\u0259 Piriyeva<\/cite><\/blockquote>\r\n\r\n\r\n\r\n<blockquote class=\"wp-block-quote is-layout-flow wp-block-quote-is-layout-flow\"><p><strong>Urologiya<\/strong> <strong>D\u0259rn\u0259yi<\/strong><\/p><cite>S\u0259dr &#8211; Phd. Emil Muxtarov <br>Katib &#8211; <\/cite><\/blockquote>\r\n\r\n\r\n\r\n<blockquote class=\"wp-block-quote is-layout-flow wp-block-quote-is-layout-flow\"><p><strong>Tibb Bac\u0131lar\u0131 D\u0259rn\u0259yi<\/strong><\/p><cite>S\u0259dr &#8211; \u018fziz\u0259 \u018fliyeva<br> Katib &#8211; T.B. \u018ffsan\u0259 Ba\u011f\u0131\u015fova<\/cite><\/blockquote>\r\n\r\n\r\n\r\n<p>   <\/p>\r\n\r\n\r\n\r\n<h2 class=\"wp-block-heading\">KOM\u0130T\u018fL\u018fR<\/h2>\r\n\r\n\r\n\r\n<blockquote class=\"wp-block-quote is-layout-flow wp-block-quote-is-layout-flow\"><p><strong>Proqram Komit\u0259si<\/strong><\/p><\/blockquote>\r\n\r\n\r\n\r\n<blockquote class=\"wp-block-quote is-layout-flow wp-block-quote-is-layout-flow\"><p><strong>Xarici \u018flaq\u0259l\u0259r Komit\u0259si<\/strong><\/p><\/blockquote>\r\n\r\n\r\n\r\n<blockquote class=\"wp-block-quote is-layout-flow wp-block-quote-is-layout-flow\"><p><strong>Davaml\u0131 T\u0259hsil v\u0259 Treyninq Komit\u0259si<\/strong><\/p><cite>Dr. Tapd\u0131q M\u0259mm\u0259dov &#8211; S\u0259dr<\/cite><\/blockquote>\r\n\r\n\r\n\r\n<blockquote class=\"wp-block-quote is-layout-flow wp-block-quote-is-layout-flow\"><p><strong>Redaksiya Komit\u0259si<\/strong><\/p><cite>Natiq Zeynalov &#8211; S\u0259dr<\/cite><\/blockquote>\r\n\r\n\r\n\r\n<blockquote class=\"wp-block-quote is-layout-flow wp-block-quote-is-layout-flow\"><p><strong>Elm v\u0259 T\u0259dqiqatlar Komit\u0259si<\/strong><\/p><cite>Dr. Elg\u00fcn S\u0259m\u0259d &#8211; S\u0259dr <br>Dr. \u0130lqar Namazov &#8211; Katib<\/cite><\/blockquote>\r\n\r\n\r\n\r\n<p><\/p>\r\n","protected":false},"excerpt":{"rendered":"<p>\u00dcmumi v\u0259 Visseral C\u0259rrahiyy\u0259 D\u0259rn\u0259yi S\u0259dr &#8211; Dr. \u0130lqar \u0130smay\u0131lovKatib &#8211; Dr. Z\u00f6hr\u0259 Azadova Ginekologiya D\u0259rn\u0259yi S\u0259dr &#8211; Prof. \u0130slam MahalovKatib &#8211; Dr. N\u0259rgiz M\u0259mm\u0259dova C\u0259rrahi Diaqnostik Endoskopiya D\u0259rn\u0259yi S\u0259dr &#8211; Phd., Dosent Tarverdi Rzayev Katib &#8211; Dr. H\u0259c\u0259r H\u0259s\u0259nova Radiologiya D\u0259rn\u0259yi S\u0259dr &#8211; Dr. A\u011faki\u015fi Yahyayev Katib &#8211; Dr. C\u0259lal\u0259 Piriyeva Urologiya D\u0259rn\u0259yi S\u0259dr [&hellip;]<\/p>\n","protected":false},"author":2,"featured_media":0,"parent":0,"menu_order":0,"comment_status":"closed","ping_status":"closed","template":"","meta":{"ngg_post_thumbnail":0,"footnotes":""},"_links":{"self":[{"href":"https:\/\/amicc.az\/index.php?rest_route=\/wp\/v2\/pages\/121"}],"collection":[{"href":"https:\/\/amicc.az\/index.php?rest_route=\/wp\/v2\/pages"}],"about":[{"href":"https:\/\/amicc.az\/index.php?rest_route=\/wp\/v2\/types\/page"}],"author":[{"embeddable":true,"href":"https:\/\/amicc.az\/index.php?rest_route=\/wp\/v2\/users\/2"}],"replies":[{"embeddable":true,"href":"https:\/\/amicc.az\/index.php?rest_route=%2Fwp%2Fv2%2Fcomments&post=121"}],"version-history":[{"count":22,"href":"https:\/\/amicc.az\/index.php?rest_route=\/wp\/v2\/pages\/121\/revisions"}],"predecessor-version":[{"id":1210,"href":"https:\/\/amicc.az\/index.php?rest_route=\/wp\/v2\/pages\/121\/revisions\/1210"}],"wp:attachment":[{"href":"https:\/\/amicc.az\/index.php?rest_route=%2Fwp%2Fv2%2Fmedia&parent=121"}],"curies":[{"name":"wp","href":"https:\/\/api.w.org\/{rel}","templated":true}]}}