{"id":1093,"date":"2024-04-03T05:03:52","date_gmt":"2024-04-03T05:03:52","guid":{"rendered":"https:\/\/amicc.az\/?page_id=1093"},"modified":"2024-05-31T09:58:30","modified_gmt":"2024-05-31T09:58:30","slug":"amic-konqres-may-2024","status":"publish","type":"page","link":"https:\/\/amicc.az\/?page_id=1093","title":{"rendered":"AZ\u018fRBAYCAN M\u0130N\u0130MAL \u0130NVAZ\u0130V C\u018fRRAHLAR C\u018fRRAHLAR C\u018fM\u0130YY\u018fT\u0130N\u0130N 1-C\u0130 KONQRES\u0130 9-12 MAY 2024"},"content":{"rendered":"<p><a href='https:\/\/drive.google.com\/file\/d\/1E27sUC2oJeWxlOnEqSe6FVz-6xVynYLZ\/view?usp=drive_link' class='small-button smallblue' target=\"_blank\">KONQRESIN PROQRAMI<\/a> <a href='https:\/\/amicc.az\/?page_id=1388' class='small-button smallblue' target=\"_blank\">Qalareya<\/a><\/p>\n<p>\u018fziz dostlar,<\/p>\n<p>D\u0259y\u0259rli kolleqalar,<\/p>\n<p>9-12 May 2024-c\u00fc il tarixl\u0259rind\u0259 Az\u0259rbaycan Minimal \u0130nvaziv C\u0259rrahlar C\u0259miyy\u0259ti &#8211; AM\u0130CC in 1-ci Konqresi ba\u015f tutdu. 350 yerli v\u0259 150 xarici i\u015ftirak\u00e7\u0131n\u0131n qat\u0131ld\u0131\u011f\u0131 bu konqresin \u0259n b\u00f6y\u00fck \u00f6z\u0259llikl\u0259rind\u0259n biri 4 g\u00fcnl\u00fck canl\u0131 c\u0259rrahiyy\u0259 kursunun v\u0259 ustad d\u0259rsl\u0259rinin ke\u00e7irilm\u0259si oldu. \u018fsl marafonu xat\u0131rladan canl\u0131 c\u0259rrahiyy\u0259 kursu ( Milli Onkologiya M\u0259rk\u0259zi, M.Top\u00e7uba\u015fov ad. Elmi C\u0259rrahiyy\u0259 M\u0259rk\u0259zi, Bak\u0131 Sa\u011flaml\u0131q M\u0259rk\u0259zi, Respubluka Diaqnostika M\u0259rk\u0259zi, Ab\u015feron M\u0259rk\u0259zi X\u0259st\u0259xanas\u0131, M\u0259rk\u0259zi Kliniki X\u0259st\u0259xana, LivBonaDea Hospital, German Hospital v\u0259 Kraton klinikalar\u0131) \u00e7\u0259r\u00e7iv\u0259sind\u0259 30 x\u0259st\u0259 \u00fcz\u0259rind\u0259 canl\u0131 \u0259m\u0259liyyat\u0131 icra edil\u0259r\u0259k konqres zal\u0131na translyasiya edilm\u0259kl\u0259 bizim v\u0259 Az\u0259rbaycan c\u0259rrahiyy\u0259sinin n\u0259y\u0259 qadir oldu\u011funu ortaya qoydu.<\/p>\n<p>Konqresin dig\u0259r \u00f6z\u0259lliyi 15 ixtisas \u00fczr\u0259 tibbi treninq kurslar\u0131 v\u0259 ustad d\u0259rsl\u0259ri d\u0259 t\u0259\u015fkil edilm\u0259si olmu\u015fdur. T\u00fcrkiy\u0259 C\u0259rrahi H\u0259m\u015fir\u0259liyi d\u0259rn\u0259yinin d\u0259st\u0259yi il\u0259 t\u0259\u015fkil olunan C\u0259rrahiyy\u0259 v\u0259 \u018fm\u0259liyyatxana Tibb Bac\u0131lar\u0131n\u0131n 1. Konqresi \u00e7\u0259r\u00e7iv\u0259sind\u0259 d\u0259 Az\u0259rbaycan\u0131n b\u00fct\u00fcn regionlar\u0131nda g\u0259lmi\u015f 100-d\u0259n \u00e7ox tibb bac\u0131s\u0131 \u00fc\u00e7\u00fcn maraql\u0131 seminarlar v\u0259 treninq kurslar\u0131 t\u0259\u015fkil edilmi\u015fdir.<\/p>\n<p>Konqres\u0259 qarda\u015f \u00d6zb\u0259kistandan 100-\u0259 yax\u0131n m\u00fct\u0259x\u0259ssis qat\u0131lmas\u0131 uzun ill\u0259r \u0259rtzind\u0259 bu y\u00f6n\u00fcmd\u0259 g\u00f6rd\u00fcy\u00fcm\u00fcz i\u015fl\u0259rin n\u0259tic\u0259si v\u0259 Az\u0259rbaycanda Minimal \u0130nvaziv C\u0259rrahiyy\u0259nin inki\u015faf g\u00f6st\u0259ricisidir.<\/p>\n<p>Konqres Prezidentl\u0259ri olaraq ilk n\u00f6vb\u0259d\u0259 bu t\u0259dbirin t\u0259\u015fkilin\u0259 verdikl\u0259ri d\u0259st\u0259y\u0259 g\u00f6r\u0259 Az\u0259rbaycan Minimal \u0130nvaziv C\u0259rrahlar C\u0259miyy\u0259tinin \u0130dar\u0259 Heyy\u0259tinin \u00fczvl\u0259ri &#8211; \u018fli Allahverdiyev, Zaur X\u0259lilov, Emil Muxtarov, \u0130lqar \u0130smay\u0131lov, F\u0259rid R\u0259fiyev, A\u011faki\u015fi Y\u0259hyayev, Nicat Al\u0131\u015fov, Tarverdi Rzayev, bu u\u011furda x\u00fcsusi paylar\u0131\u0131 olan V\u00fcqar Behbudov, Natiq Zeynalov, Z\u00f6hr\u0259 Azadova v\u0259 \u018fziz\u0259 \u018fliyevaya d\u0259rin t\u0259\u015f\u0259kk\u00fcr\u00fcm\u00fcz\u00fc bildiririk. Canl\u0131 c\u0259rrahiyy\u0259 v\u0259 treyninq kurslar\u0131n\u0131n t\u0259\u015fkilind\u0259 \u0259m\u0259yi olan Tapd\u0131q M\u0259mm\u0259dov, H\u0259zi Aslanov, H\u0259c\u0259r H\u0259s\u0259nova, Turan H\u0259s\u0259nov, Taleh B\u0259\u015firov, V\u00fcsal G\u00f6y\u00fc\u015fov, Az\u0259r H\u00fcmm\u0259tov, V\u00fcqar F\u0259ttahpur, Mahmud Mahmudov, Niyam\u0259ddin \u018fliyev, \u018fli Bax\u015f\u0259liyev, \u0130lyas H\u0259s\u0259nov, \u0130lkin Ha\u015f\u0131mov, Cavid \u018fhm\u0259dov, bu \u0259m\u0259liyyatlar\u0131n icra edildiyi Milli Onkologiya M\u0259rk\u0259zi, M.Top\u00e7uba\u015fov ad. Elmi C\u0259rrahiyy\u0259 M\u0259rk\u0259zi, Bak\u0131 Sa\u011flaml\u0131q M\u0259rk\u0259zi, Respubluka Diaqnostika M\u0259rk\u0259zi, Ab\u015feron M\u0259rk\u0259zi X\u0259st\u0259xanas\u0131, M\u0259rk\u0259zi Kliniki X\u0259st\u0259xana, LivBonaDea Hospital, German Hospital v\u0259 Kraton klinikalar\u0131n\u0131n r\u0259hb\u0259rl\u0259rin\u0259, moderatorlar\u0131m\u0131z Gerasim R\u00fcst\u0259mov, Nuru Bayramov, Samir Cavadzad\u0259, Fuad Quliyev, Rauf Na\u011f\u0131yev, El\u00e7in A\u011fayev, B\u0259xtiyar Musayev, \u0130lah\u0259 Quliyeva, R\u0259\u015fad \u015eolan, Taryel \u00d6m\u0259rov, El\u011f\u00fcn S\u0259m\u0259dov, \u0130lham Qafarov, Elman \u0130brahimov, \u00e7oxsayl\u0131 xarici v\u0259 yerli m\u0259ruz\u0259\u00e7il\u0259rimiz\u0259, t\u0259dbirin sponsorlar\u0131na, ba\u015fda BioLitek \u015firk\u0259ti, KRKA, B\/Braun, SolPharma, \u0130mago, Medeks v\u0259 Kraton \u015firk\u0259tl\u0259rin\u0259 v\u0259 ad\u0131n\u0131 \u00e7\u0259km\u0259diyimiz \u0259m\u0259yi olan h\u0259r k\u0259s\u0259 minn\u0259tdar\u0131q.<\/p>\n<p>X\u00fcsusi olaraq Az\u0259rbaycan Respublikas\u0131 S\u0259hiyy\u0259 Nazirliyi, \u0130cbari Tibbi S\u0131\u011forta Agentliyi, T\u018fB\u0130B, \u00d6zb\u0259kistan Respublikas\u0131 S\u0259hiyy\u0259 Nazirliyin\u0259 t\u0259dbirin t\u0259\u015fkilin\u0259 verdikl\u0259ri d\u0259st\u0259y\u0259 g\u00f6r\u0259 t\u0259\u015f\u0259kk\u00fcr edirik. t\u0259\u015fkilat qrupuna v\u0259 \u0259m\u0259yi ke\u00e7\u0259n h\u0259r k\u0259s\u0259 d\u0259rin minn\u0259tdarl\u0131\u011f\u0131m\u0131lz\u0131 bildiririk.<\/p>\n<p>KONQRES PREZ\u0130DENTL\u018fR\u0130<\/p>\n<p>QURBANXAN M\u00dcSL\u00dcMOV<\/p>\n<p>\u0130SLAM MAHALOV<\/p>\n<p>&nbsp;<\/p>\n<p>&nbsp;<\/p>\n<p>&nbsp;<\/p>\n<p><img loading=\"lazy\" decoding=\"async\" class=\"alignnone \" src=\"http:\/\/amicc.az\/wp-content\/uploads\/2024\/05\/ilkin.jpg\" width=\"1298\" height=\"730\" \/><\/p>\n<p>&nbsp;<\/p>\n<p><img loading=\"lazy\" decoding=\"async\" class=\"alignnone \" src=\"http:\/\/amicc.az\/wp-content\/uploads\/2024\/05\/1-CI-PLENAR-ICLAS.jpg\" width=\"218\" height=\"273\" \/>\u00a0 \u00a0<img loading=\"lazy\" decoding=\"async\" class=\"alignnone\" src=\"http:\/\/amicc.az\/wp-content\/uploads\/2024\/05\/2ci-plenar-iclas.jpg\" width=\"217\" height=\"271\" \/>\u00a0 \u00a0<img loading=\"lazy\" decoding=\"async\" class=\"alignnone\" src=\"http:\/\/amicc.az\/wp-content\/uploads\/2024\/05\/3CU-PLENAR-ICLAS.jpg\" width=\"217\" height=\"271\" \/><\/p>\n<p><img loading=\"lazy\" decoding=\"async\" class=\"alignnone \" src=\"http:\/\/amicc.az\/wp-content\/uploads\/2024\/05\/Ginekologiya-iclas.jpg\" width=\"214\" height=\"267\" \/>\u00a0 \u00a0 <img loading=\"lazy\" decoding=\"async\" class=\"alignnone \" src=\"http:\/\/amicc.az\/wp-content\/uploads\/2024\/05\/urologiya-iclas.jpg\" width=\"213\" height=\"266\" \/>\u00a0 \u00a0 <img loading=\"lazy\" decoding=\"async\" class=\"alignnone \" src=\"http:\/\/amicc.az\/wp-content\/uploads\/2024\/05\/bariatrik-iclas.jpg\" width=\"212\" height=\"265\" \/><\/p>\n<p><img loading=\"lazy\" decoding=\"async\" class=\"alignnone \" src=\"http:\/\/amicc.az\/wp-content\/uploads\/2024\/05\/Endoskopiya-iclas.jpg\" width=\"214\" height=\"267\" \/>\u00a0 \u00a0 \u00a0<img loading=\"lazy\" decoding=\"async\" class=\"\" src=\"http:\/\/amicc.az\/wp-content\/uploads\/2024\/04\/WhatsApp-Image-2024-04-02-at-06.56.52-1.jpeg\" width=\"227\" height=\"268\" \/>\u00a0 \u00a0 <img loading=\"lazy\" decoding=\"async\" class=\"\" src=\"http:\/\/amicc.az\/wp-content\/uploads\/2024\/04\/WhatsApp-Image-2024-04-02-at-06.56.53.jpeg\" width=\"226\" height=\"266\" \/><\/p>\n<p><img loading=\"lazy\" decoding=\"async\" class=\"alignnone size-medium\" src=\"http:\/\/amicc.az\/wp-content\/uploads\/2024\/05\/Umumi-fleyer.jpg\" width=\"1080\" height=\"1080\" \/><\/p>\n<p>&nbsp;<\/p>\n<div id=\"gtx-trans\" style=\"position: absolute; left: -15px; top: 104px;\">\n<div class=\"gtx-trans-icon\"><\/div>\n<\/div>\n","protected":false},"excerpt":{"rendered":"<p>\u018fziz dostlar, D\u0259y\u0259rli kolleqalar, 9-12 May 2024-c\u00fc il tarixl\u0259rind\u0259 Az\u0259rbaycan Minimal \u0130nvaziv C\u0259rrahlar C\u0259miyy\u0259ti &#8211; AM\u0130CC in 1-ci Konqresi ba\u015f tutdu. 350 yerli v\u0259 150 xarici i\u015ftirak\u00e7\u0131n\u0131n qat\u0131ld\u0131\u011f\u0131 bu konqresin \u0259n b\u00f6y\u00fck \u00f6z\u0259llikl\u0259rind\u0259n biri 4 g\u00fcnl\u00fck canl\u0131 c\u0259rrahiyy\u0259 kursunun v\u0259 ustad d\u0259rsl\u0259rinin ke\u00e7irilm\u0259si oldu. \u018fsl marafonu xat\u0131rladan canl\u0131 c\u0259rrahiyy\u0259 kursu ( Milli Onkologiya M\u0259rk\u0259zi, M.Top\u00e7uba\u015fov [&hellip;]<\/p>\n","protected":false},"author":2,"featured_media":0,"parent":0,"menu_order":0,"comment_status":"closed","ping_status":"closed","template":"","meta":{"ngg_post_thumbnail":0,"footnotes":""},"_links":{"self":[{"href":"https:\/\/amicc.az\/index.php?rest_route=\/wp\/v2\/pages\/1093"}],"collection":[{"href":"https:\/\/amicc.az\/index.php?rest_route=\/wp\/v2\/pages"}],"about":[{"href":"https:\/\/amicc.az\/index.php?rest_route=\/wp\/v2\/types\/page"}],"author":[{"embeddable":true,"href":"https:\/\/amicc.az\/index.php?rest_route=\/wp\/v2\/users\/2"}],"replies":[{"embeddable":true,"href":"https:\/\/amicc.az\/index.php?rest_route=%2Fwp%2Fv2%2Fcomments&post=1093"}],"version-history":[{"count":32,"href":"https:\/\/amicc.az\/index.php?rest_route=\/wp\/v2\/pages\/1093\/revisions"}],"predecessor-version":[{"id":1717,"href":"https:\/\/amicc.az\/index.php?rest_route=\/wp\/v2\/pages\/1093\/revisions\/1717"}],"wp:attachment":[{"href":"https:\/\/amicc.az\/index.php?rest_route=%2Fwp%2Fv2%2Fmedia&parent=1093"}],"curies":[{"name":"wp","href":"https:\/\/api.w.org\/{rel}","templated":true}]}}