{"id":10,"date":"2021-01-10T16:47:11","date_gmt":"2021-01-10T16:47:11","guid":{"rendered":"http:\/\/amicc.az\/?page_id=10"},"modified":"2026-05-06T18:19:40","modified_gmt":"2026-05-06T18:19:40","slug":"%c9%99sas-s%c9%99hif%c9%99","status":"publish","type":"page","link":"https:\/\/amicc.az\/","title":{"rendered":"\u018fsas S\u0259hif\u0259"},"content":{"rendered":"<div><img loading=\"lazy\" decoding=\"async\" class=\"aligncenter wp-image-4593 size-large\" src=\"http:\/\/amicc.az\/wp-content\/uploads\/2026\/05\/Screenshot-2026-05-06-at-22.18.38-1019x720.png\" alt=\"\" width=\"1019\" height=\"720\" srcset=\"https:\/\/amicc.az\/wp-content\/uploads\/2026\/05\/Screenshot-2026-05-06-at-22.18.38-1019x720.png 1019w, https:\/\/amicc.az\/wp-content\/uploads\/2026\/05\/Screenshot-2026-05-06-at-22.18.38-272x192.png 272w, https:\/\/amicc.az\/wp-content\/uploads\/2026\/05\/Screenshot-2026-05-06-at-22.18.38-232x164.png 232w, https:\/\/amicc.az\/wp-content\/uploads\/2026\/05\/Screenshot-2026-05-06-at-22.18.38-768x543.png 768w, https:\/\/amicc.az\/wp-content\/uploads\/2026\/05\/Screenshot-2026-05-06-at-22.18.38-1536x1085.png 1536w, https:\/\/amicc.az\/wp-content\/uploads\/2026\/05\/Screenshot-2026-05-06-at-22.18.38-400x284.png 400w, https:\/\/amicc.az\/wp-content\/uploads\/2026\/05\/Screenshot-2026-05-06-at-22.18.38-1080x763.png 1080w, https:\/\/amicc.az\/wp-content\/uploads\/2026\/05\/Screenshot-2026-05-06-at-22.18.38.png 1868w\" sizes=\"(max-width: 1019px) 100vw, 1019px\" \/><\/div>\n<div><\/div>\n<div style=\"text-align: center;\">&#8212;&#8212;&#8212;&#8212;&#8212;&#8212;&#8212;-<\/div>\n<div style=\"text-align: center;\"><a class=\"maxbutton-11 maxbutton maxbutton-live-surgery\" href=\"https:\/\/us06web.zoom.us\/j\/89204103047?pwd=wrvTcO8UDLS9HMxcRA1Ojw43PNadOP.1#success\"><span class='mb-text'>LIVE SURGERY<\/span><\/a>\u00a0 <a class=\"maxbutton-12 maxbutton maxbutton-canli-cc999rrahiyyc999\" href=\"https:\/\/us06web.zoom.us\/j\/89204103047?pwd=wrvTcO8UDLS9HMxcRA1Ojw43PNadOP.1#success\"><span class='mb-text'>CANLI C\u018fRRAH\u0130YY\u018f<\/span><\/a><\/div>\n<div style=\"text-align: center;\">.<\/div>\n<div style=\"text-align: center;\"><a class=\"maxbutton-7 maxbutton maxbutton-congress-program\" title=\"CONGRESS PROGRAM\" href=\"https:\/\/drive.google.com\/file\/d\/1RCMfhLXgtb9DJiT38GyomVZxjzywlcW3\/view?usp=sharing\"><span class='mb-text'>CONGRESS PROGRAM<\/span><\/a>\u00a0 <a class=\"maxbutton-5 maxbutton maxbutton-konfrans-proqrami\" title=\"KONFRANS PROQRAMI\" href=\"https:\/\/drive.google.com\/file\/d\/15W-uUYs3XoFgTn8KHga3mxWacGKrGfPI\/view?usp=sharing\"><span class='mb-text'>KONFRANS PROQRAMI<\/span><\/a><\/div>\n<div style=\"text-align: center;\">.<\/div>\n<div style=\"text-align: center;\"><a class=\"maxbutton-9 maxbutton maxbutton-konfransa-qeydiyyat\" target=\"_blank\" title=\"REGISTRATION FOR CONGRESS\" rel=\"noopener\" href=\"https:\/\/forms.gle\/xdkSvPpzUp6JpX3N7\"><span class='mb-text'>REGISTRATION FOR CONGRESS<\/span><\/a>\u00a0\u00a0 <a class=\"maxbutton-4 maxbutton maxbutton-konfransa-qeydiyyat\" target=\"_blank\" title=\"KONQRES\u018f QEYD\u0130YYAT\" rel=\"noopener\" href=\"https:\/\/forms.gle\/xdkSvPpzUp6JpX3N7\"><span class='mb-text'>KONQRES\u018f QEYD\u0130YYAT<\/span><\/a><\/div>\n<div style=\"text-align: center;\">.<\/div>\n<div style=\"text-align: center;\"><a class=\"maxbutton-8 maxbutton maxbutton-konfransa-qeydiyyat\" target=\"_blank\" title=\"REGISTRATION FOR WORKSHOPS\" rel=\"noopener\" href=\"https:\/\/docs.google.com\/forms\/d\/1zHaApdHhfwvUzY7e3QG-9WdVBbQtXsc2ImtvP6CdcHY\/preview\"><span class='mb-text'>REGISTRATION FOR WORKSHOPS<\/span><\/a>\u00a0 <a class=\"maxbutton-10 maxbutton maxbutton-konfransa-qeydiyyat\" target=\"_blank\" title=\"TREYN\u0130NQL\u018fR\u018f QEYD\u0130YYAT\" rel=\"noopener\" href=\"https:\/\/docs.google.com\/forms\/d\/1zHaApdHhfwvUzY7e3QG-9WdVBbQtXsc2ImtvP6CdcHY\/preview\"><span class='mb-text'>TREYN\u0130NQL\u018fR\u018f QEYD\u0130YYAT<\/span><\/a><\/div>\n<div style=\"text-align: center;\">.<\/div>\n<div style=\"text-align: center;\"><a class=\"maxbutton-6 maxbutton maxbutton-payment-terms\" title=\"PAYMENT TERMS\" href=\"https:\/\/drive.google.com\/file\/d\/1sOzAQvWOrQHd33ZRD3yu5FWAE2RFVTYI\/view?usp=sharing\"><span class='mb-text'>PAYMENT TERMS<\/span><\/a>\u00a0 <a class=\"maxbutton-2 maxbutton maxbutton-odc999nis-cc999dvc999li\" title=\"\u00d6D\u018fN\u0130\u015e C\u018fDV\u018fL\u0130\" href=\"https:\/\/drive.google.com\/file\/d\/1sOzAQvWOrQHd33ZRD3yu5FWAE2RFVTYI\/view?usp=sharing\"><span class='mb-text'>\u00d6D\u018fN\u0130\u015e C\u018fDV\u018fL\u0130<\/span><\/a><\/div>\n<div><\/div>\n<p style=\"text-align: center;\">&#8212;&#8212;&#8212;&#8212;&#8212;&#8212;&#8212;-<\/p>\n<h3><\/h3>\n<div><\/div>\n<div style=\"text-align: justify;\">On May 7\u201310, 2026, in Baku, at the Holiday Inn Hotel, the following major international medical events will be held jointly:<\/div>\n<div><\/div>\n<div style=\"text-align: justify;\"><\/div>\n<div style=\"text-align: center;\"><strong>\u2022The 2nd Congress of the Azerbaijan Society of Minimally Invasive Surgeons,<\/strong><\/div>\n<div style=\"text-align: center;\"><strong>\u2022The 13th Eurasian Medical Congress,<\/strong><\/div>\n<div style=\"text-align: center;\"><strong>\u2022The 2nd Baku Conference of the Asian Endoscopic and Laparoscopic Surgeons Association (ELSA),<\/strong><\/div>\n<div style=\"text-align: center;\"><strong>\u2022The Baku Summit of the International Bariatric Club (IBC),<\/strong><\/div>\n<div style=\"text-align: center;\"><strong>\u2022The 3rd Congress of Surgical Nurses, and<\/strong><\/div>\n<div style=\"text-align: center;\"><strong>\u2022The 14th Baku International Medical Training Days.<\/strong><\/div>\n<div><\/div>\n<div><\/div>\n<div style=\"text-align: justify;\">Within the framework of the event, nearly 60 invited speakers and moderators from more than 30 countries will participate. The congress will cover a wide range of specialties, including general and laparoscopic surgery, gynecology, urology, radiology, gastroenterology, plastic and aesthetic surgery, otorhinolaryngology, and surgical nursing. Participants will have the opportunity to attend scientific lectures on the most advanced treatment strategies and technologies applied in leading clinics around the world.<\/div>\n<div><\/div>\n<div style=\"text-align: justify;\">In addition, more than 20 specialized medical training courses will be organized. These courses will include:<\/div>\n<div style=\"text-align: justify;\">\u2022robotic surgery training for gynecologists, surgeons, and urologists,<\/div>\n<div style=\"text-align: justify;\">\u2022plastic and aesthetic surgery courses,<\/div>\n<div style=\"text-align: justify;\">\u2022stapling technology courses,<\/div>\n<div style=\"text-align: justify;\">\u2022specialized courses for surgical nurses,<\/div>\n<div style=\"text-align: justify;\">\u2022electrosurgery training, and other practical programs,<\/div>\n<div style=\"text-align: justify;\">which will be conducted by internationally renowned experts from leading medical centers.<\/div>\n<div><\/div>\n<div style=\"text-align: justify;\">The two days prior to the congress will be dedicated to live surgery sessions and hands-on workshops, during which more than 30 live surgical procedures are planned to be performed. Furthermore, live surgeries carried out in Germany, Singapore, and India will be broadcast in real time to the congress halls<\/div>\n<div><\/div>\n<div style=\"text-align: justify;\">The congress will also host nearly 30 leading Azerbaijani specialists working in Germany and Turkey, who will participate in panel discussions, scientific debates, and moderation sessions together with their colleagues from Azerbaijan. These discussions will focus on improving the quality and standards of medical services in various fields within the country.<\/div>\n<div><\/div>\n<div style=\"text-align: justify;\">On the final day of the congress, May 10, 2026, a visit to the Karabakh region will be organized for a group of international guests and participants. As part of the visit, attendees will be introduced to the Karabakh University Clinical Center, and scientific lectures and workshops will be held for students, faculty members, and congress participants.<\/div>\n<div style=\"text-align: justify;\"><\/div>\n<div style=\"text-align: justify;\">The official closing ceremony of the congress will take place in the city of Shusha.<\/div>\n<div style=\"text-align: justify;\"><\/div>\n<div style=\"text-align: justify;\"><\/div>\n<div style=\"text-align: justify;\">&#8212;&#8212;&#8212;&#8212;&#8212;&#8212;&#8212;&#8212;&#8212;<\/div>\n<div style=\"text-align: justify;\"><img loading=\"lazy\" decoding=\"async\" class=\"aligncenter wp-image-4563 size-large\" src=\"http:\/\/amicc.az\/wp-content\/uploads\/2026\/02\/az-1018x720.png\" alt=\"\" width=\"1018\" height=\"720\" srcset=\"https:\/\/amicc.az\/wp-content\/uploads\/2026\/02\/az-1018x720.png 1018w, https:\/\/amicc.az\/wp-content\/uploads\/2026\/02\/az-271x192.png 271w, https:\/\/amicc.az\/wp-content\/uploads\/2026\/02\/az-232x164.png 232w, https:\/\/amicc.az\/wp-content\/uploads\/2026\/02\/az-768x543.png 768w, https:\/\/amicc.az\/wp-content\/uploads\/2026\/02\/az-1536x1087.png 1536w, https:\/\/amicc.az\/wp-content\/uploads\/2026\/02\/az-400x284.png 400w, https:\/\/amicc.az\/wp-content\/uploads\/2026\/02\/az-1080x764.png 1080w, https:\/\/amicc.az\/wp-content\/uploads\/2026\/02\/az.png 1600w\" sizes=\"(max-width: 1018px) 100vw, 1018px\" \/><\/div>\n<div style=\"text-align: justify;\">\n<p>7\u201310 may 2026-c\u0131 il tarixl\u0259rind\u0259 Bak\u0131da Az\u0259rbaycan Minimal \u0130nvaziv C\u0259rrahlar C\u0259miyy\u0259tinin II Milli Konqresi, XIII Avrasiya Tibb Konqresi, Asiya Endoskopik v\u0259 Laparoskopik C\u0259rrahlar C\u0259miyy\u0259tinin (ELSA) II Bak\u0131 Konfrans\u0131, Beyn\u0259lxalq Bariatrik Klubun (IBC) Bak\u0131 Sammiti, h\u0259m\u00e7inin C\u0259rrahiyy\u0259 \u00fczr\u0259 Tibb Bac\u0131lar\u0131n\u0131n III Konqresi v\u0259 XIV Bak\u0131 Beyn\u0259lxalq Tibbi Treninql\u0259r G\u00fcnl\u0259ri ke\u00e7iril\u0259c\u0259kdir.<\/p>\n<p>Konqresd\u0259n \u0259vv\u0259lki iki g\u00fcn canl\u0131 c\u0259rrahiyy\u0259 v\u0259 hands-on workshoplara h\u0259sr olunacaq v\u0259 bu \u00e7\u0259r\u00e7iv\u0259d\u0259 30-dan \u00e7ox canl\u0131 \u0259m\u0259liyyat\u0131n icras\u0131 planla\u015fd\u0131r\u0131l\u0131r. Eyni zamanda Almaniya, Sinqapur v\u0259 Hindistanda icra olunan \u0259m\u0259liyyatlar\u0131n birba\u015fa konqres zallar\u0131na canl\u0131 translyasiyas\u0131 n\u0259z\u0259rd\u0259 tutulur.<br \/>\nT\u0259dbir \u00e7\u0259r\u00e7iv\u0259sind\u0259 d\u00fcnyan\u0131n 30-dan \u00e7ox \u00f6lk\u0259sind\u0259n 60-a yax\u0131n d\u0259v\u0259tli m\u0259ruz\u0259\u00e7i v\u0259 moderator i\u015ftirak ed\u0259c\u0259kdir. Konqresd\u0259 \u00fcmumi v\u0259 laparoskopik c\u0259rrahiyy\u0259, ginekologiya, urologiya, radiologiya, qastroenterologiya, plastik v\u0259 estetik c\u0259rrahiyy\u0259, otorinolarinqologiya, c\u0259rrahiyy\u0259 \u00fczr\u0259 tibb bac\u0131l\u0131\u011f\u0131 v\u0259 dig\u0259r ixtisas sah\u0259l\u0259ri \u00fczr\u0259 d\u00fcnyan\u0131n apar\u0131c\u0131 klinikalar\u0131nda t\u0259tbiq olunan \u0259n m\u00fcasir m\u00fcalic\u0259 strategiyalar\u0131 v\u0259 texnologiyalar\u0131 haqq\u0131nda elmi m\u0259ruz\u0259l\u0259r t\u0259qdim olunacaqd\u0131r.<\/p>\n<p>Bununla yana\u015f\u0131, 20-d\u0259n \u00e7ox ixtisas \u00fczr\u0259 tibbi treninq kurslar\u0131 t\u0259\u015fkil edil\u0259c\u0259kdir. Bu kurslar \u00e7\u0259r\u00e7iv\u0259sind\u0259 ginekoloqlar, c\u0259rrahlar v\u0259 uroloqlar \u00fc\u00e7\u00fcn robotik c\u0259rrahiyy\u0259 kurslar\u0131, plastik v\u0259 estetik c\u0259rrahiyy\u0259 kurslar\u0131, stepler texnologiyalar\u0131 v\u0259 anastomoz kurslar\u0131, hernia kursu, tibb bac\u0131lar\u0131 \u00fc\u00e7\u00fcn ixtisasla\u015fm\u0131\u015f kurslar, elektroc\u0259rrahiyy\u0259 \u00fczr\u0259 treninql\u0259r v\u0259 dig\u0259r praktiki proqramlar d\u00fcnyan\u0131n apar\u0131c\u0131 klinikalar\u0131ndan d\u0259v\u0259t olunmu\u015f m\u00fct\u0259x\u0259ssisl\u0259r t\u0259r\u0259find\u0259n h\u0259yata ke\u00e7iril\u0259c\u0259kdir.<\/p>\n<p>Konqres \u00e7\u0259r\u00e7iv\u0259sind\u0259 Almaniya v\u0259 T\u00fcrkiy\u0259d\u0259 f\u0259aliyy\u0259t g\u00f6st\u0259r\u0259n 30-a yax\u0131n az\u0259rbaycanl\u0131 apar\u0131c\u0131 m\u00fct\u0259x\u0259ssisin d\u0259 t\u0259dbird\u0259 i\u015ftirak\u0131, Az\u0259rbaycanda \u00e7al\u0131\u015fan h\u0259mkarlar\u0131 il\u0259 birg\u0259 panel m\u00fczakir\u0259l\u0259ri, elmi diskussiyalar v\u0259 moderatorluqlar aparmas\u0131 planla\u015fd\u0131r\u0131l\u0131r.<br \/>\nKonqres Zaman\u0131 ELSA &#8211; n\u0131n d\u0259st\u0259yi il\u0259 minimal invaziv c\u0259rrahiyy\u0259 \u00fczr\u0259 \u00e7empionat\u0131n da ke\u00e7irilm\u0259si planla\u015fd\u0131r\u0131l\u0131r.<\/p>\n<p>Konqresin son g\u00fcn\u00fc \u2013 10 may 2026-c\u0131 il tarixind\u0259 xaricd\u0259n g\u0259lmi\u015f qonaqlar\u0131n v\u0259 i\u015ftirak\u00e7\u0131lar\u0131n bir hiss\u0259si \u00fc\u00e7\u00fcn Qaraba\u011f regionuna s\u0259f\u0259r t\u0259\u015fkil edil\u0259c\u0259kdir. S\u0259f\u0259r \u00e7\u0259r\u00e7iv\u0259sind\u0259 Qaraba\u011f Universitetinin Klinikas\u0131 il\u0259 tan\u0131\u015fl\u0131q, t\u0259l\u0259b\u0259 v\u0259 m\u00fc\u0259llim hey\u0259ti, el\u0259c\u0259 d\u0259 konqres i\u015ftirak\u00e7\u0131lar\u0131 \u00fc\u00e7\u00fcn elmi m\u0259ruz\u0259l\u0259r v\u0259 workshoplar ke\u00e7iril\u0259c\u0259kdir.<\/p>\n<p>T\u0259dbirin r\u0259smi ba\u011flan\u0131\u015f m\u0259rasimi \u015eu\u015fa \u015f\u0259h\u0259rind\u0259 ba\u015f tutacaqd\u0131r.<\/p>\n<\/div>\n<div style=\"text-align: justify;\"><\/div>\n<div style=\"text-align: justify;\">&#8212;&#8212;&#8212;&#8212;&#8212;&#8212;&#8212;&#8212;&#8212;<\/div>\n<div style=\"text-align: justify;\"><\/div>\n<div>\n<p style=\"text-align: justify;\">\u0421 7 \u043f\u043e 10 \u043c\u0430\u044f 2026 \u0433\u043e\u0434\u0430 \u0432 \u0411\u0430\u043a\u0443 \u043f\u0440\u043e\u0439\u0434\u0443\u0442 II \u041d\u0430\u0446\u0438\u043e\u043d\u0430\u043b\u044c\u043d\u044b\u0439 \u043a\u043e\u043d\u0433\u0440\u0435\u0441\u0441 \u0410\u0437\u0435\u0440\u0431\u0430\u0439\u0434\u0436\u0430\u043d\u0441\u043a\u043e\u0433\u043e \u043e\u0431\u0449\u0435\u0441\u0442\u0432\u0430 \u043c\u0430\u043b\u043e\u0438\u043d\u0432\u0430\u0437\u0438\u0432\u043d\u044b\u0445 \u0445\u0438\u0440\u0443\u0440\u0433\u043e\u0432, XIII \u0415\u0432\u0440\u0430\u0437\u0438\u0439\u0441\u043a\u0438\u0439 \u043c\u0435\u0434\u0438\u0446\u0438\u043d\u0441\u043a\u0438\u0439 \u043a\u043e\u043d\u0433\u0440\u0435\u0441\u0441, II \u0411\u0430\u043a\u0438\u043d\u0441\u043a\u0430\u044f \u043a\u043e\u043d\u0444\u0435\u0440\u0435\u043d\u0446\u0438\u044f \u0410\u0437\u0438\u0430\u0442\u0441\u043a\u043e\u0433\u043e \u043e\u0431\u0449\u0435\u0441\u0442\u0432\u0430 \u044d\u043d\u0434\u043e\u0441\u043a\u043e\u043f\u0438\u0447\u0435\u0441\u043a\u0438\u0445 \u0438 \u043b\u0430\u043f\u0430\u0440\u043e\u0441\u043a\u043e\u043f\u0438\u0447\u0435\u0441\u043a\u0438\u0445 \u0445\u0438\u0440\u0443\u0440\u0433\u043e\u0432 (ELSA), \u0411\u0430\u043a\u0438\u043d\u0441\u043a\u0438\u0439 \u0441\u0430\u043c\u043c\u0438\u0442 \u041c\u0435\u0436\u0434\u0443\u043d\u0430\u0440\u043e\u0434\u043d\u043e\u0433\u043e \u0431\u0430\u0440\u0438\u0430\u0442\u0440\u0438\u0447\u0435\u0441\u043a\u043e\u0433\u043e \u043a\u043b\u0443\u0431\u0430 (IBC), \u0430 \u0442\u0430\u043a\u0436\u0435 III \u041a\u043e\u043d\u0433\u0440\u0435\u0441\u0441 \u0445\u0438\u0440\u0443\u0440\u0433\u0438\u0447\u0435\u0441\u043a\u0438\u0445 \u043c\u0435\u0434\u0441\u0435\u0441\u0442\u0435\u0440 \u0438 XIV \u0411\u0430\u043a\u0438\u043d\u0441\u043a\u0438\u0435 \u043c\u0435\u0436\u0434\u0443\u043d\u0430\u0440\u043e\u0434\u043d\u044b\u0435 \u0434\u043d\u0438 \u043c\u0435\u0434\u0438\u0446\u0438\u043d\u0441\u043a\u043e\u0433\u043e \u043e\u0431\u0443\u0447\u0435\u043d\u0438\u044f.<\/p>\n<p style=\"text-align: justify;\">\u0414\u0432\u0430 \u0434\u043d\u044f, \u043f\u0440\u0435\u0434\u0448\u0435\u0441\u0442\u0432\u0443\u044e\u0449\u0438\u0435 \u043a\u043e\u043d\u0433\u0440\u0435\u0441\u0441\u0443, \u0431\u0443\u0434\u0443\u0442 \u043f\u043e\u0441\u0432\u044f\u0449\u0435\u043d\u044b \u043f\u0440\u043e\u0432\u0435\u0434\u0435\u043d\u0438\u044e \u043e\u043f\u0435\u0440\u0430\u0446\u0438\u0439 \u0432 \u043f\u0440\u044f\u043c\u043e\u043c \u044d\u0444\u0438\u0440\u0435 \u0438 \u043f\u0440\u0430\u043a\u0442\u0438\u0447\u0435\u0441\u043a\u0438\u043c \u043c\u0430\u0441\u0442\u0435\u0440-\u043a\u043b\u0430\u0441\u0441\u0430\u043c, \u0432 \u0440\u0430\u043c\u043a\u0430\u0445 \u043a\u043e\u0442\u043e\u0440\u044b\u0445 \u0437\u0430\u043f\u043b\u0430\u043d\u0438\u0440\u043e\u0432\u0430\u043d\u043e \u0431\u043e\u043b\u0435\u0435 30 \u043e\u043f\u0435\u0440\u0430\u0446\u0438\u0439. \u041e\u0434\u043d\u043e\u0432\u0440\u0435\u043c\u0435\u043d\u043d\u043e \u0441 \u044d\u0442\u0438\u043c \u0432 \u043a\u043e\u043d\u0433\u0440\u0435\u0441\u0441-\u0437\u0430\u043b\u044b \u0431\u0443\u0434\u0443\u0442 \u0442\u0440\u0430\u043d\u0441\u043b\u0438\u0440\u043e\u0432\u0430\u0442\u044c\u0441\u044f \u0432 \u043f\u0440\u044f\u043c\u043e\u043c \u044d\u0444\u0438\u0440\u0435 \u043e\u043f\u0435\u0440\u0430\u0446\u0438\u0438, \u043f\u0440\u043e\u0432\u0435\u0434\u0435\u043d\u043d\u044b\u0435 \u0432 \u0413\u0435\u0440\u043c\u0430\u043d\u0438\u0438, \u0421\u0438\u043d\u0433\u0430\u043f\u0443\u0440\u0435 \u0438 \u0418\u043d\u0434\u0438\u0438.<br \/>\n\u0412 \u043c\u0435\u0440\u043e\u043f\u0440\u0438\u044f\u0442\u0438\u0438 \u043f\u0440\u0438\u043c\u0443\u0442 \u0443\u0447\u0430\u0441\u0442\u0438\u0435 \u043e\u043a\u043e\u043b\u043e 60 \u043f\u0440\u0438\u0433\u043b\u0430\u0448\u0435\u043d\u043d\u044b\u0445 \u0434\u043e\u043a\u043b\u0430\u0434\u0447\u0438\u043a\u043e\u0432 \u0438 \u043c\u043e\u0434\u0435\u0440\u0430\u0442\u043e\u0440\u043e\u0432 \u0438\u0437 \u0431\u043e\u043b\u0435\u0435 \u0447\u0435\u043c 30 \u0441\u0442\u0440\u0430\u043d \u043c\u0438\u0440\u0430. \u041d\u0430 \u043a\u043e\u043d\u0433\u0440\u0435\u0441\u0441\u0435 \u0431\u0443\u0434\u0443\u0442 \u043f\u0440\u0435\u0434\u0441\u0442\u0430\u0432\u043b\u0435\u043d\u044b \u043d\u0430\u0443\u0447\u043d\u044b\u0435 \u0434\u043e\u043a\u043b\u0430\u0434\u044b \u043e \u0441\u0430\u043c\u044b\u0445 \u0441\u043e\u0432\u0440\u0435\u043c\u0435\u043d\u043d\u044b\u0445 \u0441\u0442\u0440\u0430\u0442\u0435\u0433\u0438\u044f\u0445 \u043b\u0435\u0447\u0435\u043d\u0438\u044f \u0438 \u0442\u0435\u0445\u043d\u043e\u043b\u043e\u0433\u0438\u044f\u0445, \u043f\u0440\u0438\u043c\u0435\u043d\u044f\u0435\u043c\u044b\u0445 \u0432 \u0432\u0435\u0434\u0443\u0449\u0438\u0445 \u043c\u0438\u0440\u043e\u0432\u044b\u0445 \u043a\u043b\u0438\u043d\u0438\u043a\u0430\u0445 \u043e\u0431\u0449\u0435\u0439 \u0438 \u043b\u0430\u043f\u0430\u0440\u043e\u0441\u043a\u043e\u043f\u0438\u0447\u0435\u0441\u043a\u043e\u0439 \u0445\u0438\u0440\u0443\u0440\u0433\u0438\u0438, \u0433\u0438\u043d\u0435\u043a\u043e\u043b\u043e\u0433\u0438\u0438, \u0443\u0440\u043e\u043b\u043e\u0433\u0438\u0438, \u0440\u0430\u0434\u0438\u043e\u043b\u043e\u0433\u0438\u0438, \u0433\u0430\u0441\u0442\u0440\u043e\u044d\u043d\u0442\u0435\u0440\u043e\u043b\u043e\u0433\u0438\u0438, \u043f\u043b\u0430\u0441\u0442\u0438\u0447\u0435\u0441\u043a\u043e\u0439 \u0438 \u044d\u0441\u0442\u0435\u0442\u0438\u0447\u0435\u0441\u043a\u043e\u0439 \u0445\u0438\u0440\u0443\u0440\u0433\u0438\u0438, \u043e\u0442\u043e\u043b\u0430\u0440\u0438\u043d\u0433\u043e\u043b\u043e\u0433\u0438\u0438, \u0445\u0438\u0440\u0443\u0440\u0433\u0438\u0447\u0435\u0441\u043a\u043e\u0439 \u0441\u0435\u0441\u0442\u0440\u0438\u043d\u0441\u043a\u043e\u0439 \u043f\u0440\u0430\u043a\u0442\u0438\u043a\u0435 \u0438 \u0434\u0440\u0443\u0433\u0438\u0445 \u0441\u043f\u0435\u0446\u0438\u0430\u043b\u044c\u043d\u043e\u0441\u0442\u044f\u0445.<\/p>\n<p style=\"text-align: justify;\">\u041a\u0440\u043e\u043c\u0435 \u0442\u043e\u0433\u043e, \u0431\u0443\u0434\u0443\u0442 \u043e\u0440\u0433\u0430\u043d\u0438\u0437\u043e\u0432\u0430\u043d\u044b \u043a\u0443\u0440\u0441\u044b \u043f\u043e\u0432\u044b\u0448\u0435\u043d\u0438\u044f \u043a\u0432\u0430\u043b\u0438\u0444\u0438\u043a\u0430\u0446\u0438\u0438 \u043f\u043e \u0431\u043e\u043b\u0435\u0435 \u0447\u0435\u043c 20 \u0441\u043f\u0435\u0446\u0438\u0430\u043b\u044c\u043d\u043e\u0441\u0442\u044f\u043c. \u0412 \u0440\u0430\u043c\u043a\u0430\u0445 \u044d\u0442\u0438\u0445 \u043a\u0443\u0440\u0441\u043e\u0432 \u0431\u0443\u0434\u0443\u0442 \u043f\u0440\u043e\u0432\u0435\u0434\u0435\u043d\u044b \u043a\u0443\u0440\u0441\u044b \u043f\u043e \u0440\u043e\u0431\u043e\u0442\u0438\u0437\u0438\u0440\u043e\u0432\u0430\u043d\u043d\u043e\u0439 \u0445\u0438\u0440\u0443\u0440\u0433\u0438\u0438 \u0434\u043b\u044f \u0433\u0438\u043d\u0435\u043a\u043e\u043b\u043e\u0433\u043e\u0432, \u0445\u0438\u0440\u0443\u0440\u0433\u043e\u0432 \u0438 \u0443\u0440\u043e\u043b\u043e\u0433\u043e\u0432, \u043a\u0443\u0440\u0441\u044b \u043f\u043e \u043f\u043b\u0430\u0441\u0442\u0438\u0447\u0435\u0441\u043a\u043e\u0439 \u0438 \u044d\u0441\u0442\u0435\u0442\u0438\u0447\u0435\u0441\u043a\u043e\u0439 \u0445\u0438\u0440\u0443\u0440\u0433\u0438\u0438, \u043a\u0443\u0440\u0441\u044b \u043f\u043e \u0442\u0435\u0445\u043d\u043e\u043b\u043e\u0433\u0438\u044f\u043c \u0441\u0442\u0435\u043f\u043b\u0438\u0440\u043e\u0432\u0430\u043d\u0438\u044f \u0438 \u0430\u043d\u0430\u0441\u0442\u043e\u043c\u043e\u0437\u0430\u043c, \u043a\u0443\u0440\u0441\u044b \u043f\u043e \u0433\u0440\u044b\u0436\u0435\u0441\u0435\u0447\u0435\u043d\u0438\u044e, \u0441\u043f\u0435\u0446\u0438\u0430\u043b\u0438\u0437\u0438\u0440\u043e\u0432\u0430\u043d\u043d\u044b\u0435 \u043a\u0443\u0440\u0441\u044b \u0434\u043b\u044f \u043c\u0435\u0434\u0441\u0435\u0441\u0442\u0435\u0440, \u043e\u0431\u0443\u0447\u0435\u043d\u0438\u0435 \u044d\u043b\u0435\u043a\u0442\u0440\u043e\u0445\u0438\u0440\u0443\u0440\u0433\u0438\u0438 \u0438 \u0434\u0440\u0443\u0433\u0438\u0435 \u043f\u0440\u0430\u043a\u0442\u0438\u0447\u0435\u0441\u043a\u0438\u0435 \u043f\u0440\u043e\u0433\u0440\u0430\u043c\u043c\u044b, \u043f\u0440\u043e\u0432\u043e\u0434\u0438\u043c\u044b\u0435 \u043f\u0440\u0438\u0433\u043b\u0430\u0448\u0435\u043d\u043d\u044b\u043c\u0438 \u044d\u043a\u0441\u043f\u0435\u0440\u0442\u0430\u043c\u0438 \u0438\u0437 \u0432\u0435\u0434\u0443\u0449\u0438\u0445 \u043a\u043b\u0438\u043d\u0438\u043a \u043c\u0438\u0440\u0430.<\/p>\n<p style=\"text-align: justify;\">\u041f\u043b\u0430\u043d\u0438\u0440\u0443\u0435\u0442\u0441\u044f, \u0447\u0442\u043e \u0432 \u043c\u0435\u0440\u043e\u043f\u0440\u0438\u044f\u0442\u0438\u0438 \u043f\u0440\u0438\u043c\u0443\u0442 \u0443\u0447\u0430\u0441\u0442\u0438\u0435 \u043e\u043a\u043e\u043b\u043e 30 \u0432\u0435\u0434\u0443\u0449\u0438\u0445 \u0430\u0437\u0435\u0440\u0431\u0430\u0439\u0434\u0436\u0430\u043d\u0441\u043a\u0438\u0445 \u0441\u043f\u0435\u0446\u0438\u0430\u043b\u0438\u0441\u0442\u043e\u0432, \u0440\u0430\u0431\u043e\u0442\u0430\u044e\u0449\u0438\u0445 \u0432 \u0413\u0435\u0440\u043c\u0430\u043d\u0438\u0438 \u0438 \u0422\u0443\u0440\u0446\u0438\u0438, \u043a\u043e\u0442\u043e\u0440\u044b\u0435 \u043f\u0440\u043e\u0432\u0435\u0434\u0443\u0442 \u043f\u0430\u043d\u0435\u043b\u044c\u043d\u044b\u0435 \u0434\u0438\u0441\u043a\u0443\u0441\u0441\u0438\u0438, \u043d\u0430\u0443\u0447\u043d\u044b\u0435 \u043e\u0431\u0441\u0443\u0436\u0434\u0435\u043d\u0438\u044f \u0438 \u043c\u043e\u0434\u0435\u0440\u0430\u0446\u0438\u044e \u0441\u043e \u0441\u0432\u043e\u0438\u043c\u0438 \u043a\u043e\u043b\u043b\u0435\u0433\u0430\u043c\u0438 \u0438\u0437 \u0410\u0437\u0435\u0440\u0431\u0430\u0439\u0434\u0436\u0430\u043d\u0430.<\/p>\n<p style=\"text-align: justify;\">\u0412 \u0445\u043e\u0434\u0435 \u043a\u043e\u043d\u0433\u0440\u0435\u0441\u0441\u0430 \u0442\u0430\u043a\u0436\u0435 \u0437\u0430\u043f\u043b\u0430\u043d\u0438\u0440\u043e\u0432\u0430\u043d \u0447\u0435\u043c\u043f\u0438\u043e\u043d\u0430\u0442 \u043f\u043e \u043c\u0430\u043b\u043e\u0438\u043d\u0432\u0430\u0437\u0438\u0432\u043d\u043e\u0439 \u0445\u0438\u0440\u0443\u0440\u0433\u0438\u0438 \u043f\u0440\u0438 \u043f\u043e\u0434\u0434\u0435\u0440\u0436\u043a\u0435 ELSA.<\/p>\n<p style=\"text-align: justify;\">\u0412 \u0437\u0430\u043a\u043b\u044e\u0447\u0438\u0442\u0435\u043b\u044c\u043d\u044b\u0439 \u0434\u0435\u043d\u044c \u043a\u043e\u043d\u0433\u0440\u0435\u0441\u0441\u0430 \u2013 10 \u043c\u0430\u044f 2026 \u0433\u043e\u0434\u0430 \u2013 \u0434\u043b\u044f \u043d\u0435\u043a\u043e\u0442\u043e\u0440\u044b\u0445 \u0433\u043e\u0441\u0442\u0435\u0439 \u0438 \u0443\u0447\u0430\u0441\u0442\u043d\u0438\u043a\u043e\u0432 \u0438\u0437-\u0437\u0430 \u0440\u0443\u0431\u0435\u0436\u0430 \u0431\u0443\u0434\u0435\u0442 \u043e\u0440\u0433\u0430\u043d\u0438\u0437\u043e\u0432\u0430\u043d\u0430 \u043f\u043e\u0435\u0437\u0434\u043a\u0430 \u0432 \u041a\u0430\u0440\u0430\u0431\u0430\u0445\u0441\u043a\u0438\u0439 \u0440\u0435\u0433\u0438\u043e\u043d. \u0412 \u0440\u0430\u043c\u043a\u0430\u0445 \u0432\u0438\u0437\u0438\u0442\u0430 \u0441\u043e\u0441\u0442\u043e\u0438\u0442\u0441\u044f \u0437\u043d\u0430\u043a\u043e\u043c\u0441\u0442\u0432\u043e \u0441\u043e \u043a\u043b\u0438\u043d\u0438\u043a\u043e\u0439 \u041a\u0430\u0440\u0430\u0431\u0430\u0445\u0441\u043a\u043e\u0433\u043e \u0443\u043d\u0438\u0432\u0435\u0440\u0441\u0438\u0442\u0435\u0442\u0430, \u043d\u0430\u0443\u0447\u043d\u044b\u0435 \u0434\u043e\u043a\u043b\u0430\u0434\u044b \u0438 \u043c\u0430\u0441\u0442\u0435\u0440-\u043a\u043b\u0430\u0441\u0441\u044b \u0434\u043b\u044f \u0441\u0442\u0443\u0434\u0435\u043d\u0442\u043e\u0432 \u0438 \u043f\u0440\u0435\u043f\u043e\u0434\u0430\u0432\u0430\u0442\u0435\u043b\u0435\u0439, \u0430 \u0442\u0430\u043a\u0436\u0435 \u0443\u0447\u0430\u0441\u0442\u043d\u0438\u043a\u043e\u0432 \u043a\u043e\u043d\u0433\u0440\u0435\u0441\u0441\u0430.<\/p>\n<p style=\"text-align: justify;\">\u041e\u0444\u0438\u0446\u0438\u0430\u043b\u044c\u043d\u0430\u044f \u0446\u0435\u0440\u0435\u043c\u043e\u043d\u0438\u044f \u0437\u0430\u043a\u0440\u044b\u0442\u0438\u044f \u043c\u0435\u0440\u043e\u043f\u0440\u0438\u044f\u0442\u0438\u044f \u0441\u043e\u0441\u0442\u043e\u0438\u0442\u0441\u044f \u0432 \u0428\u0443\u0448\u0435.<\/p>\n<\/div>\n","protected":false},"excerpt":{"rendered":"<p>&#8212;&#8212;&#8212;&#8212;&#8212;&#8212;&#8212;- \u00a0 . \u00a0 . \u00a0\u00a0 . \u00a0 . \u00a0 &#8212;&#8212;&#8212;&#8212;&#8212;&#8212;&#8212;- On May 7\u201310, 2026, in Baku, at the Holiday Inn Hotel, the following major international medical events will be held jointly: \u2022The 2nd Congress of the Azerbaijan Society of Minimally Invasive Surgeons, \u2022The 13th Eurasian Medical Congress, \u2022The 2nd Baku Conference of the Asian [&hellip;]<\/p>\n","protected":false},"author":1,"featured_media":0,"parent":0,"menu_order":0,"comment_status":"closed","ping_status":"closed","template":"","meta":{"ngg_post_thumbnail":0,"footnotes":""},"_links":{"self":[{"href":"https:\/\/amicc.az\/index.php?rest_route=\/wp\/v2\/pages\/10"}],"collection":[{"href":"https:\/\/amicc.az\/index.php?rest_route=\/wp\/v2\/pages"}],"about":[{"href":"https:\/\/amicc.az\/index.php?rest_route=\/wp\/v2\/types\/page"}],"author":[{"embeddable":true,"href":"https:\/\/amicc.az\/index.php?rest_route=\/wp\/v2\/users\/1"}],"replies":[{"embeddable":true,"href":"https:\/\/amicc.az\/index.php?rest_route=%2Fwp%2Fv2%2Fcomments&post=10"}],"version-history":[{"count":256,"href":"https:\/\/amicc.az\/index.php?rest_route=\/wp\/v2\/pages\/10\/revisions"}],"predecessor-version":[{"id":4594,"href":"https:\/\/amicc.az\/index.php?rest_route=\/wp\/v2\/pages\/10\/revisions\/4594"}],"wp:attachment":[{"href":"https:\/\/amicc.az\/index.php?rest_route=%2Fwp%2Fv2%2Fmedia&parent=10"}],"curies":[{"name":"wp","href":"https:\/\/api.w.org\/{rel}","templated":true}]}}